{"id":29931,"date":"2025-02-20T23:31:33","date_gmt":"2025-02-20T22:31:33","guid":{"rendered":"http:\/\/olemosaic.com\/producto\/cucharon-de-ceramica-gallos-blanco\/"},"modified":"2025-07-25T19:18:57","modified_gmt":"2025-07-25T17:18:57","slug":"louche-en-ceramique-coqs-blanc","status":"publish","type":"product","link":"https:\/\/olemosaic.com\/fr\/produit\/louche-en-ceramique-coqs-blanc\/","title":{"rendered":"Louche en c\u00e9ramique. Coqs. Blanc"},"content":{"rendered":"<p>Cette louche en c\u00e9ramique blanche est une pi\u00e8ce vibrante, d\u00e9cor\u00e9e d&rsquo;une illustration de coq qui capture l&rsquo;essence du folklore espagnol. Son design, peint \u00e0 la main, se distingue non seulement par la vivacit\u00e9 de ses couleurs, mais aussi par les d\u00e9tails complexes qui l&rsquo;ornent : des fleurs stylis\u00e9es dans des tons rouges, noirs et bleus qui animent le fond blanch\u00e2tre de la louche. La figure du coq, symbole de la culture espagnole, s&rsquo;affiche fi\u00e8rement et avec caract\u00e8re, rehauss\u00e9e par des motifs de lignes et de points qui renforcent son attrait esth\u00e9tique.<\/p>\n<p>Cette louche n&rsquo;est pas seulement un ustensile fonctionnel en cuisine, mais aussi un \u00e9l\u00e9ment d\u00e9coratif qui se distinguera sur n&rsquo;importe quelle table. Sa forme ergonomique facilite son utilisation dans la pr\u00e9paration de plats d\u00e9licieux, tandis que son design artistique devient le centre d&rsquo;attention lors de la pr\u00e9sentation du repas. L&rsquo;authenticit\u00e9 de ce produit refl\u00e8te la riche tradition artisanale de l&rsquo;Espagne, en faisant un souvenir repr\u00e9sentatif que tout voyageur appr\u00e9ciera.<\/p>\n<p>Chez Ol\u00e9 Mosaic, nous nous sp\u00e9cialisons dans la distribution en gros de souvenirs de haute qualit\u00e9, et cette louche en c\u00e9ramique est une excellente option pour les boutiques de cadeaux touristiques recherchant des articles authentiques et ancr\u00e9s culturellement. Ce souvenir du folklore espagnol est parfait pour les amateurs de cuisine et de culture, ajoutant une touche unique et color\u00e9e \u00e0 leurs foyers.<\/p>\n","protected":false},"excerpt":{"rendered":"<p>Louche en c\u00e9ramique blanche d\u00e9cor\u00e9e d&rsquo;une illustration vibrante de coq, repr\u00e9sentative du folklore espagnol. Cet ustensile de cuisine attrayant se distingue par son design artisanal, peint \u00e0 la main, orn\u00e9 de d\u00e9tails en rouge, noir et bleu, et de fleurs stylis\u00e9es entourant le coq. Sa forme ergonomique et la qualit\u00e9 de la c\u00e9ramique en font un \u00e9l\u00e9ment fonctionnel et d\u00e9coratif, id\u00e9al pour sublimer n&rsquo;importe quelle table. Parfait pour les amateurs de cuisine et de culture espagnole.<\/p>\n","protected":false},"featured_media":8888,"template":"","meta":{"_acf_changed":false},"product_brand":[],"product_cat":[798],"product_tag":[530,585],"class_list":{"0":"post-29931","1":"product","2":"type-product","3":"status-publish","4":"has-post-thumbnail","6":"product_cat-louches","7":"product_tag-animaux","8":"product_tag-ceramique","9":"pa_motivo-coqs","11":"first","12":"instock","13":"shipping-taxable","14":"product-type-simple"},"acf":[],"_links":{"self":[{"href":"https:\/\/olemosaic.com\/fr\/wp-json\/wp\/v2\/product\/29931","targetHints":{"allow":["GET"]}}],"collection":[{"href":"https:\/\/olemosaic.com\/fr\/wp-json\/wp\/v2\/product"}],"about":[{"href":"https:\/\/olemosaic.com\/fr\/wp-json\/wp\/v2\/types\/product"}],"wp:featuredmedia":[{"embeddable":true,"href":"https:\/\/olemosaic.com\/fr\/wp-json\/wp\/v2\/media\/8888"}],"wp:attachment":[{"href":"https:\/\/olemosaic.com\/fr\/wp-json\/wp\/v2\/media?parent=29931"}],"wp:term":[{"taxonomy":"product_brand","embeddable":true,"href":"https:\/\/olemosaic.com\/fr\/wp-json\/wp\/v2\/product_brand?post=29931"},{"taxonomy":"product_cat","embeddable":true,"href":"https:\/\/olemosaic.com\/fr\/wp-json\/wp\/v2\/product_cat?post=29931"},{"taxonomy":"product_tag","embeddable":true,"href":"https:\/\/olemosaic.com\/fr\/wp-json\/wp\/v2\/product_tag?post=29931"}],"curies":[{"name":"wp","href":"https:\/\/api.w.org\/{rel}","templated":true}]}}