{"id":29930,"date":"2025-02-20T23:31:32","date_gmt":"2025-02-20T22:31:32","guid":{"rendered":"http:\/\/olemosaic.com\/producto\/cucharon-de-ceramica-madrid-blanco\/"},"modified":"2025-07-25T19:20:07","modified_gmt":"2025-07-25T17:20:07","slug":"louche-en-ceramique-madrid-blanc","status":"publish","type":"product","link":"https:\/\/olemosaic.com\/fr\/produit\/louche-en-ceramique-madrid-blanc\/","title":{"rendered":"Louche en c\u00e9ramique. Madrid. Blanc"},"content":{"rendered":"<p>Cette louche en c\u00e9ramique blanche, d\u00e9cor\u00e9e d&rsquo;illustrations vibrantes, est un authentique souvenir de Madrid qui capture l&rsquo;essence et le folklore de la capitale espagnole. Avec un design peint \u00e0 la main, la louche pr\u00e9sente une repr\u00e9sentation d\u00e9taill\u00e9e de l&#8217;embl\u00e9matique Plaza Mayor, l&rsquo;un des points n\u00e9vralgiques de la vie madril\u00e8ne. Les couleurs vives et le style charmant des sc\u00e8nes urbaines, incluant des activit\u00e9s typiques et des personnages caract\u00e9ristiques, cr\u00e9e une atmosph\u00e8re festive qui \u00e9voque les traditions de cette ville vibrante.<\/p>\n<p>Le nom \u00ab\u00a0MADRID\u00a0\u00bb est \u00e9l\u00e9gamment inscrit en lettres brillantes, offrant un contraste parfait avec le fond blanc de la louche. Ce d\u00e9tail souligne non seulement le lien culturel avec la ville, mais apporte \u00e9galement une touche de modernit\u00e9 et de joie \u00e0 l&rsquo;objet. La c\u00e9ramique blanche, en plus d&rsquo;\u00eatre visuellement attrayante, garantit la durabilit\u00e9, faisant de cette louche un choix id\u00e9al tant pour l&rsquo;utilisation en cuisine que pour la d\u00e9coration.<\/p>\n<p>Chez Ol\u00e9 Mosaic, nous comprenons l&rsquo;importance de proposer des souvenirs repr\u00e9sentatifs qui connectent les touristes au riche h\u00e9ritage culturel de l&rsquo;Espagne. Cette louche n&rsquo;est pas seulement un ustensile pratique, mais un symbole de la chaleur et de l&rsquo;hospitalit\u00e9 madril\u00e8ne. Parfaite pour les boutiques de cadeaux touristiques, elle repr\u00e9sente une excellente option pour ceux qui recherchent des souvenirs authentiques qui transcendent le simple d\u00e9coratif. En tant que distributeurs de souvenirs, nous garantissons la qualit\u00e9 et la singularit\u00e9 de chaque pi\u00e8ce, faisant de cette louche un \u00e9l\u00e9ment phare de tout \u00e9tablissement.<\/p>\n","protected":false},"excerpt":{"rendered":"<p>Louche en c\u00e9ramique blanche d\u00e9cor\u00e9e d&rsquo;illustrations vibrantes de Madrid, incluant des sc\u00e8nes de la c\u00e9l\u00e8bre Plaza Mayor. Cet ustensile frappant, de conception artisanale, peint \u00e0 la main, pr\u00e9sente des d\u00e9tails color\u00e9s repr\u00e9sentant la vie et le folklore madril\u00e8nes, cr\u00e9ant une atmosph\u00e8re festive. Le design inclut \u00e9galement le nom \u00ab\u00a0MADRID\u00a0\u00bb en lettres brillantes, contrastant avec le fond blanc, ce qui en fait un souvenir parfait pour se rappeler l&rsquo;essence de la capitale espagnole.<\/p>\n","protected":false},"featured_media":9955,"template":"","meta":{"_acf_changed":false},"product_brand":[],"product_cat":[798],"product_tag":[585],"class_list":{"0":"post-29930","1":"product","2":"type-product","3":"status-publish","4":"has-post-thumbnail","6":"product_cat-louches","7":"product_tag-ceramique","8":"pa_ciudad-madrid","9":"pa_pais-espana","11":"first","12":"instock","13":"shipping-taxable","14":"product-type-simple"},"acf":[],"_links":{"self":[{"href":"https:\/\/olemosaic.com\/fr\/wp-json\/wp\/v2\/product\/29930","targetHints":{"allow":["GET"]}}],"collection":[{"href":"https:\/\/olemosaic.com\/fr\/wp-json\/wp\/v2\/product"}],"about":[{"href":"https:\/\/olemosaic.com\/fr\/wp-json\/wp\/v2\/types\/product"}],"wp:featuredmedia":[{"embeddable":true,"href":"https:\/\/olemosaic.com\/fr\/wp-json\/wp\/v2\/media\/9955"}],"wp:attachment":[{"href":"https:\/\/olemosaic.com\/fr\/wp-json\/wp\/v2\/media?parent=29930"}],"wp:term":[{"taxonomy":"product_brand","embeddable":true,"href":"https:\/\/olemosaic.com\/fr\/wp-json\/wp\/v2\/product_brand?post=29930"},{"taxonomy":"product_cat","embeddable":true,"href":"https:\/\/olemosaic.com\/fr\/wp-json\/wp\/v2\/product_cat?post=29930"},{"taxonomy":"product_tag","embeddable":true,"href":"https:\/\/olemosaic.com\/fr\/wp-json\/wp\/v2\/product_tag?post=29930"}],"curies":[{"name":"wp","href":"https:\/\/api.w.org\/{rel}","templated":true}]}}