{"id":29929,"date":"2025-02-20T23:31:32","date_gmt":"2025-02-20T22:31:32","guid":{"rendered":"http:\/\/olemosaic.com\/producto\/libreta-de-80-hojas-salamandra-lanzarote-2\/"},"modified":"2025-07-25T18:46:19","modified_gmt":"2025-07-25T16:46:19","slug":"carnet-80-feuilles-salamandre-lanzarote-2","status":"publish","type":"product","link":"https:\/\/olemosaic.com\/fr\/produit\/carnet-80-feuilles-salamandre-lanzarote-2\/","title":{"rendered":"Carnet de 80 feuilles. Salamandre. Lanzarote. Canaries."},"content":{"rendered":"<p>Ce carnet d\u00e9coratif repr\u00e9sente l&rsquo;essence vibrante de Lanzarote et constitue un souvenir id\u00e9al pour ceux qui visitent l&rsquo;\u00eele. Le carnet, de 80 feuilles, pr\u00e9sente un design joyeux et color\u00e9 avec une salamandre au centre, symbole caract\u00e9ristique de la faune canarienne. La salamandre est orn\u00e9e d&rsquo;une mosa\u00efque comprenant des tons intenses de rouge, bleu et vert, capturant la beaut\u00e9 naturelle du paysage volcanique de Lanzarote. Le fond, \u00e9voquant le c\u00e9l\u00e8bre trencad\u00eds, une technique de c\u00e9ramique r\u00e9gionale, offre une texture visuelle fascinante qui souligne l&rsquo;artisanat local.<\/p>\n<p>De plus, ce carnet comprend un \u00e9lastique rouge pratique pour assurer sa fermeture, ce qui le rend parfait pour emporter des id\u00e9es, des notes ou des croquis partout. Ce souvenir n&rsquo;est pas seulement fonctionnel, mais aussi un hommage \u00e0 la riche culture canarienne, rappelant aux touristes la singularit\u00e9 de l&rsquo;\u00eele. Chez Ol\u00e9 Mosaic, nous proposons ce souvenir et d&rsquo;autres articles authentiques refl\u00e9tant l&rsquo;art et la tradition des \u00eeles Canaries, en faisant une excellente option pour les boutiques de cadeaux touristiques. Le carnet salamandre est un cadeau charmant qui \u00e9voque les souvenirs de vacances inoubliables \u00e0 Lanzarote.<\/p>\n","protected":false},"excerpt":{"rendered":"<p>Carnet de 80 feuilles d\u00e9cor\u00e9 d&rsquo;une salamandre color\u00e9e, repr\u00e9sentative de Lanzarote. Son design vibrant inclut des \u00e9l\u00e9ments floraux dans des tons rouges, bleus et verts sur un fond \u00e9voquant le c\u00e9l\u00e8bre trencad\u00eds de l&rsquo;\u00eele. Ce carnet dispose d&rsquo;un \u00e9lastique rouge pratique pour le fermer, id\u00e9al pour transporter vos id\u00e9es et vos notes. Un souvenir parfait qui capture l&rsquo;essence de l&rsquo;art canarien et la beaut\u00e9 naturelle de Lanzarote.<\/p>\n","protected":false},"featured_media":12010,"template":"","meta":{"_acf_changed":false},"product_brand":[],"product_cat":[806],"product_tag":[530],"class_list":{"0":"post-29929","1":"product","2":"type-product","3":"status-publish","4":"has-post-thumbnail","6":"product_cat-carnets","7":"product_tag-animaux","8":"pa_ciudad-lanzarote","9":"pa_motivo-salamandres","10":"pa_pais-espana","12":"first","13":"instock","14":"shipping-taxable","15":"product-type-simple"},"acf":[],"_links":{"self":[{"href":"https:\/\/olemosaic.com\/fr\/wp-json\/wp\/v2\/product\/29929","targetHints":{"allow":["GET"]}}],"collection":[{"href":"https:\/\/olemosaic.com\/fr\/wp-json\/wp\/v2\/product"}],"about":[{"href":"https:\/\/olemosaic.com\/fr\/wp-json\/wp\/v2\/types\/product"}],"wp:featuredmedia":[{"embeddable":true,"href":"https:\/\/olemosaic.com\/fr\/wp-json\/wp\/v2\/media\/12010"}],"wp:attachment":[{"href":"https:\/\/olemosaic.com\/fr\/wp-json\/wp\/v2\/media?parent=29929"}],"wp:term":[{"taxonomy":"product_brand","embeddable":true,"href":"https:\/\/olemosaic.com\/fr\/wp-json\/wp\/v2\/product_brand?post=29929"},{"taxonomy":"product_cat","embeddable":true,"href":"https:\/\/olemosaic.com\/fr\/wp-json\/wp\/v2\/product_cat?post=29929"},{"taxonomy":"product_tag","embeddable":true,"href":"https:\/\/olemosaic.com\/fr\/wp-json\/wp\/v2\/product_tag?post=29929"}],"curies":[{"name":"wp","href":"https:\/\/api.w.org\/{rel}","templated":true}]}}