{"id":29927,"date":"2025-02-20T22:31:32","date_gmt":"2025-02-20T22:31:32","guid":{"rendered":"http:\/\/olemosaic.com\/producto\/cortador-de-ceramica-santiago\/"},"modified":"2025-07-25T18:35:10","modified_gmt":"2025-07-25T16:35:10","slug":"coupe-pizza-ceramique-saint-jacques-de-compostelle","status":"publish","type":"product","link":"https:\/\/olemosaic.com\/fr\/produit\/coupe-pizza-ceramique-saint-jacques-de-compostelle\/","title":{"rendered":"Coupe-pizza en c\u00e9ramique. Saint-Jacques-de-Compostelle."},"content":{"rendered":"<p>Ce coupe-pizza en c\u00e9ramique, inspir\u00e9 du c\u00e9l\u00e8bre Chemin de Saint-Jacques, est une pi\u00e8ce unique alliant fonctionnalit\u00e9 et art, parfaite pour ceux qui souhaitent emporter un souvenir authentique et repr\u00e9sentatif de Saint-Jacques-de-Compostelle. L&rsquo;illustration centrale color\u00e9e met en avant l&rsquo;iconique Palais de Rajoy, dont l&rsquo;architecture est mise en valeur par des tons vifs de jaune, rouge et vert \u00e9voquant la richesse culturelle et artistique de la ville. Autour, des \u00e9l\u00e9ments embl\u00e9matiques tels que la coquille Saint-Jacques et un p\u00e8lerin avec son b\u00e2ton ajoutent une touche d&rsquo;histoire et de nostalgie \u00e0 cet ustensile de cuisine.<\/p>\n<p>Le design du coupe-pizza simule le trencad\u00eds, une technique de mosa\u00efque tr\u00e8s pris\u00e9e dans l&rsquo;art espagnol, qui apporte un caract\u00e8re vibrant et contemporain \u00e0 l&rsquo;objet. Ce coupe-pizza n&rsquo;est pas seulement un outil utile pour les amateurs de gastronomie, mais il devient aussi un v\u00e9ritable souvenir qui raconte l&rsquo;exp\u00e9rience unique du Chemin de Saint-Jacques et son patrimoine.<\/p>\n<p>Chez Ol\u00e9 Mosaic, nous nous engageons pour l&rsquo;authenticit\u00e9 et la qualit\u00e9 de nos produits. Ce coupe-pizza en c\u00e9ramique est un excellent choix pour les boutiques de souvenirs touristiques \u00e0 la recherche d&rsquo;articles de Saint-Jacques refl\u00e9tant l&rsquo;histoire et la culture espagnole. En tant que distributeurs de souvenirs en gros, nous garantissons que chaque article est une repr\u00e9sentation fid\u00e8le de la richesse culturelle de l&rsquo;Espagne.<\/p>\n","protected":false},"excerpt":{"rendered":"<p>Coupe-pizza en c\u00e9ramique inspir\u00e9 du c\u00e9l\u00e8bre Chemin de Saint-Jacques, pr\u00e9sentant une illustration color\u00e9e du Palais de Rajoy et des \u00e9l\u00e9ments embl\u00e9matiques comme la coquille Saint-Jacques. Le coupe-pizza est con\u00e7u sur un fond simulant le trencad\u00eds, se distinguant par des tons vibrants de jaune, rouge et vert. Parfait pour ceux qui recherchent un souvenir fonctionnel et artistique repr\u00e9sentant la riche histoire et la beaut\u00e9 de Saint-Jacques-de-Compostelle. Id\u00e9al pour les amateurs de gastronomie et de culture espagnole.<\/p>\n","protected":false},"featured_media":9934,"template":"","meta":{"_acf_changed":false},"product_brand":[],"product_cat":[832],"product_tag":[585],"class_list":{"0":"post-29927","1":"product","2":"type-product","3":"status-publish","4":"has-post-thumbnail","6":"product_cat-emporte-pieces","7":"product_tag-ceramique","8":"pa_ciudad-santiago-de-compostela","9":"pa_pais-espana","11":"first","12":"instock","13":"shipping-taxable","14":"product-type-simple"},"acf":[],"_links":{"self":[{"href":"https:\/\/olemosaic.com\/fr\/wp-json\/wp\/v2\/product\/29927","targetHints":{"allow":["GET"]}}],"collection":[{"href":"https:\/\/olemosaic.com\/fr\/wp-json\/wp\/v2\/product"}],"about":[{"href":"https:\/\/olemosaic.com\/fr\/wp-json\/wp\/v2\/types\/product"}],"wp:featuredmedia":[{"embeddable":true,"href":"https:\/\/olemosaic.com\/fr\/wp-json\/wp\/v2\/media\/9934"}],"wp:attachment":[{"href":"https:\/\/olemosaic.com\/fr\/wp-json\/wp\/v2\/media?parent=29927"}],"wp:term":[{"taxonomy":"product_brand","embeddable":true,"href":"https:\/\/olemosaic.com\/fr\/wp-json\/wp\/v2\/product_brand?post=29927"},{"taxonomy":"product_cat","embeddable":true,"href":"https:\/\/olemosaic.com\/fr\/wp-json\/wp\/v2\/product_cat?post=29927"},{"taxonomy":"product_tag","embeddable":true,"href":"https:\/\/olemosaic.com\/fr\/wp-json\/wp\/v2\/product_tag?post=29927"}],"curies":[{"name":"wp","href":"https:\/\/api.w.org\/{rel}","templated":true}]}}