{"id":29926,"date":"2025-02-20T23:31:32","date_gmt":"2025-02-20T22:31:32","guid":{"rendered":"http:\/\/olemosaic.com\/producto\/cortador-de-ceramica-punt-de-trobada-barcelona\/"},"modified":"2025-07-25T18:37:21","modified_gmt":"2025-07-25T16:37:21","slug":"coupe-pizza-en-ceramique-punt-de-trobada-barcelone","status":"publish","type":"product","link":"https:\/\/olemosaic.com\/fr\/produit\/coupe-pizza-en-ceramique-punt-de-trobada-barcelone\/","title":{"rendered":"Coupe-pizza en c\u00e9ramique. Punt de trobada. Barcelone."},"content":{"rendered":"<p>Ce coupe-pizza d\u00e9coratif en c\u00e9ramique, inspir\u00e9 de l&#8217;embl\u00e9matique \u00ab Punt de trobada \u00bb de Barcelone, est un hommage vibrant au style unique du trencad\u00eds qui caract\u00e9rise la ville. Avec un design frappant dans une large palette de couleurs comprenant le rouge, le bleu, le jaune et le vert, ce coupeur pr\u00e9sente une s\u00e9rie de formes g\u00e9om\u00e9triques et de motifs abstraits qui \u00e9voquent l&rsquo;essence artistique et moderne de l&rsquo;\u0153uvre de Gaud\u00ed. Le fond gris clair simule les mosa\u00efques qui ornent les c\u00e9l\u00e8bres b\u00e2timents barcelonais, cr\u00e9ant un contraste visuel qui capte l&rsquo;attention.<\/p>\n<p>Le coupeur n&rsquo;est pas seulement fonctionnel, \u00e9tant id\u00e9al pour les amateurs de gastronomie, mais il agit \u00e9galement comme un \u00e9l\u00e9ment d\u00e9coratif attrayant qui refl\u00e8te le riche h\u00e9ritage culturel de la r\u00e9gion. Ce souvenir de Barcelone est un excellent rappel qui fusionne art et utilit\u00e9, parfait pour ceux qui cherchent \u00e0 ramener chez eux une partie de la vibrante culture catalane. De plus, son authenticit\u00e9 en tant que souvenir repr\u00e9sente un morceau du patrimoine espagnol, ce qui en fait un choix id\u00e9al pour les touristes. Chez Ol\u00e9 Mosaic, en tant que distributeurs de souvenirs en gros, ce coupe-pizza en c\u00e9ramique est une option exceptionnelle pour les boutiques de cadeaux touristiques, garantissant qualit\u00e9 et un design tr\u00e8s sp\u00e9cial dans chaque produit.<\/p>\n","protected":false},"excerpt":{"rendered":"<p>Coupe-pizza d\u00e9coratif en c\u00e9ramique inspir\u00e9 du c\u00e9l\u00e8bre \u00ab Punt de trobada \u00bb de Barcelone, \u00e9voquant le style trencad\u00eds caract\u00e9ristique de la ville. Ce coupeur pr\u00e9sente un design vibrant et color\u00e9 avec des formes g\u00e9om\u00e9triques et des motifs abstraits dans des tons rouge, bleu, jaune et vert, sur un fond gris clair simulant les mosa\u00efques de Gaud\u00ed. Id\u00e9al pour les amateurs de gastronomie et de culture espagnoles, ce produit allie fonctionnalit\u00e9 et esth\u00e9tique, devenant un souvenir inoubliable.<\/p>\n","protected":false},"featured_media":9159,"template":"","meta":{"_acf_changed":false},"product_brand":[],"product_cat":[832],"product_tag":[585],"class_list":{"0":"post-29926","1":"product","2":"type-product","3":"status-publish","4":"has-post-thumbnail","6":"product_cat-emporte-pieces","7":"product_tag-ceramique","8":"pa_ciudad-barcelona","9":"pa_motivo-punt-de-trobada","10":"pa_pais-espana","12":"first","13":"instock","14":"shipping-taxable","15":"product-type-simple"},"acf":[],"_links":{"self":[{"href":"https:\/\/olemosaic.com\/fr\/wp-json\/wp\/v2\/product\/29926","targetHints":{"allow":["GET"]}}],"collection":[{"href":"https:\/\/olemosaic.com\/fr\/wp-json\/wp\/v2\/product"}],"about":[{"href":"https:\/\/olemosaic.com\/fr\/wp-json\/wp\/v2\/types\/product"}],"wp:featuredmedia":[{"embeddable":true,"href":"https:\/\/olemosaic.com\/fr\/wp-json\/wp\/v2\/media\/9159"}],"wp:attachment":[{"href":"https:\/\/olemosaic.com\/fr\/wp-json\/wp\/v2\/media?parent=29926"}],"wp:term":[{"taxonomy":"product_brand","embeddable":true,"href":"https:\/\/olemosaic.com\/fr\/wp-json\/wp\/v2\/product_brand?post=29926"},{"taxonomy":"product_cat","embeddable":true,"href":"https:\/\/olemosaic.com\/fr\/wp-json\/wp\/v2\/product_cat?post=29926"},{"taxonomy":"product_tag","embeddable":true,"href":"https:\/\/olemosaic.com\/fr\/wp-json\/wp\/v2\/product_tag?post=29926"}],"curies":[{"name":"wp","href":"https:\/\/api.w.org\/{rel}","templated":true}]}}