{"id":29924,"date":"2025-02-20T23:31:31","date_gmt":"2025-02-20T22:31:31","guid":{"rendered":"http:\/\/olemosaic.com\/producto\/cortador-de-ceramica-barcelona\/"},"modified":"2025-07-25T19:51:56","modified_gmt":"2025-07-25T17:51:56","slug":"coupe-pizza-en-ceramique-barcelone","status":"publish","type":"product","link":"https:\/\/olemosaic.com\/fr\/produit\/coupe-pizza-en-ceramique-barcelone\/","title":{"rendered":"Coupe-pizza en c\u00e9ramique. Barcelone."},"content":{"rendered":"<p>Ce coupe-pizza en c\u00e9ramique d\u00e9cor\u00e9, inspir\u00e9 de l&#8217;embl\u00e9matique Sagrada Familia de Barcelone, est une pi\u00e8ce incontournable pour tout amateur de cuisine et d&rsquo;art. Fabriqu\u00e9 en c\u00e9ramique r\u00e9sistante, cet accessoire se distingue par son design vibrant peint \u00e0 la main, qui capture l&rsquo;essence architecturale du c\u00e9l\u00e8bre \u00e9difice d&rsquo;Antoni Gaud\u00ed. L&rsquo;illustration pr\u00e9sente les d\u00e9tails embl\u00e9matiques de la Sagrada Familia, y compris ses tours majestueuses et ses mosa\u00efques color\u00e9es, qui \u00e9voquent la singularit\u00e9 de la cit\u00e9 comtale.<\/p>\n<p>Chaque coupe r\u00e9alis\u00e9e avec cet outil n&rsquo;est pas seulement fonctionnelle, elle transforme l&rsquo;action de cuisiner en une exp\u00e9rience plus plaisante et artistique, faisant en sorte que chaque plat refl\u00e8te un morceau de la riche culture catalane. La combinaison de couleurs vives et les d\u00e9tails complexes de la d\u00e9coration soulignent son attrait visuel, en faisant \u00e9galement une belle pi\u00e8ce d\u00e9corative pour n&rsquo;importe quelle cuisine.<\/p>\n<p>Ce coupe-pizza en c\u00e9ramique n&rsquo;est pas seulement un cadeau id\u00e9al pour ceux qui visitent Barcelone, il repr\u00e9sente \u00e9galement l&rsquo;authenticit\u00e9 des souvenirs de la r\u00e9gion. Chez Ol\u00e9 Mosaic, nous nous sp\u00e9cialisons dans la distribution de souvenirs en gros, offrant des produits qui refl\u00e8tent la richesse culturelle de l&rsquo;Espagne. Ce coupeur est une excellente option pour les boutiques de cadeaux touristiques qui souhaitent offrir \u00e0 leurs clients un souvenir repr\u00e9sentatif et fonctionnel de Barcelone, soulignant sa valeur en tant que souvenir authentique.<\/p>\n","protected":false},"excerpt":{"rendered":"<p>Coupe-pizza en c\u00e9ramique d\u00e9cor\u00e9 inspir\u00e9 de l&#8217;embl\u00e9matique Sagrada Familia de Barcelone. Cet accessoire de cuisine original, fabriqu\u00e9 dans un mat\u00e9riau r\u00e9sistant, pr\u00e9sente une illustration vibrante, un design artisanal peint \u00e0 la main, repr\u00e9sentant les d\u00e9tails architecturaux embl\u00e9matiques de Gaud\u00ed et les \u00e9l\u00e9ments color\u00e9s de la mosa\u00efque. Avec un design frappant et plein de couleurs, ce coupeur n&rsquo;est pas seulement fonctionnel, mais aussi une magnifique pi\u00e8ce d\u00e9corative qui \u00e9voque l&rsquo;essence artistique de la cit\u00e9 comtale.<\/p>\n","protected":false},"featured_media":9519,"template":"","meta":{"_acf_changed":false},"product_brand":[],"product_cat":[832],"product_tag":[585],"class_list":{"0":"post-29924","1":"product","2":"type-product","3":"status-publish","4":"has-post-thumbnail","6":"product_cat-emporte-pieces","7":"product_tag-ceramique","8":"pa_ciudad-barcelona","9":"pa_pais-espana","11":"first","12":"instock","13":"shipping-taxable","14":"product-type-simple"},"acf":[],"_links":{"self":[{"href":"https:\/\/olemosaic.com\/fr\/wp-json\/wp\/v2\/product\/29924","targetHints":{"allow":["GET"]}}],"collection":[{"href":"https:\/\/olemosaic.com\/fr\/wp-json\/wp\/v2\/product"}],"about":[{"href":"https:\/\/olemosaic.com\/fr\/wp-json\/wp\/v2\/types\/product"}],"wp:featuredmedia":[{"embeddable":true,"href":"https:\/\/olemosaic.com\/fr\/wp-json\/wp\/v2\/media\/9519"}],"wp:attachment":[{"href":"https:\/\/olemosaic.com\/fr\/wp-json\/wp\/v2\/media?parent=29924"}],"wp:term":[{"taxonomy":"product_brand","embeddable":true,"href":"https:\/\/olemosaic.com\/fr\/wp-json\/wp\/v2\/product_brand?post=29924"},{"taxonomy":"product_cat","embeddable":true,"href":"https:\/\/olemosaic.com\/fr\/wp-json\/wp\/v2\/product_cat?post=29924"},{"taxonomy":"product_tag","embeddable":true,"href":"https:\/\/olemosaic.com\/fr\/wp-json\/wp\/v2\/product_tag?post=29924"}],"curies":[{"name":"wp","href":"https:\/\/api.w.org\/{rel}","templated":true}]}}