{"id":29910,"date":"2025-02-20T22:31:31","date_gmt":"2025-02-20T22:31:31","guid":{"rendered":"http:\/\/olemosaic.com\/producto\/cortador-de-ceramica-mosaico\/"},"modified":"2025-07-25T19:07:31","modified_gmt":"2025-07-25T17:07:31","slug":"coupe-pizza-ceramique-mosaique","status":"publish","type":"product","link":"https:\/\/olemosaic.com\/fr\/produit\/coupe-pizza-ceramique-mosaique\/","title":{"rendered":"Coupe-pizza en c\u00e9ramique. Mosa\u00efque."},"content":{"rendered":"<p>Ce coupe-pizza en c\u00e9ramique, d\u00e9cor\u00e9 d&rsquo;une mosa\u00efque vibrante, est un v\u00e9ritable joyau qui capture la richesse de l&rsquo;art des azulejos espagnols. \u00c9labor\u00e9 avec un mat\u00e9riau durable, cet article fonctionnel n&rsquo;est pas seulement id\u00e9al pour couper et servir, mais son design esth\u00e9tique en fait une pi\u00e8ce d\u00e9corative indispensable pour toute cuisine. Il pr\u00e9sente une vari\u00e9t\u00e9 exquise de motifs color\u00e9s qui brillent dans des tons rouges, bleus, jaunes et blancs, \u00e9voquant la tradition culturelle des azulejos andalous qui ornent les fa\u00e7ades et les patios des maisons en Andalousie.<\/p>\n<p>La mosa\u00efque, soigneusement con\u00e7ue, pr\u00e9sente une combinaison de formes g\u00e9om\u00e9triques et florales qui rehaussent son attrait visuel, transformant un outil de cuisine en une \u0153uvre d&rsquo;art. Le lien culturel de ce coupe-pizza avec la riche histoire de la c\u00e9ramique espagnole en fait un souvenir parfait pour les touristes cherchant \u00e0 emporter un morceau de la culture andalouse.<\/p>\n<p>Chez Ol\u00e9 Mosaic, nous nous sp\u00e9cialisons dans la distribution de souvenirs en gros, et ce coupe-pizza en c\u00e9ramique est une excellente option pour les boutiques de cadeaux touristiques souhaitant proposer des produits authentiques. Les souvenirs en c\u00e9ramique, comme ce coupe-pizza, sont des exemples embl\u00e9matiques de l&rsquo;artisanat espagnol, id\u00e9aux pour ceux qui appr\u00e9cient la fonctionnalit\u00e9 sans sacrifier l&rsquo;esth\u00e9tique. En tant que grossistes d&rsquo;articles en c\u00e9ramique, nous garantissons que chaque pi\u00e8ce que nous proposons c\u00e9l\u00e8bre l&rsquo;h\u00e9ritage culturel de l&rsquo;Espagne de mani\u00e8re authentique.<\/p>\n","protected":false},"excerpt":{"rendered":"<p>Coupe-pizza en c\u00e9ramique d\u00e9cor\u00e9 d&rsquo;une mosa\u00efque vibrante refl\u00e9tant la richesse de l&rsquo;art des azulejos espagnols. Fabriqu\u00e9 avec des mat\u00e9riaux durables, il pr\u00e9sente une vari\u00e9t\u00e9 de motifs color\u00e9s dans des tons rouges, bleus, jaunes et blancs, \u00e9voquant la tradition culturelle des azulejos andalous. Id\u00e9al pour couper et servir, son design fonctionnel est compl\u00e9t\u00e9 par une finition visuellement attrayante, en faisant une pi\u00e8ce pratique et d\u00e9corative pour toute cuisine.<\/p>\n","protected":false},"featured_media":8933,"template":"","meta":{"_acf_changed":false},"product_brand":[],"product_cat":[832],"product_tag":[585],"class_list":{"0":"post-29910","1":"product","2":"type-product","3":"status-publish","4":"has-post-thumbnail","6":"product_cat-emporte-pieces","7":"product_tag-ceramique","8":"pa_motivo-mosaique","10":"first","11":"instock","12":"shipping-taxable","13":"product-type-simple"},"acf":[],"_links":{"self":[{"href":"https:\/\/olemosaic.com\/fr\/wp-json\/wp\/v2\/product\/29910","targetHints":{"allow":["GET"]}}],"collection":[{"href":"https:\/\/olemosaic.com\/fr\/wp-json\/wp\/v2\/product"}],"about":[{"href":"https:\/\/olemosaic.com\/fr\/wp-json\/wp\/v2\/types\/product"}],"wp:featuredmedia":[{"embeddable":true,"href":"https:\/\/olemosaic.com\/fr\/wp-json\/wp\/v2\/media\/8933"}],"wp:attachment":[{"href":"https:\/\/olemosaic.com\/fr\/wp-json\/wp\/v2\/media?parent=29910"}],"wp:term":[{"taxonomy":"product_brand","embeddable":true,"href":"https:\/\/olemosaic.com\/fr\/wp-json\/wp\/v2\/product_brand?post=29910"},{"taxonomy":"product_cat","embeddable":true,"href":"https:\/\/olemosaic.com\/fr\/wp-json\/wp\/v2\/product_cat?post=29910"},{"taxonomy":"product_tag","embeddable":true,"href":"https:\/\/olemosaic.com\/fr\/wp-json\/wp\/v2\/product_tag?post=29910"}],"curies":[{"name":"wp","href":"https:\/\/api.w.org\/{rel}","templated":true}]}}