{"id":29908,"date":"2025-02-20T22:31:31","date_gmt":"2025-02-20T22:31:31","guid":{"rendered":"http:\/\/olemosaic.com\/producto\/cortador-de-ceramica-mariposa\/"},"modified":"2025-07-25T18:44:17","modified_gmt":"2025-07-25T16:44:17","slug":"coupe-pizza-ceramique-papillon","status":"publish","type":"product","link":"https:\/\/olemosaic.com\/fr\/produit\/coupe-pizza-ceramique-papillon\/","title":{"rendered":"Coupe-pizza en c\u00e9ramique. Papillon."},"content":{"rendered":"<p>Ce coupe-pizza en c\u00e9ramique, d\u00e9cor\u00e9 de papillons color\u00e9s, est un exemple authentique de la riche tradition artistique espagnole et un accessoire indispensable dans toute cuisine. Fabriqu\u00e9 en c\u00e9ramique de haute qualit\u00e9, ce coupe-pizza est non seulement fonctionnel, mais aussi une pi\u00e8ce vibrante qui ajoute une touche de couleur \u00e0 votre int\u00e9rieur. Son design comprend des papillons dans les tons bleus, rouges et jaunes, entour\u00e9s de fleurs stylis\u00e9es qui \u00e9voquent l&rsquo;ambiance printani\u00e8re des jardins espagnols. Chaque papillon est unique, avec un effet mosa\u00efque qui met en valeur la technique artisanale soign\u00e9e et m\u00e9ticuleusement \u00e9labor\u00e9e, ce qui lui conf\u00e8re un attrait visuel in\u00e9gal\u00e9.<\/p>\n<p>Le lien culturel de ce coupe-pizza en c\u00e9ramique va au-del\u00e0 de son design ; il repr\u00e9sente l&rsquo;amour espagnol pour la nature et l&rsquo;art, constituant un cadeau parfait et un souvenir authentique du riche patrimoine du pays. Ce coupe-pizza est un excellent choix pour les touristes et les collectionneurs de souvenirs qui recherchent une pi\u00e8ce fonctionnelle et repr\u00e9sentative. Chez Ol\u00e9 Mosaic, nous continuons \u00e0 proposer des produits uniques en gros qui refl\u00e8tent la diversit\u00e9 et la qualit\u00e9 de l&rsquo;artisanat espagnol. Ce coupe-pizza n&rsquo;est pas seulement un ustensile de cuisine, mais aussi une expression culturelle qui enrichit toute collection de souvenirs d&rsquo;Espagne.<\/p>\n","protected":false},"excerpt":{"rendered":"<p>Coupe-pizza en c\u00e9ramique d\u00e9cor\u00e9 de papillons color\u00e9s, inspir\u00e9 de la riche tradition artistique espagnole. Cet accessoire de cuisine pratique est fabriqu\u00e9 en c\u00e9ramique de haute qualit\u00e9 et pr\u00e9sente un design vibrant avec des papillons dans les tons bleus, rouges et jaunes, entour\u00e9s de fleurs stylis\u00e9es. Chaque papillon arbore un effet mosa\u00efque, qui met en valeur la technique artisanale et lui donne une touche unique et attrayante. Id\u00e9al pour la maison ou comme souvenir de la culture espagnole.<\/p>\n","protected":false},"featured_media":9038,"template":"","meta":{"_acf_changed":false},"product_brand":[],"product_cat":[832],"product_tag":[530,585],"class_list":{"0":"post-29908","1":"product","2":"type-product","3":"status-publish","4":"has-post-thumbnail","6":"product_cat-emporte-pieces","7":"product_tag-animaux","8":"product_tag-ceramique","9":"pa_motivo-papillons","11":"first","12":"instock","13":"shipping-taxable","14":"product-type-simple"},"acf":[],"_links":{"self":[{"href":"https:\/\/olemosaic.com\/fr\/wp-json\/wp\/v2\/product\/29908","targetHints":{"allow":["GET"]}}],"collection":[{"href":"https:\/\/olemosaic.com\/fr\/wp-json\/wp\/v2\/product"}],"about":[{"href":"https:\/\/olemosaic.com\/fr\/wp-json\/wp\/v2\/types\/product"}],"wp:featuredmedia":[{"embeddable":true,"href":"https:\/\/olemosaic.com\/fr\/wp-json\/wp\/v2\/media\/9038"}],"wp:attachment":[{"href":"https:\/\/olemosaic.com\/fr\/wp-json\/wp\/v2\/media?parent=29908"}],"wp:term":[{"taxonomy":"product_brand","embeddable":true,"href":"https:\/\/olemosaic.com\/fr\/wp-json\/wp\/v2\/product_brand?post=29908"},{"taxonomy":"product_cat","embeddable":true,"href":"https:\/\/olemosaic.com\/fr\/wp-json\/wp\/v2\/product_cat?post=29908"},{"taxonomy":"product_tag","embeddable":true,"href":"https:\/\/olemosaic.com\/fr\/wp-json\/wp\/v2\/product_tag?post=29908"}],"curies":[{"name":"wp","href":"https:\/\/api.w.org\/{rel}","templated":true}]}}