{"id":29869,"date":"2025-02-20T22:31:29","date_gmt":"2025-02-20T22:31:29","guid":{"rendered":"http:\/\/olemosaic.com\/producto\/4-bols-de-coco-de-13-x-6-cm-caballito-de-mar-mallorca\/"},"modified":"2025-07-25T20:11:10","modified_gmt":"2025-07-25T18:11:10","slug":"4-bols-de-coco-de-13-x-6-cm-hippocampe-majorque","status":"publish","type":"product","link":"https:\/\/olemosaic.com\/fr\/produit\/4-bols-de-coco-de-13-x-6-cm-hippocampe-majorque\/","title":{"rendered":"4 Bols en noix de coco de 13 x 6 cm. Hippocampe. Majorque."},"content":{"rendered":"<p>Cet ensemble de quatre bols en noix de coco est un charmant hommage \u00e0 la beaut\u00e9 de Majorque, id\u00e9al pour ceux qui recherchent des souvenirs repr\u00e9sentatifs de l&rsquo;\u00eele. Chaque bol, mesurant 13 x 6 cm, pr\u00e9sente un design exclusif d&rsquo;hippocampe, symbole du monde marin qui entoure cette magnifique r\u00e9gion. La base en noix de coco naturelle offre un aspect authentique et rustique, tandis que les couleurs vibrantes dans des tons de vert, orange, dor\u00e9 et rouge apportent une touche de vitalit\u00e9, \u00e9voquant les paysages ensoleill\u00e9s des c\u00f4tes majorquines.<\/p>\n<p>La finition brillante de chaque bol ne rehausse pas seulement son attrait visuel, mais souligne \u00e9galement le travail artisanal d\u00e9taill\u00e9 investi dans sa cr\u00e9ation. Ces bols peuvent \u00eatre utilis\u00e9s aussi bien pour d\u00e9corer des espaces que pour des fins fonctionnelles, ce qui en fait un \u00e9l\u00e9ment polyvalent pour n&rsquo;importe quel foyer. L&rsquo;hippocampe, pr\u00e9sent sur chaque pi\u00e8ce, n&rsquo;est pas seulement un \u00e9l\u00e9ment d\u00e9coratif, mais symbolise la riche faune marine qui caract\u00e9rise les eaux de Majorque, faisant de ce cadeau un souvenir inoubliable d&rsquo;une exp\u00e9rience de vacances.<\/p>\n<p>Chez Ol\u00e9 Mosaic, nous sommes experts dans la distribution de souvenirs en gros et proposons des produits authentiques qui c\u00e9l\u00e8brent la culture locale. Ces bols en noix de coco sont une excellente option pour les boutiques de cadeaux touristiques \u00e0 la recherche d&rsquo;articles uniques et repr\u00e9sentatifs de Majorque, apportant authenticit\u00e9 et beaut\u00e9 \u00e0 chaque achat. En tant que grossistes de souvenirs, nous garantissons la qualit\u00e9 et l&rsquo;originalit\u00e9 de nos pi\u00e8ces, id\u00e9ales pour capter l&rsquo;attention des touristes souhaitant emporter un morceau de l&rsquo;\u00eele avec eux.<\/p>\n","protected":false},"excerpt":{"rendered":"<p>Bols en noix de coco de 13 x 6 cm, d\u00e9cor\u00e9s d&rsquo;un charmant motif d&rsquo;hippocampe \u00e9voquant la beaut\u00e9 de Majorque. Chaque bol pr\u00e9sente une base en noix de coco naturelle avec des couleurs vibrantes : verts, oranges, dor\u00e9s et rouges, rehauss\u00e9s par une finition brillante. Ces pi\u00e8ces, id\u00e9ales comme \u00e9l\u00e9ment d\u00e9coratif ou fonctionnel, combinent des techniques artisanales avec un motif marin, faisant de chaque bol un authentique souvenir de l&rsquo;\u00eele.<\/p>\n","protected":false},"featured_media":10651,"template":"","meta":{"_acf_changed":false},"product_brand":[],"product_cat":[521],"product_tag":[530],"class_list":{"0":"post-29869","1":"product","2":"type-product","3":"status-publish","4":"has-post-thumbnail","6":"product_cat-bols","7":"product_tag-animaux","8":"pa_ciudad-mallorca","9":"pa_motivo-hippocampes","10":"pa_pais-espana","12":"first","13":"instock","14":"shipping-taxable","15":"product-type-simple"},"acf":[],"_links":{"self":[{"href":"https:\/\/olemosaic.com\/fr\/wp-json\/wp\/v2\/product\/29869","targetHints":{"allow":["GET"]}}],"collection":[{"href":"https:\/\/olemosaic.com\/fr\/wp-json\/wp\/v2\/product"}],"about":[{"href":"https:\/\/olemosaic.com\/fr\/wp-json\/wp\/v2\/types\/product"}],"wp:featuredmedia":[{"embeddable":true,"href":"https:\/\/olemosaic.com\/fr\/wp-json\/wp\/v2\/media\/10651"}],"wp:attachment":[{"href":"https:\/\/olemosaic.com\/fr\/wp-json\/wp\/v2\/media?parent=29869"}],"wp:term":[{"taxonomy":"product_brand","embeddable":true,"href":"https:\/\/olemosaic.com\/fr\/wp-json\/wp\/v2\/product_brand?post=29869"},{"taxonomy":"product_cat","embeddable":true,"href":"https:\/\/olemosaic.com\/fr\/wp-json\/wp\/v2\/product_cat?post=29869"},{"taxonomy":"product_tag","embeddable":true,"href":"https:\/\/olemosaic.com\/fr\/wp-json\/wp\/v2\/product_tag?post=29869"}],"curies":[{"name":"wp","href":"https:\/\/api.w.org\/{rel}","templated":true}]}}