{"id":29868,"date":"2025-02-20T23:31:29","date_gmt":"2025-02-20T22:31:29","guid":{"rendered":"http:\/\/olemosaic.com\/producto\/4-bols-de-coco-de-13-x-6-cm-delfin-gran-canaria-2\/"},"modified":"2025-07-25T18:53:54","modified_gmt":"2025-07-25T16:53:54","slug":"4-bols-de-coco-de-13-x-6-cm-dauphin-grande-canarie-2","status":"publish","type":"product","link":"https:\/\/olemosaic.com\/fr\/produit\/4-bols-de-coco-de-13-x-6-cm-dauphin-grande-canarie-2\/","title":{"rendered":"4 Bols en noix de coco de 13 x 6 cm. Dauphin. Tropical. Grande Canarie."},"content":{"rendered":"<p>Cet ensemble de quatre bols en noix de coco est l&rsquo;option id\u00e9ale pour apporter une touche tropicale et vibrante \u00e0 n&rsquo;importe quel foyer. Chaque bol, aux dimensions de 13 x 6 cm, pr\u00e9sente des couleurs \u00e9clatantes dans des tons de bleu, vert, orange et rouge, tous d\u00e9cor\u00e9s de joyeux dauphins \u00e9voquant la vie marine caract\u00e9ristique de la Grande Canarie. L&rsquo;inscription \u00ab\u00a0Gran Canaria\u00a0\u00bb s&rsquo;int\u00e8gre \u00e9l\u00e9gamment dans le design, r\u00e9affirmant son lien culturel avec les magnifiques \u00eeles.<\/p>\n<p>La surface brillante et textur\u00e9e de chaque bol souligne l&rsquo;artisanat local, offrant une finition unique qui met en valeur la beaut\u00e9 naturelle de la noix de coco, transformant chaque pi\u00e8ce en un authentique souvenir refl\u00e9tant l&rsquo;essence de cette r\u00e9gion paradisiaque. Parfaits non seulement comme d\u00e9coration, ces bols sont \u00e9galement fonctionnels, id\u00e9aux pour servir des ap\u00e9ritifs ou comme \u00e9l\u00e9ments d\u00e9coratifs dans n&rsquo;importe quel coin de la maison.<\/p>\n<p>Chez Ol\u00e9 Mosaic, nous sommes fiers de proposer des souvenirs authentiques qui c\u00e9l\u00e8brent la culture locale. Cet ensemble de bols en noix de coco n&rsquo;est pas seulement un excellent souvenir pour les touristes souhaitant emporter un morceau des \u00eeles Canaries, mais aussi une option attrayante pour les boutiques de cadeaux touristiques \u00e0 la recherche de produits capturant l&rsquo;essence de la r\u00e9gion. Profitez de notre offre en tant que grossiste de souvenirs et d\u00e9couvrez comment ces charmants bols peuvent s\u00e9duire vos clients.<\/p>\n","protected":false},"excerpt":{"rendered":"<p>Ensemble de quatre bols en noix de coco de 13 x 6 cm, id\u00e9aux pour donner une touche tropicale \u00e0 n&rsquo;importe quel foyer. Chaque bol pr\u00e9sente une couleur vibrante dans des tons bleus, verts, oranges et rouges, d\u00e9cor\u00e9s d&rsquo;un motif de dauphins et de l&rsquo;inscription \u00ab\u00a0Gran Canaria\u00a0\u00bb. La surface est brillante et textur\u00e9e, offrant une finition unique qui souligne la beaut\u00e9 de l&rsquo;artisanat local. Parfaits comme souvenir ou pour un usage d\u00e9coratif, ces bols \u00e9voquent l&rsquo;essence des \u00eeles Canaries.<\/p>\n","protected":false},"featured_media":10655,"template":"","meta":{"_acf_changed":false},"product_brand":[],"product_cat":[521],"product_tag":[530],"class_list":{"0":"post-29868","1":"product","2":"type-product","3":"status-publish","4":"has-post-thumbnail","6":"product_cat-bols","7":"product_tag-animaux","8":"pa_ciudad-gran-canaria","9":"pa_motivo-dauphins","10":"pa_pais-espana","12":"first","13":"instock","14":"shipping-taxable","15":"product-type-simple"},"acf":[],"_links":{"self":[{"href":"https:\/\/olemosaic.com\/fr\/wp-json\/wp\/v2\/product\/29868","targetHints":{"allow":["GET"]}}],"collection":[{"href":"https:\/\/olemosaic.com\/fr\/wp-json\/wp\/v2\/product"}],"about":[{"href":"https:\/\/olemosaic.com\/fr\/wp-json\/wp\/v2\/types\/product"}],"wp:featuredmedia":[{"embeddable":true,"href":"https:\/\/olemosaic.com\/fr\/wp-json\/wp\/v2\/media\/10655"}],"wp:attachment":[{"href":"https:\/\/olemosaic.com\/fr\/wp-json\/wp\/v2\/media?parent=29868"}],"wp:term":[{"taxonomy":"product_brand","embeddable":true,"href":"https:\/\/olemosaic.com\/fr\/wp-json\/wp\/v2\/product_brand?post=29868"},{"taxonomy":"product_cat","embeddable":true,"href":"https:\/\/olemosaic.com\/fr\/wp-json\/wp\/v2\/product_cat?post=29868"},{"taxonomy":"product_tag","embeddable":true,"href":"https:\/\/olemosaic.com\/fr\/wp-json\/wp\/v2\/product_tag?post=29868"}],"curies":[{"name":"wp","href":"https:\/\/api.w.org\/{rel}","templated":true}]}}