{"id":29867,"date":"2025-02-20T23:31:28","date_gmt":"2025-02-20T22:31:28","guid":{"rendered":"http:\/\/olemosaic.com\/producto\/4-bols-de-coco-de-13-x-6-cm-isla-gran-canaria-2\/"},"modified":"2025-07-25T18:53:54","modified_gmt":"2025-07-25T16:53:54","slug":"4-bols-de-coco-de-13-x-6-cm-ile-grande-canarie-2","status":"publish","type":"product","link":"https:\/\/olemosaic.com\/fr\/produit\/4-bols-de-coco-de-13-x-6-cm-ile-grande-canarie-2\/","title":{"rendered":"4 Bols en noix de coco de 13 x 6 cm. \u00cele. Oc\u00e9an. Grande Canarie."},"content":{"rendered":"<p>Cet ensemble de quatre bols d\u00e9coratifs en noix de coco de 13 x 6 cm est un v\u00e9ritable hommage \u00e0 la beaut\u00e9 naturelle de la Grande Canarie. Chaque bol pr\u00e9sente un design unique, \u00e9labor\u00e9 avec des couleurs vibrantes qui \u00e9voquent l&rsquo;essence de l&rsquo;\u00eele : des bleus profonds rappelant l&rsquo;oc\u00e9an, des oranges et des rouges chaleureux, ainsi que d&rsquo;\u00e9l\u00e9gantes touches dor\u00e9es qui apportent une note de sophistication. La finition textur\u00e9e de chaque pi\u00e8ce, \u00e9voquant les vagues de la mer, ajoute une dimension artistique et sensorielle, rendant chaque bol vraiment sp\u00e9cial.<\/p>\n<p>Chacun de ces bols porte une plaque distinctive avec l&rsquo;inscription \u00ab\u00a0Gran Canaria\u00a0\u00bb, ce qui en fait le souvenir parfait pour capturer la culture et le charme de cette \u00eele magnifique. Id\u00e9aux comme centres de table ou pour ranger de petits objets, ces bols apportent chaleur et couleur \u00e0 n&rsquo;importe quel espace, devenant des \u00e9l\u00e9ments d\u00e9coratifs fonctionnels et attrayants.<\/p>\n<p>Chez Ol\u00e9 Mosaic, en tant que distributeurs de souvenirs, nous proposons des articles authentiques qui refl\u00e8tent la richesse culturelle des r\u00e9gions. Cet ensemble de bols en noix de coco est un choix exceptionnel pour les boutiques de cadeaux touristiques \u00e0 la recherche de produits uniques et significatifs. Non seulement ils repr\u00e9sentent l&rsquo;artisanat canarien, mais ils sont \u00e9galement id\u00e9aux pour les touristes souhaitant ramener un morceau de la Grande Canarie chez eux.<\/p>\n","protected":false},"excerpt":{"rendered":"<p>Bols d\u00e9coratifs en noix de coco de 13 x 6 cm, inspir\u00e9s par l&rsquo;essence de la Grande Canarie. Chaque bol pr\u00e9sente un design unique aux couleurs vibrantes comme le bleu, l&rsquo;orange, le dor\u00e9 et le rouge, avec une finition textur\u00e9e rappelant les vagues de l&rsquo;oc\u00e9an. Avec l&rsquo;inscription \u00ab\u00a0Gran Canaria\u00a0\u00bb, ces articles sont id\u00e9aux comme centres de table ou pour ranger de petits objets, apportant une touche de chaleur et de couleur \u00e0 tout espace. Des souvenirs parfaits qui capturent la beaut\u00e9 des Canaries.<\/p>\n","protected":false},"featured_media":10643,"template":"","meta":{"_acf_changed":false},"product_brand":[],"product_cat":[521],"product_tag":[],"class_list":{"0":"post-29867","1":"product","2":"type-product","3":"status-publish","4":"has-post-thumbnail","6":"product_cat-bols","7":"pa_ciudad-gran-canaria","8":"pa_motivo-iles","9":"pa_pais-espana","11":"first","12":"instock","13":"shipping-taxable","14":"product-type-simple"},"acf":[],"_links":{"self":[{"href":"https:\/\/olemosaic.com\/fr\/wp-json\/wp\/v2\/product\/29867","targetHints":{"allow":["GET"]}}],"collection":[{"href":"https:\/\/olemosaic.com\/fr\/wp-json\/wp\/v2\/product"}],"about":[{"href":"https:\/\/olemosaic.com\/fr\/wp-json\/wp\/v2\/types\/product"}],"wp:featuredmedia":[{"embeddable":true,"href":"https:\/\/olemosaic.com\/fr\/wp-json\/wp\/v2\/media\/10643"}],"wp:attachment":[{"href":"https:\/\/olemosaic.com\/fr\/wp-json\/wp\/v2\/media?parent=29867"}],"wp:term":[{"taxonomy":"product_brand","embeddable":true,"href":"https:\/\/olemosaic.com\/fr\/wp-json\/wp\/v2\/product_brand?post=29867"},{"taxonomy":"product_cat","embeddable":true,"href":"https:\/\/olemosaic.com\/fr\/wp-json\/wp\/v2\/product_cat?post=29867"},{"taxonomy":"product_tag","embeddable":true,"href":"https:\/\/olemosaic.com\/fr\/wp-json\/wp\/v2\/product_tag?post=29867"}],"curies":[{"name":"wp","href":"https:\/\/api.w.org\/{rel}","templated":true}]}}