{"id":29865,"date":"2025-02-20T22:31:28","date_gmt":"2025-02-20T22:31:28","guid":{"rendered":"http:\/\/olemosaic.com\/producto\/4-bols-de-coco-de-13-x-6-cm-salamandra-gran-canaria\/"},"modified":"2025-07-25T18:41:48","modified_gmt":"2025-07-25T16:41:48","slug":"4-bols-noix-de-coco-13-x-6-cm-salamandre-grande-canarie","status":"publish","type":"product","link":"https:\/\/olemosaic.com\/fr\/produit\/4-bols-noix-de-coco-13-x-6-cm-salamandre-grande-canarie\/","title":{"rendered":"4 Bols en noix de coco de 13 x 6 cm. Salamandre. Grande Canarie."},"content":{"rendered":"<p>Ce jeu de quatre bols en noix de coco de 13 x 6 cm est une c\u00e9l\u00e9bration de l&rsquo;esprit vibrant de la Grande Canarie, un reflet de l&rsquo;authenticit\u00e9 et de la richesse culturelle des \u00eeles. Chaque bol, avec son design joyeux et color\u00e9, pr\u00e9sente des motifs charmants de salamandres, qui symbolisent la faune unique de la r\u00e9gion. Les teintes brillantes de bleu, rouge, orange et rose rendent chaque pi\u00e8ce visuellement attrayante, parfaite pour ajouter une touche de couleur \u00e0 n&rsquo;importe quel espace.<\/p>\n<p>Les bords des bols sont orn\u00e9s de c\u0153urs, tandis que le sceau embl\u00e9matique \u00ab Gran Canaria \u00bb ressort au centre, faisant de chaque bol un merveilleux souvenir. Ce design est non seulement attrayant, mais constitue \u00e9galement un hommage \u00e0 l&rsquo;environnement naturel et aux traditions canariennes. Les bols sont id\u00e9aux tant pour la d\u00e9coration que pour un usage fonctionnel, parfaits pour ranger de petits objets ou comme r\u00e9cipients d\u00e9coratifs.<\/p>\n<p>Chez Ol\u00e9 Mosaic, en tant que distributeurs de souvenirs en gros, nous proposons ces charmants bols en noix de coco qui capturent l&rsquo;essence de la Grande Canarie. Ils constituent un choix exceptionnel pour les boutiques de cadeaux touristiques cherchant \u00e0 authentifier l&rsquo;exp\u00e9rience canarienne pour leurs clients. Ce jeu de bols ne repr\u00e9sente pas seulement la tradition locale, mais devient \u00e9galement un souvenir inoubliable pour ceux qui souhaitent emporter un morceau de l&rsquo;\u00e2me canarienne.<\/p>\n","protected":false},"excerpt":{"rendered":"<p>Bols en noix de coco de 13 x 6 cm, d\u00e9cor\u00e9s de motifs de salamandres et de couleurs vibrantes. Cette collection de quatre bols, inspir\u00e9e par la beaut\u00e9 de la Grande Canarie, pr\u00e9sente un design joyeux avec des c\u0153urs sur les bords et le sceau embl\u00e9matique \u00ab Gran Canaria \u00bb au centre. Chaque bol se distingue par ses teintes brillantes de bleu, rouge, orange et rose, ce qui en fait un choix parfait pour la d\u00e9coration ou comme souvenirs color\u00e9s \u00e9voquant l&rsquo;esprit canarien.<\/p>\n","protected":false},"featured_media":10673,"template":"","meta":{"_acf_changed":false},"product_brand":[],"product_cat":[521],"product_tag":[530],"class_list":{"0":"post-29865","1":"product","2":"type-product","3":"status-publish","4":"has-post-thumbnail","6":"product_cat-bols","7":"product_tag-animaux","8":"pa_ciudad-gran-canaria","9":"pa_motivo-salamandres","10":"pa_pais-espana","12":"first","13":"instock","14":"shipping-taxable","15":"product-type-simple"},"acf":[],"_links":{"self":[{"href":"https:\/\/olemosaic.com\/fr\/wp-json\/wp\/v2\/product\/29865","targetHints":{"allow":["GET"]}}],"collection":[{"href":"https:\/\/olemosaic.com\/fr\/wp-json\/wp\/v2\/product"}],"about":[{"href":"https:\/\/olemosaic.com\/fr\/wp-json\/wp\/v2\/types\/product"}],"wp:featuredmedia":[{"embeddable":true,"href":"https:\/\/olemosaic.com\/fr\/wp-json\/wp\/v2\/media\/10673"}],"wp:attachment":[{"href":"https:\/\/olemosaic.com\/fr\/wp-json\/wp\/v2\/media?parent=29865"}],"wp:term":[{"taxonomy":"product_brand","embeddable":true,"href":"https:\/\/olemosaic.com\/fr\/wp-json\/wp\/v2\/product_brand?post=29865"},{"taxonomy":"product_cat","embeddable":true,"href":"https:\/\/olemosaic.com\/fr\/wp-json\/wp\/v2\/product_cat?post=29865"},{"taxonomy":"product_tag","embeddable":true,"href":"https:\/\/olemosaic.com\/fr\/wp-json\/wp\/v2\/product_tag?post=29865"}],"curies":[{"name":"wp","href":"https:\/\/api.w.org\/{rel}","templated":true}]}}