{"id":29864,"date":"2025-02-20T23:31:28","date_gmt":"2025-02-20T22:31:28","guid":{"rendered":"http:\/\/olemosaic.com\/producto\/4-bols-de-coco-de-13-x-6-cm-salamandra-3\/"},"modified":"2025-07-25T20:09:41","modified_gmt":"2025-07-25T18:09:41","slug":"4-bols-noix-de-coco-13-x-6-cm-salamandre-motif-coeurs","status":"publish","type":"product","link":"https:\/\/olemosaic.com\/fr\/produit\/4-bols-noix-de-coco-13-x-6-cm-salamandre-motif-coeurs\/","title":{"rendered":"4 Bols en noix de coco de 13 x 6 cm. Salamandre. Motif c\u0153urs."},"content":{"rendered":"<p>Cet ensemble de quatre bols en noix de coco de 13 x 6 cm est une c\u00e9l\u00e9bration de la couleur et de l&rsquo;artisanat, id\u00e9al pour apporter une touche vibrante \u00e0 n&rsquo;importe quel foyer. Chaque bol se distingue par ses couleurs intenses et vari\u00e9es : bleu, rouge, orange et fuchsia, qui s&rsquo;entrelacent dans un design festif et joyeux. Au centre de chaque pi\u00e8ce, une \u00e9l\u00e9gante salamandre, \u00e0 la silhouette soigneusement peinte, est entour\u00e9e d&rsquo;un motif de c\u0153urs qui renforce la connexion avec le folklore espagnol et son symbolisme de bonne fortune et de joie.<\/p>\n<p>Fabriqu\u00e9s de mani\u00e8re artisanale, ces bols ne sont pas seulement fonctionnels, parfaits pour servir des ap\u00e9ritifs ou comme \u00e9l\u00e9ments d\u00e9coratifs, mais ils repr\u00e9sentent \u00e9galement un h\u00e9ritage culturel unique, refl\u00e9tant la riche tradition de la c\u00e9ramique et de l&rsquo;artisanat espagnols. L&rsquo;utilisation de la noix de coco dans leur fabrication apporte non seulement de la l\u00e9g\u00e8ret\u00e9, mais enrichit \u00e9galement chaque bol d&rsquo;une texture naturelle qui contraste avec les tons vibrants de la peinture.<\/p>\n<p>Cet ensemble de bols en noix de coco est un souvenir de qualit\u00e9, repr\u00e9sentatif de la culture espagnole, id\u00e9al pour les touristes \u00e0 la recherche de souvenirs authentiques. Chez Ol\u00e9 Mosaic, en tant que grossistes de produits artisanaux, nous proposons ces pi\u00e8ces uniques qui raviront ceux qui souhaitent ramener un morceau de la culture espagnole chez eux. Parfaits pour les boutiques de cadeaux touristiques \u00e0 la recherche d&rsquo;articles distinctifs et authentiques, ces souvenirs sont un excellent investissement pour toute entreprise.<\/p>\n","protected":false},"excerpt":{"rendered":"<p>Bols en noix de coco de 13 x 6 cm d\u00e9cor\u00e9s d&rsquo;un design vibrant de salamandres, id\u00e9aux pour donner une touche color\u00e9e \u00e0 votre int\u00e9rieur. Chaque bol pr\u00e9sente un fond accrocheur dans des tons bleu, rouge, orange et fuchsia, avec un motif de c\u0153urs entourant une \u00e9l\u00e9gante salamandre peinte au centre. Fabriqu\u00e9s de mani\u00e8re artisanale, ces bols sont parfaits pour servir des ap\u00e9ritifs ou comme \u00e9l\u00e9ments d\u00e9coratifs \u00e9voquant le folklore espagnol.<\/p>\n","protected":false},"featured_media":10660,"template":"","meta":{"_acf_changed":false},"product_brand":[],"product_cat":[521],"product_tag":[530],"class_list":{"0":"post-29864","1":"product","2":"type-product","3":"status-publish","4":"has-post-thumbnail","6":"product_cat-bols","7":"product_tag-animaux","8":"pa_motivo-salamandres","10":"first","11":"instock","12":"shipping-taxable","13":"product-type-simple"},"acf":[],"_links":{"self":[{"href":"https:\/\/olemosaic.com\/fr\/wp-json\/wp\/v2\/product\/29864","targetHints":{"allow":["GET"]}}],"collection":[{"href":"https:\/\/olemosaic.com\/fr\/wp-json\/wp\/v2\/product"}],"about":[{"href":"https:\/\/olemosaic.com\/fr\/wp-json\/wp\/v2\/types\/product"}],"wp:featuredmedia":[{"embeddable":true,"href":"https:\/\/olemosaic.com\/fr\/wp-json\/wp\/v2\/media\/10660"}],"wp:attachment":[{"href":"https:\/\/olemosaic.com\/fr\/wp-json\/wp\/v2\/media?parent=29864"}],"wp:term":[{"taxonomy":"product_brand","embeddable":true,"href":"https:\/\/olemosaic.com\/fr\/wp-json\/wp\/v2\/product_brand?post=29864"},{"taxonomy":"product_cat","embeddable":true,"href":"https:\/\/olemosaic.com\/fr\/wp-json\/wp\/v2\/product_cat?post=29864"},{"taxonomy":"product_tag","embeddable":true,"href":"https:\/\/olemosaic.com\/fr\/wp-json\/wp\/v2\/product_tag?post=29864"}],"curies":[{"name":"wp","href":"https:\/\/api.w.org\/{rel}","templated":true}]}}