{"id":29862,"date":"2025-02-20T23:31:27","date_gmt":"2025-02-20T22:31:27","guid":{"rendered":"http:\/\/olemosaic.com\/producto\/4-bols-de-coco-de-13-x-6-cm-delfin-barcelona-2\/"},"modified":"2025-07-25T20:10:15","modified_gmt":"2025-07-25T18:10:15","slug":"4-bols-noix-de-coco-13-x-6-cm-dauphin-barcelone","status":"publish","type":"product","link":"https:\/\/olemosaic.com\/fr\/produit\/4-bols-noix-de-coco-13-x-6-cm-dauphin-barcelone\/","title":{"rendered":"4 Bols en noix de coco de 13 x 6 cm. Dauphin. Barcelone. Motif c\u0153urs."},"content":{"rendered":"<p>Cet ensemble de quatre bols en noix de coco de 13 x 6 cm est un magnifique souvenir de l&rsquo;essence vibrante de Barcelone, id\u00e9al comme souvenir de la ville. Chaque bol se distingue par son design unique, peint \u00e0 la main, repr\u00e9sentant de sympathiques dauphins entour\u00e9s de motifs de c\u0153urs, \u00e9voquant la joie et les couleurs de la c\u00f4te catalane. La palette de couleurs, brillante et vari\u00e9e, comprend des tons vifs de bleu, rouge, orange et rose, ajoutant une touche festive et joyeuse \u00e0 n&rsquo;importe quel espace. Avec le nom \u00ab BARCELUNA \u00bb estampill\u00e9 de mani\u00e8re ing\u00e9nieuse, ces bols ne sont pas seulement fonctionnels pour servir des ap\u00e9ritifs, mais deviennent \u00e9galement d&rsquo;authentiques pi\u00e8ces d\u00e9coratives qui capturent l&rsquo;essence de la M\u00e9diterran\u00e9e.<\/p>\n<p>Barcelone est c\u00e9l\u00e8bre pour son style de vie dynamique et sa proximit\u00e9 avec la mer, et ces bols sont une repr\u00e9sentation parfaite de cette connexion. Leur design artisanal et color\u00e9 en fait un souvenir authentique pour les touristes \u00e0 la recherche d&rsquo;un morceau de cette ville pleine de vie. Chez Ol\u00e9 Mosaic, nous sommes des distributeurs de souvenirs de haute qualit\u00e9, et ces bols en noix de coco sont une excellente option pour les boutiques de cadeaux touristiques souhaitant proposer des articles refl\u00e9tant la riche culture et les traditions de Barcelone. Avec notre s\u00e9lection, nous garantissons l&rsquo;authenticit\u00e9 et le style de chaque produit.<\/p>\n","protected":false},"excerpt":{"rendered":"<p>Bols en noix de coco de 13 x 6 cm, d\u00e9cor\u00e9s d&rsquo;illustrations de dauphins \u00e9voquant l&rsquo;essence vibrante de Barcelone. Chaque bol pr\u00e9sente une base color\u00e9e dans des tons tels que le bleu, le rouge, l&rsquo;orange et le rose, compl\u00e9t\u00e9e par des motifs de c\u0153urs et le nom \u00ab BARCELUNA \u00bb. Ces articles sont id\u00e9aux comme \u00e9l\u00e9ments d\u00e9coratifs ou pour servir des ap\u00e9ritifs, mettant en valeur leur design artisanal, peint \u00e0 la main, qui refl\u00e8te l&rsquo;esprit joyeux de la c\u00f4te catalane.<\/p>\n","protected":false},"featured_media":10681,"template":"","meta":{"_acf_changed":false},"product_brand":[],"product_cat":[521],"product_tag":[530],"class_list":{"0":"post-29862","1":"product","2":"type-product","3":"status-publish","4":"has-post-thumbnail","6":"product_cat-bols","7":"product_tag-animaux","8":"pa_ciudad-barcelona","9":"pa_motivo-dauphins","10":"pa_pais-espana","12":"first","13":"instock","14":"shipping-taxable","15":"product-type-simple"},"acf":[],"_links":{"self":[{"href":"https:\/\/olemosaic.com\/fr\/wp-json\/wp\/v2\/product\/29862","targetHints":{"allow":["GET"]}}],"collection":[{"href":"https:\/\/olemosaic.com\/fr\/wp-json\/wp\/v2\/product"}],"about":[{"href":"https:\/\/olemosaic.com\/fr\/wp-json\/wp\/v2\/types\/product"}],"wp:featuredmedia":[{"embeddable":true,"href":"https:\/\/olemosaic.com\/fr\/wp-json\/wp\/v2\/media\/10681"}],"wp:attachment":[{"href":"https:\/\/olemosaic.com\/fr\/wp-json\/wp\/v2\/media?parent=29862"}],"wp:term":[{"taxonomy":"product_brand","embeddable":true,"href":"https:\/\/olemosaic.com\/fr\/wp-json\/wp\/v2\/product_brand?post=29862"},{"taxonomy":"product_cat","embeddable":true,"href":"https:\/\/olemosaic.com\/fr\/wp-json\/wp\/v2\/product_cat?post=29862"},{"taxonomy":"product_tag","embeddable":true,"href":"https:\/\/olemosaic.com\/fr\/wp-json\/wp\/v2\/product_tag?post=29862"}],"curies":[{"name":"wp","href":"https:\/\/api.w.org\/{rel}","templated":true}]}}