{"id":29834,"date":"2025-02-20T23:31:26","date_gmt":"2025-02-20T22:31:26","guid":{"rendered":"http:\/\/olemosaic.com\/producto\/4-bols-de-coco-de-13-x-6-cm-tortuga-mallorca\/"},"modified":"2025-07-25T18:49:52","modified_gmt":"2025-07-25T16:49:52","slug":"4-bols-noix-de-coco-13-x-6-cm-tortue-majorque","status":"publish","type":"product","link":"https:\/\/olemosaic.com\/fr\/produit\/4-bols-noix-de-coco-13-x-6-cm-tortue-majorque\/","title":{"rendered":"4 Bols en noix de coco de 13 x 6 cm. Tortue. Majorque."},"content":{"rendered":"<p>Cet ensemble de 4 bols en noix de coco est un hommage vibrant \u00e0 la riche faune marine de Majorque, con\u00e7u pour capturer l&rsquo;essence de la M\u00e9diterran\u00e9e. Avec des dimensions de 13 x 6 cm, chaque bol a \u00e9t\u00e9 peint \u00e0 la main, garantissant que chaque pi\u00e8ce soit unique et authentique. Les couleurs attrayantes bleu, rouge, orange et dor\u00e9 s&rsquo;entrelacent dans une finition brillante et textur\u00e9e, \u00e9voquant la beaut\u00e9 naturelle des eaux majorquines et refl\u00e9tant la culture locale.<\/p>\n<p>Chaque bol comporte des illustrations de tortues, \u00e9l\u00e9ments embl\u00e9matiques de la faune marine, qui relient l&rsquo;utilisateur \u00e0 la vie sous-marine de cette \u00eele magnifique. Parfaits aussi bien pour servir des ap\u00e9ritifs que pour d\u00e9corer des espaces, ces bols ajoutent une touche m\u00e9diterran\u00e9enne \u00e0 n&rsquo;importe quel environnement. La finition textur\u00e9e rehausse non seulement son attrait visuel, mais assure \u00e9galement une exp\u00e9rience tactile agr\u00e9able.<\/p>\n<p>Ol\u00e9 Mosaic est fier de proposer ce souvenir authentique, repr\u00e9sentatif de Majorque, qui sera une excellente option pour les boutiques de cadeaux touristiques. Ce ne sont pas seulement des souvenirs de cuisine, mais une c\u00e9l\u00e9bration de la culture et des traditions m\u00e9diterran\u00e9ennes, id\u00e9aux pour les touristes qui cherchent \u00e0 ramener un petit morceau de Majorque chez eux. En tant que grossiste de produits authentiques, nous garantissons la qualit\u00e9 et l&rsquo;originalit\u00e9 de chaque pi\u00e8ce.<\/p>\n","protected":false},"excerpt":{"rendered":"<p>Ensemble de 4 bols en noix de coco de 13 x 6 cm, d\u00e9cor\u00e9s de couleurs vives repr\u00e9sentant la faune marine de Majorque, incluant une tortue dans chaque design. Chaque bol, de conception artisanale et peint \u00e0 la main, pr\u00e9sente une finition brillante et textur\u00e9e, avec des d\u00e9tails dans les tons bleu, rouge, orange et dor\u00e9 qui \u00e9voquent le style distinctif de l&rsquo;\u00eele. Parfaits comme \u00e9l\u00e9ment d\u00e9coratif ou pour servir des ap\u00e9ritifs, ces bols sont un hommage \u00e0 la riche culture m\u00e9diterran\u00e9enne.<\/p>\n","protected":false},"featured_media":10657,"template":"","meta":{"_acf_changed":false},"product_brand":[],"product_cat":[521],"product_tag":[530],"class_list":{"0":"post-29834","1":"product","2":"type-product","3":"status-publish","4":"has-post-thumbnail","6":"product_cat-bols","7":"product_tag-animaux","8":"pa_ciudad-mallorca","9":"pa_motivo-tortues","10":"pa_pais-espana","12":"first","13":"instock","14":"shipping-taxable","15":"product-type-simple"},"acf":[],"_links":{"self":[{"href":"https:\/\/olemosaic.com\/fr\/wp-json\/wp\/v2\/product\/29834","targetHints":{"allow":["GET"]}}],"collection":[{"href":"https:\/\/olemosaic.com\/fr\/wp-json\/wp\/v2\/product"}],"about":[{"href":"https:\/\/olemosaic.com\/fr\/wp-json\/wp\/v2\/types\/product"}],"wp:featuredmedia":[{"embeddable":true,"href":"https:\/\/olemosaic.com\/fr\/wp-json\/wp\/v2\/media\/10657"}],"wp:attachment":[{"href":"https:\/\/olemosaic.com\/fr\/wp-json\/wp\/v2\/media?parent=29834"}],"wp:term":[{"taxonomy":"product_brand","embeddable":true,"href":"https:\/\/olemosaic.com\/fr\/wp-json\/wp\/v2\/product_brand?post=29834"},{"taxonomy":"product_cat","embeddable":true,"href":"https:\/\/olemosaic.com\/fr\/wp-json\/wp\/v2\/product_cat?post=29834"},{"taxonomy":"product_tag","embeddable":true,"href":"https:\/\/olemosaic.com\/fr\/wp-json\/wp\/v2\/product_tag?post=29834"}],"curies":[{"name":"wp","href":"https:\/\/api.w.org\/{rel}","templated":true}]}}