{"id":29833,"date":"2025-02-20T23:31:26","date_gmt":"2025-02-20T22:31:26","guid":{"rendered":"http:\/\/olemosaic.com\/producto\/4-bols-de-coco-de-13-x-6-cm-delfin-menorca\/"},"modified":"2025-07-25T20:31:11","modified_gmt":"2025-07-25T18:31:11","slug":"4-bols-noix-de-coco-13-x-6-cm-dauphin-minorque","status":"publish","type":"product","link":"https:\/\/olemosaic.com\/fr\/produit\/4-bols-noix-de-coco-13-x-6-cm-dauphin-minorque\/","title":{"rendered":"4 Bols en noix de coco de 13 x 6 cm. Dauphin. Minorque."},"content":{"rendered":"<p>Cet ensemble de 4 bols en noix de coco d\u00e9cor\u00e9s de motifs de dauphins est un v\u00e9ritable bijou inspir\u00e9 par la beaut\u00e9 de la mer M\u00e9diterran\u00e9e, plus pr\u00e9cis\u00e9ment de Minorque. Chaque bol, de 13 x 6 cm, pr\u00e9sente un design unique et vibrant, id\u00e9al pour servir des ap\u00e9ritifs ou comme \u00e9l\u00e9ment d\u00e9coratif dans la maison. Les couleurs bleu, rose, jaune et blanc s&rsquo;entrelacent dans un contraste attrayant qui \u00e9voque la tranquillit\u00e9 et la fra\u00eecheur des eaux m\u00e9diterran\u00e9ennes. Au centre de chaque bol, un dauphin peint \u00e0 la main ressort, symbolisant la connexion avec la riche vie marine de la r\u00e9gion, ce qui en fait un souvenir tr\u00e8s repr\u00e9sentatif de Minorque. Ce motif d\u00e9taill\u00e9 sur chaque pi\u00e8ce ajoute non seulement une touche distinctive, mais c\u00e9l\u00e8bre \u00e9galement l&rsquo;artisanat local.<\/p>\n<p>L&rsquo;authenticit\u00e9 de ces bols en noix de coco en fait le cadeau parfait pour ceux qui souhaitent conserver leurs souvenirs de voyage ou pour ceux qui d\u00e9sirent ajouter une touche de charme m\u00e9diterran\u00e9en \u00e0 leur foyer. Chez Ol\u00e9 Mosaic, nous sommes distributeurs de souvenirs uniques et de qualit\u00e9, et ces bols sont une excellente option pour les boutiques de cadeaux touristiques souhaitant proposer des produits qui capturent l&rsquo;essence de Minorque. Avec cet ensemble, le client n&rsquo;acquerra pas seulement un souvenir, mais une pi\u00e8ce de la riche culture m\u00e9diterran\u00e9enne.<\/p>\n","protected":false},"excerpt":{"rendered":"<p>Ensemble de 4 bols en noix de coco de 13 x 6 cm d\u00e9cor\u00e9s de motifs color\u00e9s de dauphins, inspir\u00e9s par la beaut\u00e9 de Minorque. Chaque bol pr\u00e9sente un design unique avec des \u00e9l\u00e9ments en bleu, rose, jaune et blanc, cr\u00e9ant un contraste attrayant qui \u00e9voque la mer M\u00e9diterran\u00e9e. Le motif du dauphin, de conception artisanale et peint \u00e0 la main au centre, ajoute une touche distinctive, id\u00e9ale pour servir des ap\u00e9ritifs ou comme \u00e9l\u00e9ment d\u00e9coratif dans n&rsquo;importe quelle maison.<\/p>\n","protected":false},"featured_media":13801,"template":"","meta":{"_acf_changed":false},"product_brand":[],"product_cat":[521],"product_tag":[530],"class_list":{"0":"post-29833","1":"product","2":"type-product","3":"status-publish","4":"has-post-thumbnail","6":"product_cat-bols","7":"product_tag-animaux","8":"pa_ciudad-menorca","9":"pa_motivo-dauphins","10":"pa_pais-espana","12":"first","13":"instock","14":"shipping-taxable","15":"product-type-simple"},"acf":[],"_links":{"self":[{"href":"https:\/\/olemosaic.com\/fr\/wp-json\/wp\/v2\/product\/29833","targetHints":{"allow":["GET"]}}],"collection":[{"href":"https:\/\/olemosaic.com\/fr\/wp-json\/wp\/v2\/product"}],"about":[{"href":"https:\/\/olemosaic.com\/fr\/wp-json\/wp\/v2\/types\/product"}],"wp:featuredmedia":[{"embeddable":true,"href":"https:\/\/olemosaic.com\/fr\/wp-json\/wp\/v2\/media\/13801"}],"wp:attachment":[{"href":"https:\/\/olemosaic.com\/fr\/wp-json\/wp\/v2\/media?parent=29833"}],"wp:term":[{"taxonomy":"product_brand","embeddable":true,"href":"https:\/\/olemosaic.com\/fr\/wp-json\/wp\/v2\/product_brand?post=29833"},{"taxonomy":"product_cat","embeddable":true,"href":"https:\/\/olemosaic.com\/fr\/wp-json\/wp\/v2\/product_cat?post=29833"},{"taxonomy":"product_tag","embeddable":true,"href":"https:\/\/olemosaic.com\/fr\/wp-json\/wp\/v2\/product_tag?post=29833"}],"curies":[{"name":"wp","href":"https:\/\/api.w.org\/{rel}","templated":true}]}}