{"id":29832,"date":"2025-02-20T23:31:26","date_gmt":"2025-02-20T22:31:26","guid":{"rendered":"http:\/\/olemosaic.com\/producto\/4-bols-de-coco-de-13-x-6-cm-caballito-de-mar-2\/"},"modified":"2025-07-25T18:52:57","modified_gmt":"2025-07-25T16:52:57","slug":"4-bols-noix-de-coco-13-x-6-cm-hippocampe-fond-marin","status":"publish","type":"product","link":"https:\/\/olemosaic.com\/fr\/produit\/4-bols-noix-de-coco-13-x-6-cm-hippocampe-fond-marin\/","title":{"rendered":"4 Bols en noix de coco de 13 x 6 cm. Hippocampe. Fond marin."},"content":{"rendered":"<p>Cet ensemble de quatre bols en noix de coco d\u00e9cor\u00e9s de charmants motifs d&rsquo;hippocampes est id\u00e9al pour ceux qui recherchent une touche cr\u00e9ative et originale dans leur maison. Chaque bol, mesurant 13 x 6 cm, a \u00e9t\u00e9 fabriqu\u00e9 de mani\u00e8re artisanale, ce qui garantit la singularit\u00e9 et l&rsquo;authenticit\u00e9 de chaque pi\u00e8ce. Les motifs peints \u00e0 la main pr\u00e9sentent des couleurs vibrantes telles que le bleu, le rose, le jaune et le marron, qui \u00e9voquent la fra\u00eecheur de l&rsquo;oc\u00e9an et cr\u00e9ent une atmosph\u00e8re joyeuse et accueillante.<\/p>\n<p>Les hippocampes, repr\u00e9sent\u00e9s sur chaque bol, sont encadr\u00e9s par des d\u00e9tails en mosa\u00efque qui apportent un caract\u00e8re maritime et ludique, parfaits pour servir des ap\u00e9ritifs lors de r\u00e9unions ou simplement comme pi\u00e8ces d\u00e9coratives qui rehaussent l&rsquo;esth\u00e9tique de n&rsquo;importe quel espace. Ce souvenir ne c\u00e9l\u00e8bre pas seulement la richesse des fonds marins, mais refl\u00e8te \u00e9galement la tradition artisanale des r\u00e9gions c\u00f4ti\u00e8res o\u00f9 ils sont fabriqu\u00e9s.<\/p>\n<p>En tant que distributeur de souvenirs en gros, Ol\u00e9 Mosaic propose des produits qui mettent en valeur la culture et la beaut\u00e9 du paysage espagnol. Ces bols en noix de coco sont une excellente option pour les boutiques de cadeaux touristiques \u00e0 la recherche d&rsquo;articles uniques et color\u00e9s qui captivent les touristes. Un souvenir authentique, parfait pour ceux qui aspirent \u00e0 un petit morceau d&rsquo;oc\u00e9an dans leur foyer.<\/p>\n","protected":false},"excerpt":{"rendered":"<p>Ensemble de 4 bols en noix de coco de 13 x 6 cm, d\u00e9cor\u00e9s de charmants motifs d&rsquo;hippocampes. Chaque bol pr\u00e9sente un design unique, une conception artisanale, peint \u00e0 la main, avec des d\u00e9tails en mosa\u00efque qui se distinguent par des couleurs vibrantes comme le bleu, le rose, le jaune et le marron. Cette magnifique collection capture l&rsquo;essence des fonds marins, id\u00e9ale pour servir des ap\u00e9ritifs ou comme pi\u00e8ce d\u00e9corative dans n&rsquo;importe quelle maison. Parfait pour ceux qui recherchent une touche de fra\u00eecheur et d&rsquo;originalit\u00e9 sur leur table.<\/p>\n","protected":false},"featured_media":10686,"template":"","meta":{"_acf_changed":false},"product_brand":[],"product_cat":[521],"product_tag":[530],"class_list":{"0":"post-29832","1":"product","2":"type-product","3":"status-publish","4":"has-post-thumbnail","6":"product_cat-bols","7":"product_tag-animaux","8":"pa_motivo-hippocampes","10":"first","11":"instock","12":"shipping-taxable","13":"product-type-simple"},"acf":[],"_links":{"self":[{"href":"https:\/\/olemosaic.com\/fr\/wp-json\/wp\/v2\/product\/29832","targetHints":{"allow":["GET"]}}],"collection":[{"href":"https:\/\/olemosaic.com\/fr\/wp-json\/wp\/v2\/product"}],"about":[{"href":"https:\/\/olemosaic.com\/fr\/wp-json\/wp\/v2\/types\/product"}],"wp:featuredmedia":[{"embeddable":true,"href":"https:\/\/olemosaic.com\/fr\/wp-json\/wp\/v2\/media\/10686"}],"wp:attachment":[{"href":"https:\/\/olemosaic.com\/fr\/wp-json\/wp\/v2\/media?parent=29832"}],"wp:term":[{"taxonomy":"product_brand","embeddable":true,"href":"https:\/\/olemosaic.com\/fr\/wp-json\/wp\/v2\/product_brand?post=29832"},{"taxonomy":"product_cat","embeddable":true,"href":"https:\/\/olemosaic.com\/fr\/wp-json\/wp\/v2\/product_cat?post=29832"},{"taxonomy":"product_tag","embeddable":true,"href":"https:\/\/olemosaic.com\/fr\/wp-json\/wp\/v2\/product_tag?post=29832"}],"curies":[{"name":"wp","href":"https:\/\/api.w.org\/{rel}","templated":true}]}}