{"id":29831,"date":"2025-02-20T22:31:26","date_gmt":"2025-02-20T22:31:26","guid":{"rendered":"http:\/\/olemosaic.com\/producto\/4-bols-de-coco-de-13-x-6-cm-delfin-gran-canaria\/"},"modified":"2025-07-25T19:14:21","modified_gmt":"2025-07-25T17:14:21","slug":"4-bols-en-noix-de-coco-13-x-6-cm-dauphin-grande-canarie","status":"publish","type":"product","link":"https:\/\/olemosaic.com\/fr\/produit\/4-bols-en-noix-de-coco-13-x-6-cm-dauphin-grande-canarie\/","title":{"rendered":"4 Bols en noix de coco de 13 x 6 cm. Dauphin. Grande Canarie."},"content":{"rendered":"<p>Ce lot de quatre bols en noix de coco de 13 x 6 cm est une repr\u00e9sentation unique de l&rsquo;essence de la Grande Canarie, inoubliable pour ceux qui recherchent un souvenir authentique de l&rsquo;\u00eele. Chaque bol est m\u00e9ticuleusement d\u00e9cor\u00e9 de motifs de dauphins, symboles de la vie marine qui entoure les Canaries, et pr\u00e9sente un design vibrant et color\u00e9 qui \u00e9voque le bleu profond de l&rsquo;oc\u00e9an et les nuances douces de la c\u00f4te. Les mosa\u00efques, compos\u00e9es de tons bleus et dor\u00e9s iris\u00e9s et de diverses formes, capturent la joie et le dynamisme de ces magnifiques mammif\u00e8res marins.<\/p>\n<p>De plus, chaque bol poss\u00e8de une touche artisanale qui souligne son caract\u00e8re distinctif et naturel, ce qui les rend id\u00e9aux aussi bien pour servir de petits ap\u00e9ritifs que pour d\u00e9corer n&rsquo;importe quel espace, ajoutant une note de fra\u00eecheur et de culture canarienne. L&rsquo;utilisation de mat\u00e9riaux naturels garantit non seulement un produit esth\u00e9tiquement attrayant, mais aussi respectueux de l&rsquo;environnement, en accord avec les tendances actuelles de durabilit\u00e9.<\/p>\n<p>Chez Ol\u00e9 Mosaic, nous nous sp\u00e9cialisons dans la distribution de souvenirs en gros, proposant des produits qui mettent en valeur la richesse culturelle et naturelle de l&rsquo;Espagne. Ce lot de bols en noix de coco est une option fantastique pour les boutiques de cadeaux touristiques \u00e0 la recherche d&rsquo;articles uniques et authentiques pour leurs clients souhaitant emporter un morceau de la Grande Canarie. Avec un design qui parle de la beaut\u00e9 marine et de la tradition canarienne, ces souvenirs sont le cadeau parfait pour tout visiteur souhaitant se souvenir de son exp\u00e9rience sur l&rsquo;\u00eele.<\/p>\n","protected":false},"excerpt":{"rendered":"<p>Ensemble de 4 bols en noix de coco de 13 x 6 cm, d\u00e9cor\u00e9s de motifs de dauphins qui \u00e9voquent l&rsquo;essence de la Grande Canarie. Chaque bol affiche un design unique et color\u00e9, avec des mosa\u00efques dans des tons bleus et dor\u00e9s, et des d\u00e9tails de diff\u00e9rentes formes rappelant la mer et la vie marine. Ces bols, fabriqu\u00e9s \u00e0 partir de mat\u00e9riaux naturels, sont parfaits comme \u00e9l\u00e9ments d\u00e9coratifs ou pour servir de petits ap\u00e9ritifs, apportant une touche canarienne \u00e0 n&rsquo;importe quel environnement.<\/p>\n","protected":false},"featured_media":10705,"template":"","meta":{"_acf_changed":false},"product_brand":[],"product_cat":[521],"product_tag":[530],"class_list":{"0":"post-29831","1":"product","2":"type-product","3":"status-publish","4":"has-post-thumbnail","6":"product_cat-bols","7":"product_tag-animaux","8":"pa_ciudad-gran-canaria","9":"pa_motivo-dauphins","10":"pa_pais-espana","12":"first","13":"instock","14":"shipping-taxable","15":"product-type-simple"},"acf":[],"_links":{"self":[{"href":"https:\/\/olemosaic.com\/fr\/wp-json\/wp\/v2\/product\/29831","targetHints":{"allow":["GET"]}}],"collection":[{"href":"https:\/\/olemosaic.com\/fr\/wp-json\/wp\/v2\/product"}],"about":[{"href":"https:\/\/olemosaic.com\/fr\/wp-json\/wp\/v2\/types\/product"}],"wp:featuredmedia":[{"embeddable":true,"href":"https:\/\/olemosaic.com\/fr\/wp-json\/wp\/v2\/media\/10705"}],"wp:attachment":[{"href":"https:\/\/olemosaic.com\/fr\/wp-json\/wp\/v2\/media?parent=29831"}],"wp:term":[{"taxonomy":"product_brand","embeddable":true,"href":"https:\/\/olemosaic.com\/fr\/wp-json\/wp\/v2\/product_brand?post=29831"},{"taxonomy":"product_cat","embeddable":true,"href":"https:\/\/olemosaic.com\/fr\/wp-json\/wp\/v2\/product_cat?post=29831"},{"taxonomy":"product_tag","embeddable":true,"href":"https:\/\/olemosaic.com\/fr\/wp-json\/wp\/v2\/product_tag?post=29831"}],"curies":[{"name":"wp","href":"https:\/\/api.w.org\/{rel}","templated":true}]}}