{"id":29830,"date":"2025-02-20T23:31:26","date_gmt":"2025-02-20T22:31:26","guid":{"rendered":"http:\/\/olemosaic.com\/producto\/4-bols-de-coco-de-13-x-6-cm-sardina-lisboa-2\/"},"modified":"2025-07-25T19:26:33","modified_gmt":"2025-07-25T17:26:33","slug":"4-bols-en-noix-de-coco-13-x-6-cm-sardine-lisbonne","status":"publish","type":"product","link":"https:\/\/olemosaic.com\/fr\/produit\/4-bols-en-noix-de-coco-13-x-6-cm-sardine-lisbonne\/","title":{"rendered":"4 Bols en noix de coco de 13 x 6 cm. Sardine. Lisbonne. C\u0153urs et fleurs."},"content":{"rendered":"<p>Ce lot de 4 bols en noix de coco de 13 x 6 cm est une repr\u00e9sentation spectaculaire de la riche culture portugaise, id\u00e9al pour ceux qui recherchent des souvenirs authentiques de Lisbonne. Chaque bol est d\u00e9cor\u00e9 \u00e0 la main avec des motifs frappants qui \u00e9voquent l&rsquo;art des azulejos traditionnels, mettant en avant des illustrations de sardines et de fleurs vibrantes. La palette de couleurs est captivante, combinant des tons bleus, jaunes et roses, ainsi que des formes d\u00e9licates de c\u0153urs qui ajoutent une touche de joie.<\/p>\n<p>Les designs uniques de chaque bol en font des pi\u00e8ces d\u00e9coratives parfaites, id\u00e9ales pour servir des ap\u00e9ritifs ou comme \u00e9l\u00e9ments de d\u00e9coration dans n&rsquo;importe quelle maison. La forme classique et les d\u00e9tails pittoresques refl\u00e8tent la tradition de Lisbonne, o\u00f9 la sardine est un symbole culturel profond\u00e9ment enracin\u00e9, particuli\u00e8rement lors des festivit\u00e9s de la Saint-Antoine. Cet ensemble de bols n&rsquo;est pas seulement fonctionnel, il agit \u00e9galement comme un souvenir \u00e9vocateur de la beaut\u00e9 et de l&rsquo;art de rue de la capitale portugaise.<\/p>\n<p>Chez Ol\u00e9 Mosaic, nous sommes fiers de proposer une large gamme de souvenirs de Lisbonne, et ces bols en noix de coco sont une excellente option pour les boutiques de cadeaux touristiques \u00e0 la recherche de produits authentiques et attrayants. En tant que distributeurs de souvenirs en gros, nous garantissons la qualit\u00e9 et l&rsquo;authenticit\u00e9 de chaque pi\u00e8ce, faisant de ces bols un achat id\u00e9al pour ceux qui souhaitent ramener un morceau de Portugal chez eux.<\/p>\n","protected":false},"excerpt":{"rendered":"<p>Bols en noix de coco de 13 x 6 cm d\u00e9cor\u00e9s de motifs color\u00e9s, repr\u00e9sentant des sardines et des fleurs, inspir\u00e9s par la tradition lisbo\u00e8te. Chaque bol, au design artisanal unique et peint \u00e0 la main, combine des formes de c\u0153urs et de fleurs dans des tons vibrants, tels que le bleu, le jaune et le rose, cr\u00e9ant un attrait visuel. Id\u00e9aux comme \u00e9l\u00e9ment d\u00e9coratif ou pour servir des ap\u00e9ritifs, ces bols refl\u00e8tent la culture et l&rsquo;art de l&rsquo;azulejo portugais.<\/p>\n","protected":false},"featured_media":10696,"template":"","meta":{"_acf_changed":false},"product_brand":[],"product_cat":[521],"product_tag":[530],"class_list":{"0":"post-29830","1":"product","2":"type-product","3":"status-publish","4":"has-post-thumbnail","6":"product_cat-bols","7":"product_tag-animaux","8":"pa_ciudad-lisboa","9":"pa_motivo-sardines","10":"pa_pais-portugal","12":"first","13":"instock","14":"shipping-taxable","15":"product-type-simple"},"acf":[],"_links":{"self":[{"href":"https:\/\/olemosaic.com\/fr\/wp-json\/wp\/v2\/product\/29830","targetHints":{"allow":["GET"]}}],"collection":[{"href":"https:\/\/olemosaic.com\/fr\/wp-json\/wp\/v2\/product"}],"about":[{"href":"https:\/\/olemosaic.com\/fr\/wp-json\/wp\/v2\/types\/product"}],"wp:featuredmedia":[{"embeddable":true,"href":"https:\/\/olemosaic.com\/fr\/wp-json\/wp\/v2\/media\/10696"}],"wp:attachment":[{"href":"https:\/\/olemosaic.com\/fr\/wp-json\/wp\/v2\/media?parent=29830"}],"wp:term":[{"taxonomy":"product_brand","embeddable":true,"href":"https:\/\/olemosaic.com\/fr\/wp-json\/wp\/v2\/product_brand?post=29830"},{"taxonomy":"product_cat","embeddable":true,"href":"https:\/\/olemosaic.com\/fr\/wp-json\/wp\/v2\/product_cat?post=29830"},{"taxonomy":"product_tag","embeddable":true,"href":"https:\/\/olemosaic.com\/fr\/wp-json\/wp\/v2\/product_tag?post=29830"}],"curies":[{"name":"wp","href":"https:\/\/api.w.org\/{rel}","templated":true}]}}