{"id":29829,"date":"2025-02-20T22:31:26","date_gmt":"2025-02-20T22:31:26","guid":{"rendered":"http:\/\/olemosaic.com\/producto\/4-bols-de-coco-de-13-x-6-cm-isla-lanzarote\/"},"modified":"2025-07-25T18:54:15","modified_gmt":"2025-07-25T16:54:15","slug":"4-bols-en-noix-de-coco-13-x-6-cm-ile-lanzarote","status":"publish","type":"product","link":"https:\/\/olemosaic.com\/fr\/produit\/4-bols-en-noix-de-coco-13-x-6-cm-ile-lanzarote\/","title":{"rendered":"4 Bols en noix de coco de 13 x 6 cm. \u00cele. Lanzarote."},"content":{"rendered":"<p>Cet ensemble de quatre bols en noix de coco, de 13 x 6 cm, est une repr\u00e9sentation color\u00e9e de la beaut\u00e9 de Lanzarote, l&rsquo;un des joyaux de l&rsquo;archipel des Canaries. Chaque bol refl\u00e8te l&rsquo;essence volcanique de l&rsquo;\u00eele, m\u00e9ticuleusement \u00e9labor\u00e9 avec un design vibrant qui inclut des finitions frappantes en bleu, rose, jaune et blanc. Les d\u00e9tails d\u00e9coratifs de petites pierres \u00e9voquent le paysage unique de Lanzarote, ajoutant une touche exotique et artistique \u00e0 n&rsquo;importe quelle table.<\/p>\n<p>Id\u00e9aux pour servir des ap\u00e9ritifs ou simplement comme \u00e9l\u00e9ment d\u00e9coratif, ces bols ne sont pas seulement fonctionnels, mais rendent \u00e9galement hommage au riche h\u00e9ritage culturel des \u00eeles Canaries. Leur format parfait et leur attrait visuel en font un excellent souvenir de Lanzarote, id\u00e9al pour les touristes cherchant \u00e0 se rem\u00e9morer leur exp\u00e9rience sur l&rsquo;\u00eele \u00e0 travers un article authentique et repr\u00e9sentatif. Chez Ol\u00e9 Mosaic, nous proposons ces charmants bols en noix de coco en gros, \u00e9tant un distributeur de souvenirs culturels pour les boutiques de cadeaux touristiques. Cet ensemble est une option exceptionnelle pour ceux qui recherchent un cadeau significatif et distinctif qui capture l&rsquo;essence canarienne \u00e0 chaque bouch\u00e9e.<\/p>\n","protected":false},"excerpt":{"rendered":"<p>Ensemble de 4 bols en noix de coco de 13 x 6 cm, inspir\u00e9s par la beaut\u00e9 de Lanzarote. Ces charmants bols pr\u00e9sentent un design color\u00e9 avec des finitions en bleu, rose, jaune et blanc, d\u00e9cor\u00e9s de petites pierres qui \u00e9voquent le paysage volcanique de l&rsquo;\u00eele. Chaque bol est m\u00e9ticuleusement \u00e9labor\u00e9, offrant une touche vibrante et exotique \u00e0 votre table. Parfaits pour servir des ap\u00e9ritifs ou comme \u00e9l\u00e9ment d\u00e9coratif, ces bols en noix de coco sont un hommage \u00e0 la riche culture canarienne.<\/p>\n","protected":false},"featured_media":12130,"template":"","meta":{"_acf_changed":false},"product_brand":[],"product_cat":[521],"product_tag":[],"class_list":{"0":"post-29829","1":"product","2":"type-product","3":"status-publish","4":"has-post-thumbnail","6":"product_cat-bols","7":"pa_ciudad-lanzarote","8":"pa_motivo-iles","9":"pa_pais-espana","11":"first","12":"instock","13":"shipping-taxable","14":"product-type-simple"},"acf":[],"_links":{"self":[{"href":"https:\/\/olemosaic.com\/fr\/wp-json\/wp\/v2\/product\/29829","targetHints":{"allow":["GET"]}}],"collection":[{"href":"https:\/\/olemosaic.com\/fr\/wp-json\/wp\/v2\/product"}],"about":[{"href":"https:\/\/olemosaic.com\/fr\/wp-json\/wp\/v2\/types\/product"}],"wp:featuredmedia":[{"embeddable":true,"href":"https:\/\/olemosaic.com\/fr\/wp-json\/wp\/v2\/media\/12130"}],"wp:attachment":[{"href":"https:\/\/olemosaic.com\/fr\/wp-json\/wp\/v2\/media?parent=29829"}],"wp:term":[{"taxonomy":"product_brand","embeddable":true,"href":"https:\/\/olemosaic.com\/fr\/wp-json\/wp\/v2\/product_brand?post=29829"},{"taxonomy":"product_cat","embeddable":true,"href":"https:\/\/olemosaic.com\/fr\/wp-json\/wp\/v2\/product_cat?post=29829"},{"taxonomy":"product_tag","embeddable":true,"href":"https:\/\/olemosaic.com\/fr\/wp-json\/wp\/v2\/product_tag?post=29829"}],"curies":[{"name":"wp","href":"https:\/\/api.w.org\/{rel}","templated":true}]}}