{"id":29827,"date":"2025-02-20T23:31:25","date_gmt":"2025-02-20T22:31:25","guid":{"rendered":"http:\/\/olemosaic.com\/producto\/4-bols-de-coco-de-13-x-6-cm-animales-del-mar-menorca-2\/"},"modified":"2025-07-25T19:38:59","modified_gmt":"2025-07-25T17:38:59","slug":"4-bols-en-noix-de-coco-13-x-6-cm-animaux-marins-minorque","status":"publish","type":"product","link":"https:\/\/olemosaic.com\/fr\/produit\/4-bols-en-noix-de-coco-13-x-6-cm-animaux-marins-minorque\/","title":{"rendered":"4 Bols en noix de coco de 13 x 6 cm. Animaux marins. Minorque. Bal\u00e9ares."},"content":{"rendered":"<p>Cet ensemble de 4 bols en noix de coco de 13 x 6 cm est un v\u00e9ritable hommage \u00e0 la beaut\u00e9 naturelle de Minorque, parfait pour ceux qui recherchent une touche d\u00e9corative unique. Chaque bol pr\u00e9sente un design tr\u00e8s sp\u00e9cial, avec des illustrations d&rsquo;animaux marins fascinants tels qu&rsquo;un dauphin, une tortue et un l\u00e9zard, le tout sur un fond bleu vibrant qui \u00e9voque les eaux cristallines entourant l&rsquo;\u00eele. Le mot \u00ab\u00a0Minorque\u00a0\u00bb se distingue sur chaque pi\u00e8ce, entour\u00e9 d&rsquo;un motif d\u00e9licat rappelant les mosa\u00efques traditionnelles, c\u00e9l\u00e9brant le riche h\u00e9ritage artisanal de la r\u00e9gion.<\/p>\n<p>Ces bols ne sont pas seulement id\u00e9aux pour servir des ap\u00e9ritifs, mais fonctionnent \u00e9galement comme des \u00e9l\u00e9ments d\u00e9coratifs attrayants dans n&rsquo;importe quelle maison. Leur caract\u00e8re artisanal et les illustrations de la faune locale refl\u00e8tent l&rsquo;authenticit\u00e9 de Minorque, ce qui en fait un souvenir repr\u00e9sentatif parfait pour les touristes souhaitant emporter un morceau de l&rsquo;\u00eele. Chez Ol\u00e9 Mosaic, nous distribuons ces souvenirs de Minorque en gros, garantissant que chaque pi\u00e8ce mette en valeur la culture et le mode de vie m\u00e9diterran\u00e9en. Les bols en noix de coco sont une excellente option pour les boutiques de cadeaux touristiques cherchant \u00e0 proposer des produits qui capturent l&rsquo;essence de l&rsquo;\u00eele.<\/p>\n","protected":false},"excerpt":{"rendered":"<p>Bols en noix de coco de 13 x 6 cm, id\u00e9aux pour apporter une touche d\u00e9corative de Minorque \u00e0 votre int\u00e9rieur. Chaque bol pr\u00e9sente un design diff\u00e9rent, avec des figures d&rsquo;animaux marins comme un dauphin, une tortue et d&rsquo;autres motifs repr\u00e9sentatifs de la faune locale, le tout dans un bleu \u00e9clatant. La finition inclut le mot \u00ab\u00a0Minorque\u00a0\u00bb et est encadr\u00e9e par un motif d\u00e9licat rappelant les mosa\u00efques artisanales, cr\u00e9ant un ensemble attrayant et authentique. Parfaits pour servir des ap\u00e9ritifs ou comme \u00e9l\u00e9ment d\u00e9coratif.<\/p>\n","protected":false},"featured_media":13800,"template":"","meta":{"_acf_changed":false},"product_brand":[],"product_cat":[521],"product_tag":[530],"class_list":{"0":"post-29827","1":"product","2":"type-product","3":"status-publish","4":"has-post-thumbnail","6":"product_cat-bols","7":"product_tag-animaux","8":"pa_ciudad-menorca","9":"pa_motivo-animaux-marins","10":"pa_pais-espana","12":"first","13":"instock","14":"shipping-taxable","15":"product-type-simple"},"acf":[],"_links":{"self":[{"href":"https:\/\/olemosaic.com\/fr\/wp-json\/wp\/v2\/product\/29827","targetHints":{"allow":["GET"]}}],"collection":[{"href":"https:\/\/olemosaic.com\/fr\/wp-json\/wp\/v2\/product"}],"about":[{"href":"https:\/\/olemosaic.com\/fr\/wp-json\/wp\/v2\/types\/product"}],"wp:featuredmedia":[{"embeddable":true,"href":"https:\/\/olemosaic.com\/fr\/wp-json\/wp\/v2\/media\/13800"}],"wp:attachment":[{"href":"https:\/\/olemosaic.com\/fr\/wp-json\/wp\/v2\/media?parent=29827"}],"wp:term":[{"taxonomy":"product_brand","embeddable":true,"href":"https:\/\/olemosaic.com\/fr\/wp-json\/wp\/v2\/product_brand?post=29827"},{"taxonomy":"product_cat","embeddable":true,"href":"https:\/\/olemosaic.com\/fr\/wp-json\/wp\/v2\/product_cat?post=29827"},{"taxonomy":"product_tag","embeddable":true,"href":"https:\/\/olemosaic.com\/fr\/wp-json\/wp\/v2\/product_tag?post=29827"}],"curies":[{"name":"wp","href":"https:\/\/api.w.org\/{rel}","templated":true}]}}