{"id":29824,"date":"2025-02-20T22:31:25","date_gmt":"2025-02-20T22:31:25","guid":{"rendered":"http:\/\/olemosaic.com\/producto\/4-bols-de-coco-de-13-x-6-cm-camello-lanzarote\/"},"modified":"2025-07-25T18:42:51","modified_gmt":"2025-07-25T16:42:51","slug":"4-bols-en-noix-de-coco-de-13-x-6-cm-chameau-lanzarote","status":"publish","type":"product","link":"https:\/\/olemosaic.com\/fr\/produit\/4-bols-en-noix-de-coco-de-13-x-6-cm-chameau-lanzarote\/","title":{"rendered":"4 Bols en noix de coco de 13 x 6 cm. Chameau. Lanzarote."},"content":{"rendered":"<p>Cet ensemble de bols en noix de coco de Lanzarote est un hommage \u00e0 la beaut\u00e9 de l&rsquo;art insulaire, offrant quatre pi\u00e8ces uniques de 13 x 6 cm, parfaites aussi bien pour servir des ap\u00e9ritifs que pour d\u00e9corer n&rsquo;importe quel coin de votre maison. Chaque bol est fabriqu\u00e9 \u00e0 partir d&rsquo;une base de noix de coco naturelle, ce qui garantit une authenticit\u00e9 et une touche rustique refl\u00e9tant l&rsquo;essence des \u00eeles Canaries. Les motifs color\u00e9s de chameaux, pr\u00e9sents sur chaque bol, se distinguent gr\u00e2ce \u00e0 une technique artisanale qui met en valeur les tons vifs de bleu, jaune, rose et violet, cr\u00e9ant des motifs circulaires qui \u00e9voquent la tradition de l&rsquo;art local.<\/p>\n<p>Visuellement, chaque bol est un d\u00e9lice : le contraste des tons vibrants sur le fond naturel de la noix de coco cr\u00e9e un effet visuel captivant qui non seulement ajoute de la couleur \u00e0 la pr\u00e9sentation des aliments, mais en fait \u00e9galement un \u00e9l\u00e9ment d\u00e9coratif id\u00e9al. Les chameaux, symboles embl\u00e9matiques de Lanzarote, ajoutent une signification culturelle profonde, rappelant aux touristes des moments inoubliables de leur visite.<\/p>\n<p>Ce lot de bols n&rsquo;est pas seulement une excellente option pour ceux qui recherchent des souvenirs de Lanzarote, mais il repr\u00e9sente \u00e9galement une fusion entre fonctionnalit\u00e9 et authenticit\u00e9, parfaite pour les boutiques de cadeaux touristiques qui souhaitent proposer des produits qui racontent une histoire. Chez Ol\u00e9 Mosaic, nous sommes experts dans la distribution de souvenirs en gros, et cet ensemble de bols en noix de coco est une pi\u00e8ce ma\u00eetresse pour ceux qui souhaitent emporter un souvenir authentique de leur exp\u00e9rience canarienne.<\/p>\n","protected":false},"excerpt":{"rendered":"<p>Bols en noix de coco de 13 x 6 cm d\u00e9cor\u00e9s de motifs color\u00e9s de chameaux, repr\u00e9sentatifs de Lanzarote. Chaque bol pr\u00e9sente une finition unique, avec une base en noix de coco naturelle et des d\u00e9tails dans des tons de bleu, jaune, rose et violet, cr\u00e9\u00e9s selon une technique artisanale. Les designs circulaires \u00e9voquent la tradition de l&rsquo;art local, ce qui en fait des \u00e9l\u00e9ments id\u00e9aux pour servir des ap\u00e9ritifs ou pour d\u00e9corer n&rsquo;importe quel int\u00e9rieur.<\/p>\n","protected":false},"featured_media":12131,"template":"","meta":{"_acf_changed":false},"product_brand":[],"product_cat":[521],"product_tag":[530],"class_list":{"0":"post-29824","1":"product","2":"type-product","3":"status-publish","4":"has-post-thumbnail","6":"product_cat-bols","7":"product_tag-animaux","8":"pa_ciudad-lanzarote","9":"pa_motivo-chameaux","10":"pa_pais-espana","12":"first","13":"instock","14":"shipping-taxable","15":"product-type-simple"},"acf":[],"_links":{"self":[{"href":"https:\/\/olemosaic.com\/fr\/wp-json\/wp\/v2\/product\/29824","targetHints":{"allow":["GET"]}}],"collection":[{"href":"https:\/\/olemosaic.com\/fr\/wp-json\/wp\/v2\/product"}],"about":[{"href":"https:\/\/olemosaic.com\/fr\/wp-json\/wp\/v2\/types\/product"}],"wp:featuredmedia":[{"embeddable":true,"href":"https:\/\/olemosaic.com\/fr\/wp-json\/wp\/v2\/media\/12131"}],"wp:attachment":[{"href":"https:\/\/olemosaic.com\/fr\/wp-json\/wp\/v2\/media?parent=29824"}],"wp:term":[{"taxonomy":"product_brand","embeddable":true,"href":"https:\/\/olemosaic.com\/fr\/wp-json\/wp\/v2\/product_brand?post=29824"},{"taxonomy":"product_cat","embeddable":true,"href":"https:\/\/olemosaic.com\/fr\/wp-json\/wp\/v2\/product_cat?post=29824"},{"taxonomy":"product_tag","embeddable":true,"href":"https:\/\/olemosaic.com\/fr\/wp-json\/wp\/v2\/product_tag?post=29824"}],"curies":[{"name":"wp","href":"https:\/\/api.w.org\/{rel}","templated":true}]}}