{"id":29823,"date":"2025-02-20T23:31:25","date_gmt":"2025-02-20T22:31:25","guid":{"rendered":"http:\/\/olemosaic.com\/producto\/salamandra-figura-de-resina-de-17-cm-pintada-a-mano\/"},"modified":"2025-07-25T18:57:30","modified_gmt":"2025-07-25T16:57:30","slug":"salamandre-figurine-en-resine-de-17-cm-peinte-a-la-main","status":"publish","type":"product","link":"https:\/\/olemosaic.com\/fr\/produit\/salamandre-figurine-en-resine-de-17-cm-peinte-a-la-main\/","title":{"rendered":"Salamandre. Figurine en mosa\u00efque de 17 cm."},"content":{"rendered":"<p>Ce souvenir color\u00e9 repr\u00e9sente une charmante figurine en r\u00e9sine de 17 cm en forme de salamandre, soigneusement peinte \u00e0 la main avec un effet mosa\u00efque, qui capture l&rsquo;essence vibrante du folklore espagnol. La salamandre se distingue par son design en mosa\u00efque, combinant des nuances de bleu, rouge, jaune et noir, \u00e9voquant le riche h\u00e9ritage culturel de r\u00e9gions comme l&rsquo;Andalousie. Chaque d\u00e9tail a \u00e9t\u00e9 m\u00e9ticuleusement travaill\u00e9, ce qui se refl\u00e8te dans sa finition minutieuse qui souligne la texture de la mosa\u00efque, offrant un aspect authentique et artisanal.<\/p>\n<p>Cette figurine n&rsquo;est pas seulement un \u00e9l\u00e9ment d\u00e9coratif qui peut apporter une touche artistique et dynamique \u00e0 n&rsquo;importe quel espace, mais elle devient \u00e9galement un symbole de la faune et de la tradition artistique de l&rsquo;Espagne. La salamandre, dans diverses cultures, est un symbole de transformation et de renouveau, ce qui ajoute une couche de signification \u00e0 ce joli souvenir.<\/p>\n<p>Id\u00e9ale pour les collectionneurs ou comme souvenir de voyage, cette pi\u00e8ce repr\u00e9sente un beau rappel du patrimoine culturel. Chez Ol\u00e9 Mosaic, nous sommes fiers de proposer des articles authentiques et de qualit\u00e9, faisant de cette figurine de salamandre une excellente option pour les boutiques de cadeaux touristiques qui cherchent \u00e0 rapprocher un morceau de la tradition espagnole de leurs clients. Nos souvenirs, comme cette figurine de salamandre, sont parfaits pour ceux qui recherchent l&rsquo;authenticit\u00e9 et une touche artistique dans leurs achats.<\/p>\n","protected":false},"excerpt":{"rendered":"<p>Figurine de 17 cm en forme de salamandre, design artisanal, peinte \u00e0 la main, avec un design vibrant en mosa\u00efque. Cette repr\u00e9sentation color\u00e9e se distingue par sa finition minutieuse dans des tons de bleu, rouge, jaune et noir, \u00e9voquant le riche h\u00e9ritage culturel de la r\u00e9gion. Id\u00e9ale comme \u00e9l\u00e9ment d\u00e9coratif, cette figurine capture l&rsquo;essence du folklore espagnol et ajoute une touche artistique \u00e0 n&rsquo;importe quel espace. Parfaite pour les collectionneurs ou comme souvenir de voyage.<\/p>\n","protected":false},"featured_media":6286,"template":"","meta":{"_acf_changed":false},"product_brand":[],"product_cat":[540],"product_tag":[530],"class_list":{"0":"post-29823","1":"product","2":"type-product","3":"status-publish","4":"has-post-thumbnail","6":"product_cat-chiffres","7":"product_tag-animaux","8":"pa_motivo-salamandres","10":"first","11":"instock","12":"shipping-taxable","13":"product-type-simple"},"acf":[],"_links":{"self":[{"href":"https:\/\/olemosaic.com\/fr\/wp-json\/wp\/v2\/product\/29823","targetHints":{"allow":["GET"]}}],"collection":[{"href":"https:\/\/olemosaic.com\/fr\/wp-json\/wp\/v2\/product"}],"about":[{"href":"https:\/\/olemosaic.com\/fr\/wp-json\/wp\/v2\/types\/product"}],"wp:featuredmedia":[{"embeddable":true,"href":"https:\/\/olemosaic.com\/fr\/wp-json\/wp\/v2\/media\/6286"}],"wp:attachment":[{"href":"https:\/\/olemosaic.com\/fr\/wp-json\/wp\/v2\/media?parent=29823"}],"wp:term":[{"taxonomy":"product_brand","embeddable":true,"href":"https:\/\/olemosaic.com\/fr\/wp-json\/wp\/v2\/product_brand?post=29823"},{"taxonomy":"product_cat","embeddable":true,"href":"https:\/\/olemosaic.com\/fr\/wp-json\/wp\/v2\/product_cat?post=29823"},{"taxonomy":"product_tag","embeddable":true,"href":"https:\/\/olemosaic.com\/fr\/wp-json\/wp\/v2\/product_tag?post=29823"}],"curies":[{"name":"wp","href":"https:\/\/api.w.org\/{rel}","templated":true}]}}