{"id":29822,"date":"2025-02-20T22:31:25","date_gmt":"2025-02-20T22:31:25","guid":{"rendered":"http:\/\/olemosaic.com\/producto\/salvamanteles-de-ceramica-punt-de-trobada-barcelona\/"},"modified":"2025-07-25T19:13:00","modified_gmt":"2025-07-25T17:13:00","slug":"dessous-de-plat-en-ceramique-punt-de-trobada-barcelone","status":"publish","type":"product","link":"https:\/\/olemosaic.com\/fr\/produit\/dessous-de-plat-en-ceramique-punt-de-trobada-barcelone\/","title":{"rendered":"Dessous de plat en c\u00e9ramique. Punt de trobada. Barcelone."},"content":{"rendered":"<p>Ce dessous de plat color\u00e9 en c\u00e9ramique, inspir\u00e9 de l&rsquo;art moderne de Barcelone, est un v\u00e9ritable hommage au design contemporain connu sous le nom de \u00ab Punt de trobada \u00bb. Sa composition vibrante pr\u00e9sente une mosa\u00efque spectaculaire dans des tons de rouge, bleu, jaune et vert, avec des formes abstraites qui \u00e9voquent le style distinctif du c\u00e9l\u00e8bre artiste catalan. Le fond blanc rehausse le dynamisme du design, cr\u00e9ant une pi\u00e8ce aussi fonctionnelle que d\u00e9corative. Dans chaque recoin du dessous de plat, nous trouvons des d\u00e9tails charmants qui invitent \u00e0 admirer sa complexit\u00e9, tandis que le bord tress\u00e9 en rouge lui ajoute une touche d&rsquo;\u00e9l\u00e9gance et de contraste.<\/p>\n<p>Ce dessous de plat n&rsquo;est pas seulement un accessoire indispensable pour prot\u00e9ger vos surfaces, mais il repr\u00e9sente \u00e9galement une vision moderne de la culture de Barcelone, devenant un souvenir id\u00e9al pour ceux qui cherchent \u00e0 emporter un petit morceau de la ville. Son authenticit\u00e9 et son design le rendent parfait pour les touristes qui souhaitent un souvenir repr\u00e9sentatif de la capitale catalane, tout en \u00e9tant une excellente option pour les boutiques de cadeaux touristiques qui appr\u00e9cient les produits de qualit\u00e9 et \u00e0 caract\u00e8re culturel.<\/p>\n<p>Chez Ol\u00e9 Mosaic, en tant que distributeurs de souvenirs en gros, nous proposons des dessous de plat en c\u00e9ramique authentiques et d&rsquo;autres articles repr\u00e9sentatifs de la riche tradition espagnole. Ce dessous de plat de Punt de trobada souligne l&rsquo;union entre l&rsquo;art et la fonctionnalit\u00e9, \u00e9levant n&rsquo;importe quelle table au rang d&rsquo;expression artistique.<\/p>\n","protected":false},"excerpt":{"rendered":"<p>Dessous de plat en c\u00e9ramique inspir\u00e9 de l&rsquo;art moderne barcelonais, plus pr\u00e9cis\u00e9ment du design \u00ab Punt de trobada \u00bb. Ce dessous de plat color\u00e9 pr\u00e9sente un design en mosa\u00efque aux tons vibrants de rouge, bleu, jaune et vert, et des formes abstraites sur un fond blanc, \u00e9voquant le style du c\u00e9l\u00e8bre artiste catalan. Avec un bord tress\u00e9 en rouge, il est id\u00e9al pour ajouter une touche artistique et contemporaine \u00e0 n&rsquo;importe quelle table.<\/p>\n","protected":false},"featured_media":9134,"template":"","meta":{"_acf_changed":false},"product_brand":[],"product_cat":[827],"product_tag":[585],"class_list":{"0":"post-29822","1":"product","2":"type-product","3":"status-publish","4":"has-post-thumbnail","6":"product_cat-dessous-de-plat","7":"product_tag-ceramique","8":"pa_ciudad-barcelona","9":"pa_motivo-punt-de-trobada","10":"pa_pais-espana","12":"first","13":"instock","14":"shipping-taxable","15":"product-type-simple"},"acf":[],"_links":{"self":[{"href":"https:\/\/olemosaic.com\/fr\/wp-json\/wp\/v2\/product\/29822","targetHints":{"allow":["GET"]}}],"collection":[{"href":"https:\/\/olemosaic.com\/fr\/wp-json\/wp\/v2\/product"}],"about":[{"href":"https:\/\/olemosaic.com\/fr\/wp-json\/wp\/v2\/types\/product"}],"wp:featuredmedia":[{"embeddable":true,"href":"https:\/\/olemosaic.com\/fr\/wp-json\/wp\/v2\/media\/9134"}],"wp:attachment":[{"href":"https:\/\/olemosaic.com\/fr\/wp-json\/wp\/v2\/media?parent=29822"}],"wp:term":[{"taxonomy":"product_brand","embeddable":true,"href":"https:\/\/olemosaic.com\/fr\/wp-json\/wp\/v2\/product_brand?post=29822"},{"taxonomy":"product_cat","embeddable":true,"href":"https:\/\/olemosaic.com\/fr\/wp-json\/wp\/v2\/product_cat?post=29822"},{"taxonomy":"product_tag","embeddable":true,"href":"https:\/\/olemosaic.com\/fr\/wp-json\/wp\/v2\/product_tag?post=29822"}],"curies":[{"name":"wp","href":"https:\/\/api.w.org\/{rel}","templated":true}]}}