{"id":29820,"date":"2025-02-20T23:31:25","date_gmt":"2025-02-20T22:31:25","guid":{"rendered":"http:\/\/olemosaic.com\/producto\/plato-de-ceramica-de-10-cm-barcelona-azul\/"},"modified":"2025-07-25T19:11:26","modified_gmt":"2025-07-25T17:11:26","slug":"assiette-en-ceramique-de-10-cm-barcelone-bleu","status":"publish","type":"product","link":"https:\/\/olemosaic.com\/fr\/produit\/assiette-en-ceramique-de-10-cm-barcelone-bleu\/","title":{"rendered":"Assiette en c\u00e9ramique de 10 cm. Barcelone. Bleu."},"content":{"rendered":"<p>Cette assiette color\u00e9e en c\u00e9ramique de 10 cm est un merveilleux souvenir de Barcelone qui capture l&rsquo;essence artistique de cette ville embl\u00e9matique. D\u00e9cor\u00e9e d&rsquo;une repr\u00e9sentation vibrante de la Sagrada Familia, l&rsquo;assiette se distingue par son design en mosa\u00efques dans des tons bleus, rouges et jaunes, qui \u00e9voquent l&rsquo;architecture moderniste unique d&rsquo;Antoni Gaud\u00ed. En plus de la Sagrada Familia, l&rsquo;assiette comprend des illustrations d&rsquo;autres \u00e9l\u00e9ments architecturaux c\u00e9l\u00e8bres de la ville, le tout dans un style contemporain et attrayant qui ravira les touristes comme les r\u00e9sidents. Le mot \u00ab\u00a0Barcelona\u00a0\u00bb est \u00e9l\u00e9gamment \u00e9crit en haut, ajoutant une touche personnelle qui renforce son caract\u00e8re authentique.<\/p>\n<p>Cette assiette n&rsquo;est pas seulement une pi\u00e8ce d\u00e9corative, mais un v\u00e9ritable rappel du riche h\u00e9ritage culturel de Barcelone, id\u00e9al pour ceux qui cherchent \u00e0 emporter un morceau de son histoire. Chez Ol\u00e9 Mosaic, nous sommes fiers de proposer des souvenirs en c\u00e9ramique authentiques et repr\u00e9sentatifs, parfaits pour les boutiques de cadeaux touristiques souhaitant offrir \u00e0 leurs clients une valeur culturelle et artistique in\u00e9gal\u00e9e. Cette assiette en c\u00e9ramique est une excellente option pour ceux qui recherchent des souvenirs de qualit\u00e9 encapsulant la magie de Barcelone, garantissant une exp\u00e9rience inoubliable.<\/p>\n","protected":false},"excerpt":{"rendered":"<p>Assiette en c\u00e9ramique de 10 cm d\u00e9cor\u00e9e d&rsquo;une repr\u00e9sentation vibrante de Barcelone. Cette assiette color\u00e9e pr\u00e9sente un design rempli de mosa\u00efques illustrant l&#8217;embl\u00e9matique Sagrada Familia, ainsi que d&rsquo;autres caract\u00e9ristiques architecturales de la ville, mises en valeur dans des tons bleus, rouges et jaunes. Avec le mot \u00ab\u00a0Barcelona\u00a0\u00bb en haut, c&rsquo;est un souvenir parfait qui capture l&rsquo;essence artistique et culturelle de cette ville espagnole embl\u00e9matique.<\/p>\n","protected":false},"featured_media":12098,"template":"","meta":{"_acf_changed":false},"product_brand":[],"product_cat":[656],"product_tag":[585],"class_list":{"0":"post-29820","1":"product","2":"type-product","3":"status-publish","4":"has-post-thumbnail","6":"product_cat-assiettes-decoratives","7":"product_tag-ceramique","8":"pa_ciudad-barcelona","9":"pa_pais-espana","11":"first","12":"instock","13":"shipping-taxable","14":"product-type-simple"},"acf":[],"_links":{"self":[{"href":"https:\/\/olemosaic.com\/fr\/wp-json\/wp\/v2\/product\/29820","targetHints":{"allow":["GET"]}}],"collection":[{"href":"https:\/\/olemosaic.com\/fr\/wp-json\/wp\/v2\/product"}],"about":[{"href":"https:\/\/olemosaic.com\/fr\/wp-json\/wp\/v2\/types\/product"}],"wp:featuredmedia":[{"embeddable":true,"href":"https:\/\/olemosaic.com\/fr\/wp-json\/wp\/v2\/media\/12098"}],"wp:attachment":[{"href":"https:\/\/olemosaic.com\/fr\/wp-json\/wp\/v2\/media?parent=29820"}],"wp:term":[{"taxonomy":"product_brand","embeddable":true,"href":"https:\/\/olemosaic.com\/fr\/wp-json\/wp\/v2\/product_brand?post=29820"},{"taxonomy":"product_cat","embeddable":true,"href":"https:\/\/olemosaic.com\/fr\/wp-json\/wp\/v2\/product_cat?post=29820"},{"taxonomy":"product_tag","embeddable":true,"href":"https:\/\/olemosaic.com\/fr\/wp-json\/wp\/v2\/product_tag?post=29820"}],"curies":[{"name":"wp","href":"https:\/\/api.w.org\/{rel}","templated":true}]}}