{"id":29800,"date":"2025-02-20T23:31:24","date_gmt":"2025-02-20T22:31:24","guid":{"rendered":"http:\/\/olemosaic.com\/producto\/colgante-de-madera-estrella-3\/"},"modified":"2025-07-25T18:51:20","modified_gmt":"2025-07-25T16:51:20","slug":"suspension-en-bois-etoile-bleu-et-blanc","status":"publish","type":"product","link":"https:\/\/olemosaic.com\/fr\/produit\/suspension-en-bois-etoile-bleu-et-blanc\/","title":{"rendered":"Suspension en bois. \u00c9toile. Bleu et blanc."},"content":{"rendered":"<p>Cette suspension en bois en forme d&rsquo;\u00e9toile est un ornement d\u00e9coratif \u00e9vocateur qui capture l&rsquo;essence de la mer et des c\u00f4tes m\u00e9diterran\u00e9ennes. \u00c9labor\u00e9e en bois naturel, elle pr\u00e9sente un design charmant dans des tons bleus et blancs qui rappellent les vagues de l&rsquo;oc\u00e9an et la fra\u00eecheur des plages ensoleill\u00e9es. Elle se distingue par sa disposition verticale, alternant des \u00e9toiles de mer et des \u00e9l\u00e9ments textur\u00e9s qui apportent un effet visuel harmonieux, id\u00e9al pour donner une touche estivale \u00e0 n&rsquo;importe quel espace.<\/p>\n<p>Avec plusieurs \u00e9toiles m\u00e9ticuleusement \u00e9labor\u00e9es, chacune arbore une finition brillante qui souligne sa forme distinctive, tandis que les pi\u00e8ces de bois plus claires ajoutent un contraste attrayant. Cette suspension peut \u00eatre utilis\u00e9e pour embellir n&rsquo;importe quelle pi\u00e8ce de la maison, du salon \u00e0 la salle de bain, et est parfaite pour ceux qui recherchent un souvenir authentique de leur visite sur les c\u00f4tes d&rsquo;Espagne ou du Portugal, devenant ainsi un cadeau unique et significatif.<\/p>\n<p>Chez Ol\u00e9 Mosaic, nous proposons cette suspension et d&rsquo;autres souvenirs qui repr\u00e9sentent la riche culture de la M\u00e9diterran\u00e9e, ce qui en fait une excellente option pour les boutiques de cadeaux touristiques \u00e0 la recherche de produits de haute qualit\u00e9 et de pertinence culturelle. Cette suspension en bois est, sans aucun doute, un symbole de l&rsquo;ambiance marine, id\u00e9al pour ceux qui souhaitent ramener un morceau de l&rsquo;oc\u00e9an chez eux.<\/p>\n","protected":false},"excerpt":{"rendered":"<p>Suspension en bois en forme d&rsquo;\u00e9toile, id\u00e9ale pour d\u00e9corer des espaces avec une touche marine. \u00c9labor\u00e9e en bois naturel, elle pr\u00e9sente un design dans des tons bleus et blancs, \u00e9voquant l&rsquo;essence des c\u00f4tes m\u00e9diterran\u00e9ennes. La suspension, qui comprend plusieurs \u00e9toiles et des pi\u00e8ces con\u00e7ues pour donner de la texture, cr\u00e9e un effet harmonieux. Parfaite pour d\u00e9corer la maison ou pour offrir, cette suspension apporte un air frais et estival \u00e0 n&rsquo;importe quel environnement.<\/p>\n","protected":false},"featured_media":9643,"template":"","meta":{"_acf_changed":false},"product_brand":[],"product_cat":[793],"product_tag":[530],"class_list":{"0":"post-29800","1":"product","2":"type-product","3":"status-publish","4":"has-post-thumbnail","6":"product_cat-pendentifs","7":"product_tag-animaux","8":"pa_motivo-etoiles","10":"first","11":"instock","12":"shipping-taxable","13":"product-type-simple"},"acf":[],"_links":{"self":[{"href":"https:\/\/olemosaic.com\/fr\/wp-json\/wp\/v2\/product\/29800","targetHints":{"allow":["GET"]}}],"collection":[{"href":"https:\/\/olemosaic.com\/fr\/wp-json\/wp\/v2\/product"}],"about":[{"href":"https:\/\/olemosaic.com\/fr\/wp-json\/wp\/v2\/types\/product"}],"wp:featuredmedia":[{"embeddable":true,"href":"https:\/\/olemosaic.com\/fr\/wp-json\/wp\/v2\/media\/9643"}],"wp:attachment":[{"href":"https:\/\/olemosaic.com\/fr\/wp-json\/wp\/v2\/media?parent=29800"}],"wp:term":[{"taxonomy":"product_brand","embeddable":true,"href":"https:\/\/olemosaic.com\/fr\/wp-json\/wp\/v2\/product_brand?post=29800"},{"taxonomy":"product_cat","embeddable":true,"href":"https:\/\/olemosaic.com\/fr\/wp-json\/wp\/v2\/product_cat?post=29800"},{"taxonomy":"product_tag","embeddable":true,"href":"https:\/\/olemosaic.com\/fr\/wp-json\/wp\/v2\/product_tag?post=29800"}],"curies":[{"name":"wp","href":"https:\/\/api.w.org\/{rel}","templated":true}]}}