{"id":29798,"date":"2025-02-20T23:31:23","date_gmt":"2025-02-20T22:31:23","guid":{"rendered":"http:\/\/olemosaic.com\/producto\/colgante-de-madera-flores\/"},"modified":"2025-07-25T19:21:12","modified_gmt":"2025-07-25T17:21:12","slug":"suspension-en-bois-fleurs","status":"publish","type":"product","link":"https:\/\/olemosaic.com\/fr\/produit\/suspension-en-bois-fleurs\/","title":{"rendered":"Suspension en bois. Fleurs."},"content":{"rendered":"<p>Cette suspension d\u00e9corative en bois est une pi\u00e8ce charmante qui ajoute une touche c\u00f4ti\u00e8re et fra\u00eeche \u00e0 n&rsquo;importe quel coin de votre maison. Avec un design combinant des motifs floraux et des \u00e9toiles de mer, cet ornement est soigneusement \u00e9labor\u00e9 dans des tons doux de blanc et de bleu, \u00e9voquant la s\u00e9r\u00e9nit\u00e9 et la beaut\u00e9 de la mer. La disposition de ses \u00e9l\u00e9ments, avec des pi\u00e8ces de bois entrelac\u00e9es, rehausse son attrait visuel, cr\u00e9ant un effet dynamique et joyeux qui capture l&rsquo;essence de l&rsquo;ambiance estivale.<\/p>\n<p>Les d\u00e9tails des \u00e9toiles de mer peints \u00e0 la main, avec leur couleur bleue vibrante, contrastent parfaitement avec les textures blanches du bois, g\u00e9n\u00e9rant une sensation de calme et de fra\u00eecheur qui r\u00e9sonne avec la vie maritime. Cette suspension ne sert pas seulement de magnifique d\u00e9tail d\u00e9coratif, mais symbolise \u00e9galement le lien culturel avec les traditions c\u00f4ti\u00e8res d&rsquo;Espagne et du Portugal, o\u00f9 la mer joue un r\u00f4le fondamental dans la vie quotidienne et la culture locale.<\/p>\n<p>Parfaite pour ceux qui recherchent des souvenirs repr\u00e9sentant la beaut\u00e9 du littoral, cette suspension est un excellent ajout pour les boutiques de cadeaux touristiques. Chez Ol\u00e9 Mosaic, en tant que grossiste de souvenirs authentiques, nous proposons des produits qui c\u00e9l\u00e8brent la richesse culturelle de la r\u00e9gion, faisant de cette suspension un souvenir id\u00e9al pour tout visiteur souhaitant ramener un petit morceau de la c\u00f4te chez lui.<\/p>\n","protected":false},"excerpt":{"rendered":"<p>Suspension d\u00e9corative en bois avec motifs floraux et \u00e9toiles de mer, parfaite pour ajouter une touche c\u00f4ti\u00e8re \u00e0 n&rsquo;importe quel espace. Cet article combine des \u00e9l\u00e9ments dans des tons blancs et bleus, pr\u00e9sentant des pi\u00e8ces de bois entrelac\u00e9es avec des \u00e9toiles de mer \u00e0 l&rsquo;effet peint \u00e0 la main. Son design frais et joyeux \u00e9voque l&rsquo;essence de la mer, en faisant un d\u00e9tail d\u00e9coratif id\u00e9al pour la maison ou pour cr\u00e9er une ambiance estivale.<\/p>\n","protected":false},"featured_media":9640,"template":"","meta":{"_acf_changed":false},"product_brand":[],"product_cat":[793],"product_tag":[530],"class_list":{"0":"post-29798","1":"product","2":"type-product","3":"status-publish","4":"has-post-thumbnail","6":"product_cat-pendentifs","7":"product_tag-animaux","8":"pa_motivo-fleurs","10":"first","11":"instock","12":"shipping-taxable","13":"product-type-simple"},"acf":[],"_links":{"self":[{"href":"https:\/\/olemosaic.com\/fr\/wp-json\/wp\/v2\/product\/29798","targetHints":{"allow":["GET"]}}],"collection":[{"href":"https:\/\/olemosaic.com\/fr\/wp-json\/wp\/v2\/product"}],"about":[{"href":"https:\/\/olemosaic.com\/fr\/wp-json\/wp\/v2\/types\/product"}],"wp:featuredmedia":[{"embeddable":true,"href":"https:\/\/olemosaic.com\/fr\/wp-json\/wp\/v2\/media\/9640"}],"wp:attachment":[{"href":"https:\/\/olemosaic.com\/fr\/wp-json\/wp\/v2\/media?parent=29798"}],"wp:term":[{"taxonomy":"product_brand","embeddable":true,"href":"https:\/\/olemosaic.com\/fr\/wp-json\/wp\/v2\/product_brand?post=29798"},{"taxonomy":"product_cat","embeddable":true,"href":"https:\/\/olemosaic.com\/fr\/wp-json\/wp\/v2\/product_cat?post=29798"},{"taxonomy":"product_tag","embeddable":true,"href":"https:\/\/olemosaic.com\/fr\/wp-json\/wp\/v2\/product_tag?post=29798"}],"curies":[{"name":"wp","href":"https:\/\/api.w.org\/{rel}","templated":true}]}}