{"id":29770,"date":"2025-02-20T22:31:23","date_gmt":"2025-02-20T22:31:23","guid":{"rendered":"http:\/\/olemosaic.com\/producto\/colgante-de-madera-buhos\/"},"modified":"2025-07-25T18:45:10","modified_gmt":"2025-07-25T16:45:10","slug":"pendentif-en-bois-hiboux","status":"publish","type":"product","link":"https:\/\/olemosaic.com\/fr\/produit\/pendentif-en-bois-hiboux\/","title":{"rendered":"Pendentif en bois. Hiboux."},"content":{"rendered":"<p>Ce pendentif en bois d\u00e9cor\u00e9 de hiboux est une pi\u00e8ce charmante qui apportera une touche rustique et naturelle \u00e0 n&rsquo;importe quel espace. Con\u00e7u avec plusieurs pi\u00e8ces de bois dans des tons clairs, il inclut d&rsquo;adorables hiboux en c\u00e9ramique bleue, qui se distinguent par leurs d\u00e9tails visuels distinctifs, comme leurs grands yeux qui semblent tout observer. Les formes irr\u00e9guli\u00e8res des pi\u00e8ces de bois cr\u00e9ent un effet dynamique qui rehausse la qualit\u00e9 artisanale du produit, faisant de ce pendentif un \u00e9l\u00e9ment d\u00e9coratif unique qui \u00e9voque la tranquillit\u00e9 de la nature.<\/p>\n<p>Ce pendentif n&rsquo;est pas seulement un \u00e9l\u00e9ment d\u00e9coratif attrayant, mais aussi un merveilleux souvenir qui se connecte \u00e0 la riche tradition de l&rsquo;artisanat dans de nombreuses r\u00e9gions. Les hiboux, symboles de sagesse et de myst\u00e8re dans diverses cultures, sont devenus un motif populaire qui refl\u00e8te le lien entre la nature et la cr\u00e9ativit\u00e9 humaine. Il est parfait pour les touristes \u00e0 la recherche d&rsquo;un souvenir authentique, charg\u00e9 de sens culturel et de style.<\/p>\n<p>Chez Ol\u00e9 Mosaic, nous sommes distributeurs de souvenirs en gros et ce pendentif est une excellente option pour les boutiques de cadeaux touristiques souhaitant proposer des produits qui se d\u00e9marquent par leur design et leur qualit\u00e9. Avec ce pendentif en bois de hiboux, vos clients emporteront un morceau de culture et de style rustique.<\/p>\n","protected":false},"excerpt":{"rendered":"<p>Pendentif en bois d\u00e9cor\u00e9 de hiboux, id\u00e9al pour apporter une touche rustique et naturelle \u00e0 n&rsquo;importe quel espace. Le design combine des pi\u00e8ces de bois dans des tons clairs avec un oiseau en c\u00e9ramique bleue, repr\u00e9sentant des hiboux avec des d\u00e9tails distinctifs. La combinaison de formes irr\u00e9guli\u00e8res et la technique artisanale rehausse la qualit\u00e9 du produit, en faisant un \u00e9l\u00e9ment d\u00e9coratif unique qui \u00e9voque la tranquillit\u00e9 de la nature. Parfait pour ceux qui recherchent un souvenir avec du caract\u00e8re et du style.<\/p>\n","protected":false},"featured_media":9638,"template":"","meta":{"_acf_changed":false},"product_brand":[],"product_cat":[793],"product_tag":[530],"class_list":{"0":"post-29770","1":"product","2":"type-product","3":"status-publish","4":"has-post-thumbnail","6":"product_cat-pendentifs","7":"product_tag-animaux","8":"pa_motivo-hiboux","10":"first","11":"instock","12":"shipping-taxable","13":"product-type-simple"},"acf":[],"_links":{"self":[{"href":"https:\/\/olemosaic.com\/fr\/wp-json\/wp\/v2\/product\/29770","targetHints":{"allow":["GET"]}}],"collection":[{"href":"https:\/\/olemosaic.com\/fr\/wp-json\/wp\/v2\/product"}],"about":[{"href":"https:\/\/olemosaic.com\/fr\/wp-json\/wp\/v2\/types\/product"}],"wp:featuredmedia":[{"embeddable":true,"href":"https:\/\/olemosaic.com\/fr\/wp-json\/wp\/v2\/media\/9638"}],"wp:attachment":[{"href":"https:\/\/olemosaic.com\/fr\/wp-json\/wp\/v2\/media?parent=29770"}],"wp:term":[{"taxonomy":"product_brand","embeddable":true,"href":"https:\/\/olemosaic.com\/fr\/wp-json\/wp\/v2\/product_brand?post=29770"},{"taxonomy":"product_cat","embeddable":true,"href":"https:\/\/olemosaic.com\/fr\/wp-json\/wp\/v2\/product_cat?post=29770"},{"taxonomy":"product_tag","embeddable":true,"href":"https:\/\/olemosaic.com\/fr\/wp-json\/wp\/v2\/product_tag?post=29770"}],"curies":[{"name":"wp","href":"https:\/\/api.w.org\/{rel}","templated":true}]}}