{"id":29768,"date":"2025-02-20T23:31:23","date_gmt":"2025-02-20T22:31:23","guid":{"rendered":"http:\/\/olemosaic.com\/producto\/colgante-de-madera-caballito-de-mar-2\/"},"modified":"2025-07-25T20:17:51","modified_gmt":"2025-07-25T18:17:51","slug":"pendentif-en-bois-hippocampe-coquillages","status":"publish","type":"product","link":"https:\/\/olemosaic.com\/fr\/produit\/pendentif-en-bois-hippocampe-coquillages\/","title":{"rendered":"Pendentif en bois. Hippocampe. Coquillages."},"content":{"rendered":"<p>Ce pendentif en bois en forme d&rsquo;hippocampe est une pi\u00e8ce d\u00e9corative charmante qui apporte une touche nautique parfaite \u00e0 n&rsquo;importe quel espace. \u00c9labor\u00e9 en bois peint dans de doux tons bleut\u00e9s, il refl\u00e8te la fra\u00eecheur et la s\u00e9r\u00e9nit\u00e9 de la mer, devenant un excellent souvenir pour ceux qui cherchent \u00e0 \u00e9voquer leurs moments au bord de la c\u00f4te. Le design incorpore des \u00e9l\u00e9ments d\u00e9coratifs de coquillages aux couleurs pastel, qui \u00e9voquent la richesse et la diversit\u00e9 du monde marin, tandis que la forme stylis\u00e9e de l&rsquo;hippocampe lui donne un air ludique et charmant.<\/p>\n<p>Avec une finition rustique et artisanale, ce pendentif est \u00e9quip\u00e9 d&rsquo;une corde sur la partie sup\u00e9rieure qui facilite son installation n&rsquo;importe o\u00f9, que ce soit sur un mur, une porte ou comme \u00e9l\u00e9ment d&rsquo;une d\u00e9coration c\u00f4ti\u00e8re. Son design unique ne sert pas seulement d&rsquo;accessoire d\u00e9coratif, mais symbolise \u00e9galement la culture m\u00e9diterran\u00e9enne, o\u00f9 le lien entre l&rsquo;homme et la mer a \u00e9t\u00e9 fondamental tout au long de l&rsquo;histoire.<\/p>\n<p>C&rsquo;est une option id\u00e9ale pour les boutiques de cadeaux touristiques qui cherchent \u00e0 offrir des souvenirs authentiques et repr\u00e9sentatifs de la c\u00f4te m\u00e9diterran\u00e9enne. Chez Ol\u00e9 Mosaic, en tant que grossistes de pendentifs, nous garantissons la qualit\u00e9 et l&rsquo;attention aux d\u00e9tails dans chaque pi\u00e8ce, offrant \u00e0 vos clients un souvenir qui capture l&rsquo;essence des \u00e9t\u00e9s au bord de la mer.<\/p>\n","protected":false},"excerpt":{"rendered":"<p>Pendentif en bois en forme d&rsquo;hippocampe, id\u00e9al pour d\u00e9corer les espaces avec une touche nautique. \u00c9labor\u00e9 en bois peint dans des tons bleut\u00e9s, ce charmant pendentif comporte des \u00e9l\u00e9ments d\u00e9coratifs de coquillages et des d\u00e9tails aux tons doux, qui \u00e9voquent la fra\u00eecheur de la mer. Son design rustique et artisanal inclut une corde sur la partie sup\u00e9rieure pour l&rsquo;accrocher facilement. Parfait pour donner un style m\u00e9diterran\u00e9en \u00e0 n&rsquo;importe quelle pi\u00e8ce.<\/p>\n","protected":false},"featured_media":9634,"template":"","meta":{"_acf_changed":false},"product_brand":[],"product_cat":[793],"product_tag":[530],"class_list":{"0":"post-29768","1":"product","2":"type-product","3":"status-publish","4":"has-post-thumbnail","6":"product_cat-pendentifs","7":"product_tag-animaux","8":"pa_motivo-hippocampes","10":"first","11":"instock","12":"shipping-taxable","13":"product-type-simple"},"acf":[],"_links":{"self":[{"href":"https:\/\/olemosaic.com\/fr\/wp-json\/wp\/v2\/product\/29768","targetHints":{"allow":["GET"]}}],"collection":[{"href":"https:\/\/olemosaic.com\/fr\/wp-json\/wp\/v2\/product"}],"about":[{"href":"https:\/\/olemosaic.com\/fr\/wp-json\/wp\/v2\/types\/product"}],"wp:featuredmedia":[{"embeddable":true,"href":"https:\/\/olemosaic.com\/fr\/wp-json\/wp\/v2\/media\/9634"}],"wp:attachment":[{"href":"https:\/\/olemosaic.com\/fr\/wp-json\/wp\/v2\/media?parent=29768"}],"wp:term":[{"taxonomy":"product_brand","embeddable":true,"href":"https:\/\/olemosaic.com\/fr\/wp-json\/wp\/v2\/product_brand?post=29768"},{"taxonomy":"product_cat","embeddable":true,"href":"https:\/\/olemosaic.com\/fr\/wp-json\/wp\/v2\/product_cat?post=29768"},{"taxonomy":"product_tag","embeddable":true,"href":"https:\/\/olemosaic.com\/fr\/wp-json\/wp\/v2\/product_tag?post=29768"}],"curies":[{"name":"wp","href":"https:\/\/api.w.org\/{rel}","templated":true}]}}