{"id":29767,"date":"2025-02-20T22:31:23","date_gmt":"2025-02-20T22:31:23","guid":{"rendered":"http:\/\/olemosaic.com\/producto\/colgante-de-madera-caballito-de-mar\/"},"modified":"2025-07-25T18:52:18","modified_gmt":"2025-07-25T16:52:18","slug":"pendentif-en-bois-hippocampe","status":"publish","type":"product","link":"https:\/\/olemosaic.com\/fr\/produit\/pendentif-en-bois-hippocampe\/","title":{"rendered":"Pendentif en bois. Hippocampe."},"content":{"rendered":"<p>Ce pendentif en bois avec des figurines d&rsquo;hippocampes est un compl\u00e9ment charmant pour n&rsquo;importe quelle maison, parfait pour ceux qui recherchent une touche fra\u00eeche et marine dans leur d\u00e9coration. Fabriqu\u00e9 \u00e0 la main, cet article \u00e9l\u00e9gant pr\u00e9sente un design \u00e9quilibr\u00e9 qui combine des tons blancs et naturels, \u00e9voquant la s\u00e9r\u00e9nit\u00e9 de la c\u00f4te m\u00e9diterran\u00e9enne. Chaque hippocampe, d\u00e9licatement \u00e9labor\u00e9, s&rsquo;intercale entre des pi\u00e8ces de bois qui ajoutent de la texture et de la profondeur \u00e0 l&rsquo;ensemble. Les hippocampes, ic\u00f4nes du monde marin, symbolisent la stabilit\u00e9 et le calme, devenant un point focal vibrant qui apporte de la fra\u00eecheur \u00e0 n&rsquo;importe quel espace.<\/p>\n<p>Ce pendentif n&rsquo;est pas seulement un \u00e9l\u00e9ment d\u00e9coratif, mais aussi un v\u00e9ritable symbole du riche h\u00e9ritage culturel de la c\u00f4te espagnole, o\u00f9 les hippocampes sont un embl\u00e8me de la faune marine. Son design minimaliste et naturel le rend parfait pour les d\u00e9corations inspir\u00e9es par la mer, apportant un air relaxant qui rappelle les jours d&rsquo;\u00e9t\u00e9 et les exp\u00e9riences c\u00f4ti\u00e8res.<\/p>\n<p>Chez Ol\u00e9 Mosaic, en tant que grossiste de souvenirs, nous proposons ce pendentif d&rsquo;hippocampes comme une excellente option pour les boutiques de cadeaux touristiques \u00e0 la recherche de produits uniques et significatifs. C&rsquo;est un cadeau id\u00e9al pour ceux qui souhaitent emporter un souvenir significatif de leur voyage, symbolisant la connexion avec la beaut\u00e9 de la mer et sa culture.<\/p>\n","protected":false},"excerpt":{"rendered":"<p>Pendentif en bois avec des figurines d&rsquo;hippocampes, id\u00e9al pour ajouter une touche de charme marin \u00e0 n&rsquo;importe quel espace. Cet article \u00e9l\u00e9gant pr\u00e9sente un design dans des tons blancs et naturels, avec de d\u00e9licats hippocampes intercal\u00e9s entre des pi\u00e8ces de bois. Parfait pour les d\u00e9corations inspir\u00e9es de la c\u00f4te, ce pendentif \u00e9voque la tranquillit\u00e9 de la mer et devient un point focal attrayant pour la maison ou un cadeau id\u00e9al.<\/p>\n","protected":false},"featured_media":9642,"template":"","meta":{"_acf_changed":false},"product_brand":[],"product_cat":[793],"product_tag":[530],"class_list":{"0":"post-29767","1":"product","2":"type-product","3":"status-publish","4":"has-post-thumbnail","6":"product_cat-pendentifs","7":"product_tag-animaux","8":"pa_motivo-hippocampes","10":"first","11":"instock","12":"shipping-taxable","13":"product-type-simple"},"acf":[],"_links":{"self":[{"href":"https:\/\/olemosaic.com\/fr\/wp-json\/wp\/v2\/product\/29767","targetHints":{"allow":["GET"]}}],"collection":[{"href":"https:\/\/olemosaic.com\/fr\/wp-json\/wp\/v2\/product"}],"about":[{"href":"https:\/\/olemosaic.com\/fr\/wp-json\/wp\/v2\/types\/product"}],"wp:featuredmedia":[{"embeddable":true,"href":"https:\/\/olemosaic.com\/fr\/wp-json\/wp\/v2\/media\/9642"}],"wp:attachment":[{"href":"https:\/\/olemosaic.com\/fr\/wp-json\/wp\/v2\/media?parent=29767"}],"wp:term":[{"taxonomy":"product_brand","embeddable":true,"href":"https:\/\/olemosaic.com\/fr\/wp-json\/wp\/v2\/product_brand?post=29767"},{"taxonomy":"product_cat","embeddable":true,"href":"https:\/\/olemosaic.com\/fr\/wp-json\/wp\/v2\/product_cat?post=29767"},{"taxonomy":"product_tag","embeddable":true,"href":"https:\/\/olemosaic.com\/fr\/wp-json\/wp\/v2\/product_tag?post=29767"}],"curies":[{"name":"wp","href":"https:\/\/api.w.org\/{rel}","templated":true}]}}