{"id":29763,"date":"2025-02-20T23:31:22","date_gmt":"2025-02-20T22:31:22","guid":{"rendered":"http:\/\/olemosaic.com\/producto\/colgador-de-ceramica-golondrina-lisboa-mosaico-8\/"},"modified":"2025-07-25T18:50:43","modified_gmt":"2025-07-25T16:50:43","slug":"patere-en-ceramique-hirondelle-lisbonne-mosaique-8","status":"publish","type":"product","link":"https:\/\/olemosaic.com\/fr\/produit\/patere-en-ceramique-hirondelle-lisbonne-mosaique-8\/","title":{"rendered":"Pat\u00e8re en c\u00e9ramique. Hirondelle. Mosa\u00efque. Lisbonne."},"content":{"rendered":"<p>Cette pat\u00e8re en c\u00e9ramique en forme d&rsquo;hirondelle est une pi\u00e8ce unique et inspirante qui capture l&rsquo;essence de l&rsquo;art vibrant de la mosa\u00efque de Lisbonne. Peinte \u00e0 la main avec une magnifique combinaison de couleurs, la pat\u00e8re pr\u00e9sente des motifs traditionnels portugais complexes, mettant en avant des fleurs et des formes g\u00e9om\u00e9triques qui \u00e9voquent la riche culture de la r\u00e9gion. L&rsquo;hirondelle, symbole d&rsquo;amour et de libert\u00e9, devient une d\u00e9coration id\u00e9ale pour n&rsquo;importe quel coin de la maison, ajoutant une touche de joie et d&rsquo;authenticit\u00e9.<\/p>\n<p>La finition brillante de la pat\u00e8re souligne les \u00e9clats de couleur, en faisant un \u00e9l\u00e9ment d\u00e9coratif non seulement fonctionnel, mais aussi un beau souvenir de Lisbonne. Chaque d\u00e9tail du design respire l&rsquo;artisanat, refl\u00e9tant l&rsquo;engagement envers la tradition et la cr\u00e9ativit\u00e9 des c\u00e9ramistes portugais. Cette pat\u00e8re est une excellente option pour les touristes \u00e0 la recherche de souvenirs m\u00e9morables et repr\u00e9sentatifs de leur visite au Portugal, tout en apportant un air de sophistication \u00e0 l&rsquo;ambiance.<\/p>\n<p>Chez Ol\u00e9 Mosaic, nous sommes des distributeurs de souvenirs authentiques qui c\u00e9l\u00e8brent l&rsquo;h\u00e9ritage culturel de chaque r\u00e9gion. Cette pat\u00e8re en c\u00e9ramique est un cadeau parfait pour les boutiques de cadeaux touristiques \u00e0 la recherche de produits de qualit\u00e9 ayant une signification culturelle. Attirez vos clients avec cette pat\u00e8re hirondelle, v\u00e9ritable embl\u00e8me de l&rsquo;art et de la chaleur de Lisbonne.<\/p>\n","protected":false},"excerpt":{"rendered":"<p>Pat\u00e8re en c\u00e9ramique en forme d&rsquo;hirondelle, inspir\u00e9e de l&rsquo;art de la mosa\u00efque de Lisbonne. Cette \u00e9l\u00e9gante pat\u00e8re, au design artisanal et peint \u00e0 la main, affiche une combinaison vibrante de couleurs dans un motif int\u00e9grant des \u00e9l\u00e9ments traditionnels portugais, tels que des fleurs et des formes g\u00e9om\u00e9triques. Avec une finition brillante, c&rsquo;est une pi\u00e8ce d\u00e9corative id\u00e9ale pour n&rsquo;importe quel coin de la maison, \u00e9voquant le charme et la culture de Lisbonne.<\/p>\n","protected":false},"featured_media":11228,"template":"","meta":{"_acf_changed":false},"product_brand":[],"product_cat":[791],"product_tag":[530,585],"class_list":{"0":"post-29763","1":"product","2":"type-product","3":"status-publish","4":"has-post-thumbnail","6":"product_cat-pateres","7":"product_tag-animaux","8":"product_tag-ceramique","9":"pa_ciudad-lisboa","10":"pa_motivo-hirondelles","11":"pa_pais-portugal","13":"first","14":"instock","15":"shipping-taxable","16":"product-type-simple"},"acf":[],"_links":{"self":[{"href":"https:\/\/olemosaic.com\/fr\/wp-json\/wp\/v2\/product\/29763","targetHints":{"allow":["GET"]}}],"collection":[{"href":"https:\/\/olemosaic.com\/fr\/wp-json\/wp\/v2\/product"}],"about":[{"href":"https:\/\/olemosaic.com\/fr\/wp-json\/wp\/v2\/types\/product"}],"wp:featuredmedia":[{"embeddable":true,"href":"https:\/\/olemosaic.com\/fr\/wp-json\/wp\/v2\/media\/11228"}],"wp:attachment":[{"href":"https:\/\/olemosaic.com\/fr\/wp-json\/wp\/v2\/media?parent=29763"}],"wp:term":[{"taxonomy":"product_brand","embeddable":true,"href":"https:\/\/olemosaic.com\/fr\/wp-json\/wp\/v2\/product_brand?post=29763"},{"taxonomy":"product_cat","embeddable":true,"href":"https:\/\/olemosaic.com\/fr\/wp-json\/wp\/v2\/product_cat?post=29763"},{"taxonomy":"product_tag","embeddable":true,"href":"https:\/\/olemosaic.com\/fr\/wp-json\/wp\/v2\/product_tag?post=29763"}],"curies":[{"name":"wp","href":"https:\/\/api.w.org\/{rel}","templated":true}]}}