{"id":29751,"date":"2025-02-20T23:31:22","date_gmt":"2025-02-20T22:31:22","guid":{"rendered":"http:\/\/olemosaic.com\/producto\/colgador-de-ceramica-golondrina-2\/"},"modified":"2025-07-25T19:21:13","modified_gmt":"2025-07-25T17:21:13","slug":"crochet-en-ceramique-hirondelle-2","status":"publish","type":"product","link":"https:\/\/olemosaic.com\/fr\/produit\/crochet-en-ceramique-hirondelle-2\/","title":{"rendered":"Crochet en c\u00e9ramique. Hirondelle. Plusieurs couleurs."},"content":{"rendered":"<p>Ce crochet en c\u00e9ramique en forme d&rsquo;hirondelle est une pi\u00e8ce d\u00e9corative authentique qui rend hommage au folklore espagnol, id\u00e9al pour ceux qui recherchent des souvenirs repr\u00e9sentatifs de l&rsquo;Espagne. Fabriqu\u00e9 avec une c\u00e9ramique de haute qualit\u00e9 et peint \u00e0 la main, le crochet se distingue par sa palette de couleurs vibrantes, comprenant des tons bleus, jaunes, rouges et verts. Son design pr\u00e9sente un d\u00e9licat motif floral qui symbolise la joie du printemps, ajoutant une touche de fra\u00eecheur et de vitalit\u00e9 \u00e0 n&rsquo;importe quel espace.<\/p>\n<p>L&rsquo;hirondelle, un oiseau qui est un symbole de chance et de bonheur dans la culture hispanique, est repr\u00e9sent\u00e9e dans un style qui \u00e9voque la technique traditionnelle de la c\u00e9ramique andalouse, soulignant la splendeur de l&rsquo;artisanat local. Ce crochet n&rsquo;est pas seulement un objet fonctionnel, mais aussi un beau rappel du riche h\u00e9ritage culturel de la r\u00e9gion. Plac\u00e9 sur le mur d&rsquo;une maison, il constitue un d\u00e9tail charmant qui peut transformer n&rsquo;importe quelle pi\u00e8ce, offrant un air de chaleur et d&rsquo;authenticit\u00e9.<\/p>\n<p>Chez Ol\u00e9 Mosaic, nous sommes sp\u00e9cialistes de la distribution de souvenirs en c\u00e9ramique en gros. Ce crochet hirondelle est une excellente option pour les boutiques de cadeaux touristiques cherchant \u00e0 capter l&rsquo;essence des traditions espagnoles, offrant \u00e0 leurs clients un souvenir unique et plein de sens. Avec son design attrayant et sa connexion culturelle, il devient le souvenir parfait pour que les touristes se souviennent de leur passage sur les terres espagnoles.<\/p>\n","protected":false},"excerpt":{"rendered":"<p>Crochet en c\u00e9ramique en forme d&rsquo;hirondelle, une pi\u00e8ce d\u00e9corative de conception artisanale peinte \u00e0 la main qui capture l&rsquo;essence du folklore espagnol. Ce crochet attrayant, color\u00e9 et vibrant, pr\u00e9sente un d\u00e9licat design floral dans des tons bleus, jaunes, rouges et verts, symbolisant la joie du printemps. Parfait pour orner n&rsquo;importe quel mur, il \u00e9voque la technique traditionnelle de la c\u00e9ramique andalouse et devient un d\u00e9tail charmant pour la maison.<\/p>\n","protected":false},"featured_media":11237,"template":"","meta":{"_acf_changed":false},"product_brand":[],"product_cat":[791],"product_tag":[530,585],"class_list":{"0":"post-29751","1":"product","2":"type-product","3":"status-publish","4":"has-post-thumbnail","6":"product_cat-pateres","7":"product_tag-animaux","8":"product_tag-ceramique","9":"pa_motivo-hirondelles","11":"first","12":"instock","13":"shipping-taxable","14":"product-type-simple"},"acf":[],"_links":{"self":[{"href":"https:\/\/olemosaic.com\/fr\/wp-json\/wp\/v2\/product\/29751","targetHints":{"allow":["GET"]}}],"collection":[{"href":"https:\/\/olemosaic.com\/fr\/wp-json\/wp\/v2\/product"}],"about":[{"href":"https:\/\/olemosaic.com\/fr\/wp-json\/wp\/v2\/types\/product"}],"wp:featuredmedia":[{"embeddable":true,"href":"https:\/\/olemosaic.com\/fr\/wp-json\/wp\/v2\/media\/11237"}],"wp:attachment":[{"href":"https:\/\/olemosaic.com\/fr\/wp-json\/wp\/v2\/media?parent=29751"}],"wp:term":[{"taxonomy":"product_brand","embeddable":true,"href":"https:\/\/olemosaic.com\/fr\/wp-json\/wp\/v2\/product_brand?post=29751"},{"taxonomy":"product_cat","embeddable":true,"href":"https:\/\/olemosaic.com\/fr\/wp-json\/wp\/v2\/product_cat?post=29751"},{"taxonomy":"product_tag","embeddable":true,"href":"https:\/\/olemosaic.com\/fr\/wp-json\/wp\/v2\/product_tag?post=29751"}],"curies":[{"name":"wp","href":"https:\/\/api.w.org\/{rel}","templated":true}]}}