{"id":29750,"date":"2025-02-20T23:31:22","date_gmt":"2025-02-20T22:31:22","guid":{"rendered":"http:\/\/olemosaic.com\/producto\/colgador-de-ceramica-golondrina-lisboa-mosaico-7\/"},"modified":"2025-07-25T19:06:06","modified_gmt":"2025-07-25T17:06:06","slug":"crochet-en-ceramique-hirondelle-lisbonne-mosaique-7","status":"publish","type":"product","link":"https:\/\/olemosaic.com\/fr\/produit\/crochet-en-ceramique-hirondelle-lisbonne-mosaique-7\/","title":{"rendered":"Crochet en c\u00e9ramique. Hirondelle. Effet visuel. Lisbonne."},"content":{"rendered":"<p>Ce crochet en c\u00e9ramique en forme d&rsquo;hirondelle est une magnifique repr\u00e9sentation de l&rsquo;art d\u00e9coratif portugais, inspir\u00e9 par les mosa\u00efques vibrantes de Lisbonne. Avec un m\u00e9lange de couleurs captivantes dans des tons bleus, rouges, verts et jaunes, cet article \u00e9l\u00e9gant se distingue par son design peint \u00e0 la main, o\u00f9 chaque section de l&rsquo;hirondelle pr\u00e9sente des motifs uniques \u00e9voquant la riche tradition culturelle de la r\u00e9gion. L&rsquo;hirondelle, symbole du printemps et du renouveau, apporte une touche artistique et fra\u00eeche \u00e0 n&rsquo;importe quel espace, devenant un \u00e9l\u00e9ment d\u00e9coratif id\u00e9al pour ceux qui souhaitent emporter un morceau de la culture portugaise chez eux.<\/p>\n<p>Avec sa forme stylis\u00e9e et les mosa\u00efques d\u00e9taill\u00e9es qui ornent sa surface, ce crochet n&rsquo;est pas seulement fonctionnel, mais aussi un charmant souvenir de Lisbonne qui refl\u00e8te la beaut\u00e9 de ses azulejos traditionnels. Suspendu \u00e0 un mur ou \u00e0 une porte, il invite \u00e0 la chaleur et \u00e0 la couleur qui caract\u00e9risent la ville. Ce souvenir authentique capture l&rsquo;essence lisbo\u00e8te, devenant une excellente option pour les boutiques de cadeaux touristiques cherchant \u00e0 offrir des produits significatifs et repr\u00e9sentatifs du Portugal.<\/p>\n<p>Chez Ol\u00e9 Mosaic, nous nous sp\u00e9cialisons dans la distribution de souvenirs en gros, garantissant que chaque crochet en c\u00e9ramique soit le reflet de l&rsquo;artisanat et du patrimoine culturel. Ce crochet hirondelle est un choix parfait pour ceux qui recherchent des souvenirs de Lisbonne authentiques et de qualit\u00e9.<\/p>\n","protected":false},"excerpt":{"rendered":"<p>Crochet en c\u00e9ramique en forme d&rsquo;hirondelle, inspir\u00e9 par les mosa\u00efques vibrantes de Lisbonne. Cet \u00e9l\u00e9gant article d\u00e9coratif pr\u00e9sente un design artisanal peint \u00e0 la main, o\u00f9 une vari\u00e9t\u00e9 de motifs en bleu, rouge, vert et jaune se combinent pour cr\u00e9er un effet visuel captivant. L&rsquo;hirondelle, symbole du printemps et du renouveau, devient un d\u00e9tail distinctif qui ajoute une touche artistique \u00e0 n&rsquo;importe quel espace. Id\u00e9al pour ceux qui souhaitent emporter un petit morceau de la culture portugaise chez eux.<\/p>\n","protected":false},"featured_media":11230,"template":"","meta":{"_acf_changed":false},"product_brand":[],"product_cat":[791],"product_tag":[530,585],"class_list":{"0":"post-29750","1":"product","2":"type-product","3":"status-publish","4":"has-post-thumbnail","6":"product_cat-pateres","7":"product_tag-animaux","8":"product_tag-ceramique","9":"pa_ciudad-lisboa","10":"pa_motivo-hirondelles","11":"pa_pais-portugal","13":"first","14":"instock","15":"shipping-taxable","16":"product-type-simple"},"acf":[],"_links":{"self":[{"href":"https:\/\/olemosaic.com\/fr\/wp-json\/wp\/v2\/product\/29750","targetHints":{"allow":["GET"]}}],"collection":[{"href":"https:\/\/olemosaic.com\/fr\/wp-json\/wp\/v2\/product"}],"about":[{"href":"https:\/\/olemosaic.com\/fr\/wp-json\/wp\/v2\/types\/product"}],"wp:featuredmedia":[{"embeddable":true,"href":"https:\/\/olemosaic.com\/fr\/wp-json\/wp\/v2\/media\/11230"}],"wp:attachment":[{"href":"https:\/\/olemosaic.com\/fr\/wp-json\/wp\/v2\/media?parent=29750"}],"wp:term":[{"taxonomy":"product_brand","embeddable":true,"href":"https:\/\/olemosaic.com\/fr\/wp-json\/wp\/v2\/product_brand?post=29750"},{"taxonomy":"product_cat","embeddable":true,"href":"https:\/\/olemosaic.com\/fr\/wp-json\/wp\/v2\/product_cat?post=29750"},{"taxonomy":"product_tag","embeddable":true,"href":"https:\/\/olemosaic.com\/fr\/wp-json\/wp\/v2\/product_tag?post=29750"}],"curies":[{"name":"wp","href":"https:\/\/api.w.org\/{rel}","templated":true}]}}