{"id":29748,"date":"2025-02-20T23:31:21","date_gmt":"2025-02-20T22:31:21","guid":{"rendered":"http:\/\/olemosaic.com\/producto\/colgador-de-ceramica-golondrina-lisboa-2\/"},"modified":"2025-07-25T18:37:58","modified_gmt":"2025-07-25T16:37:58","slug":"crochet-en-ceramique-hirondelle-lisbonne-2","status":"publish","type":"product","link":"https:\/\/olemosaic.com\/fr\/produit\/crochet-en-ceramique-hirondelle-lisbonne-2\/","title":{"rendered":"Crochet en c\u00e9ramique. Hirondelle. Color\u00e9. Lisbonne."},"content":{"rendered":"<p>Ce crochet en c\u00e9ramique en forme d&rsquo;hirondelle est une charmante pi\u00e8ce d\u00e9corative inspir\u00e9e par la ville vibrante de Lisbonne. Son design, qui \u00e9voque le folklore portugais, pr\u00e9sente une hirondelle joyeuse, symbole universel de renouveau et de bonheur. La finition peinte \u00e0 la main se distingue par ses couleurs vives, avec des tons rouges, bleus, jaunes et verts. Chaque hirondelle est orn\u00e9e de motifs floraux et g\u00e9om\u00e9triques, qui contrastent de mani\u00e8re fascinante avec les d\u00e9tails noirs soulignant sa forme stylis\u00e9e et dynamique. Ce crochet n&rsquo;est pas seulement un \u00e9l\u00e9ment d\u00e9coratif polyvalent qui embellira n&rsquo;importe quel coin de la maison, mais aussi un souvenir authentique de la riche culture portugaise.<\/p>\n<p>Les touristes \u00e0 la recherche de souvenirs authentiques seront attir\u00e9s par cette repr\u00e9sentation d&rsquo;un \u00e9l\u00e9ment traditionnel, qui porte en lui la joie de Lisbonne et sert de morceau de leur exp\u00e9rience culturelle. Chez Ol\u00e9 Mosaic, nous nous sp\u00e9cialisons dans la distribution de souvenirs en gros, proposant des crochets en c\u00e9ramique de Lisbonne qui allient art et tradition. Ce crochet hirondelle est une option id\u00e9ale pour les boutiques de cadeaux touristiques souhaitant offrir des produits uniques et repr\u00e9sentatifs capturant l&rsquo;essence du Portugal. En tant que grossistes en souvenirs, nous garantissons la qualit\u00e9 et l&rsquo;authenticit\u00e9 que recherchent vos clients.<\/p>\n","protected":false},"excerpt":{"rendered":"<p>Crochet en c\u00e9ramique en forme d&rsquo;hirondelle, inspir\u00e9 par la vibrante Lisbonne. Ce design charmant se distingue par ses couleurs et sa joie, avec une finition artisanale peinte \u00e0 la main pr\u00e9sentant des motifs floraux dans des tons rouge, bleu, jaune et vert. Il repr\u00e9sente l&rsquo;hirondelle, symbole de joie et de renouveau, et est orn\u00e9 de d\u00e9tails noirs qui soulignent sa forme stylis\u00e9e. Id\u00e9al pour d\u00e9corer n&rsquo;importe quel espace et ajouter une touche traditionnelle portugaise.<\/p>\n","protected":false},"featured_media":11238,"template":"","meta":{"_acf_changed":false},"product_brand":[],"product_cat":[791],"product_tag":[530,585],"class_list":{"0":"post-29748","1":"product","2":"type-product","3":"status-publish","4":"has-post-thumbnail","6":"product_cat-pateres","7":"product_tag-animaux","8":"product_tag-ceramique","9":"pa_ciudad-lisboa","10":"pa_motivo-hirondelles","11":"pa_pais-portugal","13":"first","14":"instock","15":"shipping-taxable","16":"product-type-simple"},"acf":[],"_links":{"self":[{"href":"https:\/\/olemosaic.com\/fr\/wp-json\/wp\/v2\/product\/29748","targetHints":{"allow":["GET"]}}],"collection":[{"href":"https:\/\/olemosaic.com\/fr\/wp-json\/wp\/v2\/product"}],"about":[{"href":"https:\/\/olemosaic.com\/fr\/wp-json\/wp\/v2\/types\/product"}],"wp:featuredmedia":[{"embeddable":true,"href":"https:\/\/olemosaic.com\/fr\/wp-json\/wp\/v2\/media\/11238"}],"wp:attachment":[{"href":"https:\/\/olemosaic.com\/fr\/wp-json\/wp\/v2\/media?parent=29748"}],"wp:term":[{"taxonomy":"product_brand","embeddable":true,"href":"https:\/\/olemosaic.com\/fr\/wp-json\/wp\/v2\/product_brand?post=29748"},{"taxonomy":"product_cat","embeddable":true,"href":"https:\/\/olemosaic.com\/fr\/wp-json\/wp\/v2\/product_cat?post=29748"},{"taxonomy":"product_tag","embeddable":true,"href":"https:\/\/olemosaic.com\/fr\/wp-json\/wp\/v2\/product_tag?post=29748"}],"curies":[{"name":"wp","href":"https:\/\/api.w.org\/{rel}","templated":true}]}}