{"id":29735,"date":"2025-02-20T23:31:21","date_gmt":"2025-02-20T22:31:21","guid":{"rendered":"http:\/\/olemosaic.com\/producto\/colgador-de-ceramica-golondrina-mosaico-6\/"},"modified":"2025-07-25T19:28:14","modified_gmt":"2025-07-25T17:28:14","slug":"accroche-en-ceramique-hirondelle-mosaique-6","status":"publish","type":"product","link":"https:\/\/olemosaic.com\/fr\/produit\/accroche-en-ceramique-hirondelle-mosaique-6\/","title":{"rendered":"Accroche en c\u00e9ramique. Hirondelle. Mosa\u00efque. Motifs andalous."},"content":{"rendered":"<p>Cette accroche en c\u00e9ramique en forme d&rsquo;hirondelle est un v\u00e9ritable bijou d\u00e9coratif qui refl\u00e8te l&rsquo;essence de l&rsquo;art c\u00e9ramique espagnol. \u00c9labor\u00e9e en c\u00e9ramique peinte \u00e0 la main, elle pr\u00e9sente une mosa\u00efque vibrante de motifs et de couleurs \u00e9voquant la riche tradition artisanale andalouse. Les tons bleus, rouges et verts s&rsquo;entrelacent dans un design qui combine le savoir-faire des c\u00e9ramistes locaux avec la beaut\u00e9 naturelle de l&rsquo;hirondelle, symbole de libert\u00e9 et d&rsquo;espoir dans la culture m\u00e9diterran\u00e9enne.<\/p>\n<p>Chaque d\u00e9tail de cette accroche est un chef-d&rsquo;\u0153uvre en soi ; les motifs g\u00e9om\u00e9triques et floraux complexes ornent les ailes de l&rsquo;hirondelle, cr\u00e9ant un contraste harmonieux qui attire le regard. Cet accessoire, en plus d&rsquo;\u00eatre visuellement attrayant, remplit une fonction pratique qui en fait un excellent souvenir, id\u00e9al pour ceux qui cherchent \u00e0 ajouter une touche de folklore et de chaleur \u00e0 leur foyer.<\/p>\n<p>Chez Ol\u00e9 Mosaic, nous nous sp\u00e9cialisons dans la distribution de souvenirs authentiques, et cette accroche en c\u00e9ramique est un brillant exemple de la richesse culturelle que nous proposons. C&rsquo;est l&rsquo;option parfaite pour les boutiques de cadeaux touristiques qui souhaitent fournir \u00e0 leurs clients des produits qui c\u00e9l\u00e8brent et pr\u00e9servent la tradition espagnole. Avec sa singularit\u00e9 et son charme, elle devient un souvenir repr\u00e9sentatif qui durera dans la m\u00e9moire et dans le foyer de celui qui l&rsquo;acquiert.<\/p>\n","protected":false},"excerpt":{"rendered":"<p>Accroche en c\u00e9ramique en forme d&rsquo;hirondelle, d\u00e9cor\u00e9e d&rsquo;une mosa\u00efque vibrante \u00e9voquant la richesse de l&rsquo;art c\u00e9ramique espagnol. Cette accroche orn\u00e9e pr\u00e9sente divers motifs et couleurs dans des tons bleus, rouges et verts, refl\u00e9tant la tradition de la c\u00e9ramique andalouse. Avec un design artisanal peint \u00e0 la main, cette hirondelle devient un accessoire d\u00e9coratif charmant, id\u00e9al pour ajouter une touche de folklore et de style \u00e0 n&rsquo;importe quel espace.<\/p>\n","protected":false},"featured_media":11231,"template":"","meta":{"_acf_changed":false},"product_brand":[],"product_cat":[791],"product_tag":[530,585],"class_list":{"0":"post-29735","1":"product","2":"type-product","3":"status-publish","4":"has-post-thumbnail","6":"product_cat-pateres","7":"product_tag-animaux","8":"product_tag-ceramique","9":"pa_motivo-hirondelles","11":"first","12":"instock","13":"shipping-taxable","14":"product-type-simple"},"acf":[],"_links":{"self":[{"href":"https:\/\/olemosaic.com\/fr\/wp-json\/wp\/v2\/product\/29735","targetHints":{"allow":["GET"]}}],"collection":[{"href":"https:\/\/olemosaic.com\/fr\/wp-json\/wp\/v2\/product"}],"about":[{"href":"https:\/\/olemosaic.com\/fr\/wp-json\/wp\/v2\/types\/product"}],"wp:featuredmedia":[{"embeddable":true,"href":"https:\/\/olemosaic.com\/fr\/wp-json\/wp\/v2\/media\/11231"}],"wp:attachment":[{"href":"https:\/\/olemosaic.com\/fr\/wp-json\/wp\/v2\/media?parent=29735"}],"wp:term":[{"taxonomy":"product_brand","embeddable":true,"href":"https:\/\/olemosaic.com\/fr\/wp-json\/wp\/v2\/product_brand?post=29735"},{"taxonomy":"product_cat","embeddable":true,"href":"https:\/\/olemosaic.com\/fr\/wp-json\/wp\/v2\/product_cat?post=29735"},{"taxonomy":"product_tag","embeddable":true,"href":"https:\/\/olemosaic.com\/fr\/wp-json\/wp\/v2\/product_tag?post=29735"}],"curies":[{"name":"wp","href":"https:\/\/api.w.org\/{rel}","templated":true}]}}