{"id":29733,"date":"2025-02-20T23:31:21","date_gmt":"2025-02-20T22:31:21","guid":{"rendered":"http:\/\/olemosaic.com\/producto\/colgador-de-ceramica-golondrina-lisboa-mosaico-5\/"},"modified":"2025-07-25T18:34:13","modified_gmt":"2025-07-25T16:34:13","slug":"accroche-en-ceramique-hirondelle-lisbonne-mosaique-5","status":"publish","type":"product","link":"https:\/\/olemosaic.com\/fr\/produit\/accroche-en-ceramique-hirondelle-lisbonne-mosaique-5\/","title":{"rendered":"Accroche en c\u00e9ramique. Hirondelle. Lisbonne. Mosa\u00efque. Trencad\u00eds."},"content":{"rendered":"<p>Cette accroche en c\u00e9ramique en forme d&rsquo;hirondelle est un magnifique souvenir qui capture l&rsquo;essence vibrante de Lisbonne et sa riche tradition de mosa\u00efques. \u00c9labor\u00e9 avec soin, cet \u00e9l\u00e9ment d\u00e9coratif pr\u00e9sente un motif color\u00e9 d&rsquo;azulejos combinant des tons vibrants tels que le bleu, le rouge, le vert et le jaune, \u00e9voquant la technique du trencad\u00eds, si caract\u00e9ristique de la culture portugaise. L&rsquo;attention port\u00e9e aux d\u00e9tails dans la finition peinte \u00e0 la main garantit que chaque pi\u00e8ce est unique, soulignant la ma\u00eetrise des artisans locaux et l&rsquo;authenticit\u00e9 du folklore de la r\u00e9gion.<\/p>\n<p>L&rsquo;hirondelle, symbole d&rsquo;amour et de bonheur, ne sert pas seulement d&rsquo;\u00e9l\u00e9ment d\u00e9coratif attrayant, mais repr\u00e9sente \u00e9galement les liens familiaux et la nostalgie, ce qui en fait un splendide souvenir de Lisbonne. Son design est id\u00e9al pour ceux qui souhaitent emporter un morceau de la culture portugaise chez eux, que ce soit comme accroche fonctionnelle ou comme pi\u00e8ce ornementale sur un mur.<\/p>\n<p>Chez Ol\u00e9 Mosaic, nous comprenons l&rsquo;importance des souvenirs authentiques qui relient les touristes \u00e0 la tradition locale. Cette accroche en c\u00e9ramique est un excellent choix pour les boutiques de cadeaux touristiques cherchant \u00e0 offrir des produits distinctifs et culturels, consolidant leur pertinence sur le march\u00e9 des souvenirs de Lisbonne. D\u00e9couvrez la beaut\u00e9 des mosa\u00efques portugaises avec cette charmante hirondelle !<\/p>\n","protected":false},"excerpt":{"rendered":"<p>Accroche en c\u00e9ramique en forme d&rsquo;hirondelle, inspir\u00e9e par la tradition color\u00e9e des azulejos de Lisbonne. Cette magnifique accroche est con\u00e7ue avec un motif vari\u00e9 d&rsquo;azulejos dans des tons vibrants comme le bleu, le rouge, le vert et le jaune, imitant la technique du trencad\u00eds. Sa finition au design artisanal, peinte \u00e0 la main, souligne la richesse du folklore portugais, en faisant un ornement charmant pour n&rsquo;importe quel foyer. Id\u00e9al pour ceux qui souhaitent emporter un morceau de Lisbonne.<\/p>\n","protected":false},"featured_media":11224,"template":"","meta":{"_acf_changed":false},"product_brand":[],"product_cat":[791],"product_tag":[530,585],"class_list":{"0":"post-29733","1":"product","2":"type-product","3":"status-publish","4":"has-post-thumbnail","6":"product_cat-pateres","7":"product_tag-animaux","8":"product_tag-ceramique","9":"pa_ciudad-lisboa","10":"pa_motivo-hirondelles","11":"pa_pais-portugal","13":"first","14":"instock","15":"shipping-taxable","16":"product-type-simple"},"acf":[],"_links":{"self":[{"href":"https:\/\/olemosaic.com\/fr\/wp-json\/wp\/v2\/product\/29733","targetHints":{"allow":["GET"]}}],"collection":[{"href":"https:\/\/olemosaic.com\/fr\/wp-json\/wp\/v2\/product"}],"about":[{"href":"https:\/\/olemosaic.com\/fr\/wp-json\/wp\/v2\/types\/product"}],"wp:featuredmedia":[{"embeddable":true,"href":"https:\/\/olemosaic.com\/fr\/wp-json\/wp\/v2\/media\/11224"}],"wp:attachment":[{"href":"https:\/\/olemosaic.com\/fr\/wp-json\/wp\/v2\/media?parent=29733"}],"wp:term":[{"taxonomy":"product_brand","embeddable":true,"href":"https:\/\/olemosaic.com\/fr\/wp-json\/wp\/v2\/product_brand?post=29733"},{"taxonomy":"product_cat","embeddable":true,"href":"https:\/\/olemosaic.com\/fr\/wp-json\/wp\/v2\/product_cat?post=29733"},{"taxonomy":"product_tag","embeddable":true,"href":"https:\/\/olemosaic.com\/fr\/wp-json\/wp\/v2\/product_tag?post=29733"}],"curies":[{"name":"wp","href":"https:\/\/api.w.org\/{rel}","templated":true}]}}