{"id":29716,"date":"2025-02-20T23:31:20","date_gmt":"2025-02-20T22:31:20","guid":{"rendered":"http:\/\/olemosaic.com\/producto\/colgador-de-ceramica-golondrina-mosaico-4\/"},"modified":"2025-07-25T18:53:25","modified_gmt":"2025-07-25T16:53:25","slug":"crochet-ceramique-hirondelle-mosaique-4","status":"publish","type":"product","link":"https:\/\/olemosaic.com\/fr\/produit\/crochet-ceramique-hirondelle-mosaique-4\/","title":{"rendered":"Crochet en c\u00e9ramique. Hirondelle. Mosa\u00efque. Plusieurs couleurs."},"content":{"rendered":"<p>Ce crochet en c\u00e9ramique en forme d&rsquo;hirondelle est un souvenir charmant qui capture l&rsquo;essence de l&rsquo;art c\u00e9ramique espagnol. Avec un design vibrant, cette pi\u00e8ce artisanale semble \u00eatre peinte \u00e0 la main et d\u00e9cor\u00e9e d&rsquo;une mosa\u00efque d&rsquo;azulejos traditionnels, pr\u00e9sentant une fascinante vari\u00e9t\u00e9 de motifs g\u00e9om\u00e9triques dans des tonalit\u00e9s vives comme le bleu, le rouge, le jaune et le vert. L&rsquo;hirondelle, symbole de l&rsquo;arriv\u00e9e du printemps, repr\u00e9sente non seulement la beaut\u00e9 naturelle de l&rsquo;Espagne, mais aussi le folklore qui entoure le pays. Sa forme d\u00e9licate, avec les ailes d\u00e9ploy\u00e9es sugg\u00e9rant le mouvement, \u00e9voque la libert\u00e9 et la joie associ\u00e9es \u00e0 ce bel oiseau migrateur.<\/p>\n<p>Id\u00e9al pour ajouter une touche artistique et color\u00e9e \u00e0 n&rsquo;importe quelle pi\u00e8ce, ce crochet est un \u00e9l\u00e9ment d\u00e9coratif parfait tant pour la maison que pour les espaces commerciaux. Son authenticit\u00e9 en tant que souvenir traditionnel d&rsquo;Espagne en fait une excellente option pour les touristes souhaitant emporter un morceau de culture.<\/p>\n<p>Chez Ol\u00e9 Mosaic, nous proposons ce crochet en c\u00e9ramique unique en gros, garantissant sa qualit\u00e9 et la repr\u00e9sentation fid\u00e8le du patrimoine culturel espagnol. Il est parfait pour les boutiques de cadeaux touristiques, o\u00f9 les souvenirs en c\u00e9ramique sont tr\u00e8s appr\u00e9ci\u00e9s pour leur pertinence culturelle et leur esth\u00e9tique distinctive.<\/p>\n","protected":false},"excerpt":{"rendered":"<p>Crochet en c\u00e9ramique en forme d&rsquo;hirondelle, d\u00e9cor\u00e9 d&rsquo;une mosa\u00efque vibrante d&rsquo;azulejos traditionnels. Cet ornement attrayant, au design artisanal et peint \u00e0 la main, capture l&rsquo;essence de l&rsquo;art c\u00e9ramique espagnol, avec une vari\u00e9t\u00e9 de motifs g\u00e9om\u00e9triques dans des couleurs vives comme le bleu, le rouge, le jaune et le vert. Id\u00e9al pour apporter une touche artistique \u00e0 n&rsquo;importe quelle pi\u00e8ce, ce crochet symbolise l&rsquo;arriv\u00e9e du printemps, \u00e9voquant la beaut\u00e9 et le folklore de l&rsquo;Espagne.<\/p>\n","protected":false},"featured_media":11229,"template":"","meta":{"_acf_changed":false},"product_brand":[],"product_cat":[791],"product_tag":[530,585],"class_list":{"0":"post-29716","1":"product","2":"type-product","3":"status-publish","4":"has-post-thumbnail","6":"product_cat-pateres","7":"product_tag-animaux","8":"product_tag-ceramique","9":"pa_motivo-hirondelles","11":"first","12":"instock","13":"shipping-taxable","14":"product-type-simple"},"acf":[],"_links":{"self":[{"href":"https:\/\/olemosaic.com\/fr\/wp-json\/wp\/v2\/product\/29716","targetHints":{"allow":["GET"]}}],"collection":[{"href":"https:\/\/olemosaic.com\/fr\/wp-json\/wp\/v2\/product"}],"about":[{"href":"https:\/\/olemosaic.com\/fr\/wp-json\/wp\/v2\/types\/product"}],"wp:featuredmedia":[{"embeddable":true,"href":"https:\/\/olemosaic.com\/fr\/wp-json\/wp\/v2\/media\/11229"}],"wp:attachment":[{"href":"https:\/\/olemosaic.com\/fr\/wp-json\/wp\/v2\/media?parent=29716"}],"wp:term":[{"taxonomy":"product_brand","embeddable":true,"href":"https:\/\/olemosaic.com\/fr\/wp-json\/wp\/v2\/product_brand?post=29716"},{"taxonomy":"product_cat","embeddable":true,"href":"https:\/\/olemosaic.com\/fr\/wp-json\/wp\/v2\/product_cat?post=29716"},{"taxonomy":"product_tag","embeddable":true,"href":"https:\/\/olemosaic.com\/fr\/wp-json\/wp\/v2\/product_tag?post=29716"}],"curies":[{"name":"wp","href":"https:\/\/api.w.org\/{rel}","templated":true}]}}