{"id":29705,"date":"2025-02-20T23:31:19","date_gmt":"2025-02-20T22:31:19","guid":{"rendered":"http:\/\/olemosaic.com\/producto\/colgador-de-ceramica-golondrina-mosaico-2\/"},"modified":"2025-07-25T18:49:03","modified_gmt":"2025-07-25T16:49:03","slug":"patere-ceramique-hirondelle-mosaique-mediterranee","status":"publish","type":"product","link":"https:\/\/olemosaic.com\/fr\/produit\/patere-ceramique-hirondelle-mosaique-mediterranee\/","title":{"rendered":"Pat\u00e8re en c\u00e9ramique. Hirondelle. Mosa\u00efque. M\u00e9diterran\u00e9e."},"content":{"rendered":"<p>Cette pat\u00e8re en c\u00e9ramique en forme d&rsquo;hirondelle est un souvenir attrayant qui capture l&rsquo;essence de la tradition m\u00e9diterran\u00e9enne. Fabriqu\u00e9e avec une c\u00e9ramique de haute qualit\u00e9 et peinte \u00e0 la main, c&rsquo;est une \u0153uvre d&rsquo;art unique qui pr\u00e9sente une mosa\u00efque color\u00e9e vibrante dans des tons bleus, rouges et jaunes. Chaque d\u00e9tail de la d\u00e9coration refl\u00e8te l&rsquo;artisanat typique espagnol, \u00e9voquant le riche h\u00e9ritage culturel de la r\u00e9gion.<\/p>\n<p>L&rsquo;hirondelle, symbole de chance et de l&rsquo;arriv\u00e9e du printemps, n&rsquo;ajoute pas seulement une touche d&rsquo;\u00e9l\u00e9gance \u00e0 n&rsquo;importe quel espace, mais elle est \u00e9galement charg\u00e9e de sens. Ce support est id\u00e9al pour ceux qui cherchent \u00e0 int\u00e9grer un \u00e9l\u00e9ment culturel dans leur d\u00e9coration, que ce soit \u00e0 la maison ou au travail.<\/p>\n<p>Chez Ol\u00e9 Mosaic, nous nous sp\u00e9cialisons dans la distribution de souvenirs en gros, et cette pat\u00e8re hirondelle est un excellent choix pour les boutiques de cadeaux touristiques souhaitant proposer des produits authentiques et repr\u00e9sentatifs de la culture espagnole. Consid\u00e9r\u00e9e comme un souvenir en c\u00e9ramique incontournable, son authenticit\u00e9 et son design artisanal en font un article phare pour ceux qui cherchent \u00e0 se souvenir de leurs exp\u00e9riences en Espagne.<\/p>\n","protected":false},"excerpt":{"rendered":"<p>Pat\u00e8re en c\u00e9ramique en forme d&rsquo;hirondelle, inspir\u00e9e de la tradition m\u00e9diterran\u00e9enne. Ce design attrayant pr\u00e9sente une mosa\u00efque color\u00e9e, avec des motifs dans des tons bleus, rouges et jaunes, \u00e9voquant l&rsquo;artisanat typique espagnol. Peinte avec un style artisanal, chaque pi\u00e8ce est unique, soulignant l&rsquo;\u00e9l\u00e9gance et le symbolisme de l&rsquo;hirondelle comme porte-bonheur. Id\u00e9al pour d\u00e9corer et ajouter une touche culturelle \u00e0 n&rsquo;importe quel espace.<\/p>\n","protected":false},"featured_media":11221,"template":"","meta":{"_acf_changed":false},"product_brand":[],"product_cat":[791],"product_tag":[530,585],"class_list":{"0":"post-29705","1":"product","2":"type-product","3":"status-publish","4":"has-post-thumbnail","6":"product_cat-pateres","7":"product_tag-animaux","8":"product_tag-ceramique","9":"pa_motivo-hirondelles","11":"first","12":"instock","13":"shipping-taxable","14":"product-type-simple"},"acf":[],"_links":{"self":[{"href":"https:\/\/olemosaic.com\/fr\/wp-json\/wp\/v2\/product\/29705","targetHints":{"allow":["GET"]}}],"collection":[{"href":"https:\/\/olemosaic.com\/fr\/wp-json\/wp\/v2\/product"}],"about":[{"href":"https:\/\/olemosaic.com\/fr\/wp-json\/wp\/v2\/types\/product"}],"wp:featuredmedia":[{"embeddable":true,"href":"https:\/\/olemosaic.com\/fr\/wp-json\/wp\/v2\/media\/11221"}],"wp:attachment":[{"href":"https:\/\/olemosaic.com\/fr\/wp-json\/wp\/v2\/media?parent=29705"}],"wp:term":[{"taxonomy":"product_brand","embeddable":true,"href":"https:\/\/olemosaic.com\/fr\/wp-json\/wp\/v2\/product_brand?post=29705"},{"taxonomy":"product_cat","embeddable":true,"href":"https:\/\/olemosaic.com\/fr\/wp-json\/wp\/v2\/product_cat?post=29705"},{"taxonomy":"product_tag","embeddable":true,"href":"https:\/\/olemosaic.com\/fr\/wp-json\/wp\/v2\/product_tag?post=29705"}],"curies":[{"name":"wp","href":"https:\/\/api.w.org\/{rel}","templated":true}]}}