{"id":29703,"date":"2025-02-20T23:31:19","date_gmt":"2025-02-20T22:31:19","guid":{"rendered":"http:\/\/olemosaic.com\/producto\/cerdito-figura-de-resina-de-13-cm-pintada-a-mano\/"},"modified":"2025-07-25T19:18:33","modified_gmt":"2025-07-25T17:18:33","slug":"petit-cochon-figurine-resine-13-cm-peint-main","status":"publish","type":"product","link":"https:\/\/olemosaic.com\/fr\/produit\/petit-cochon-figurine-resine-13-cm-peint-main\/","title":{"rendered":"Petit cochon. Figurine en mosa\u00efque de 13 cm. Mosa\u00efque g\u00e9om\u00e9trique"},"content":{"rendered":"<p>Ce petit cochon peint \u00e0 la main est un charmant souvenir qui capture l&rsquo;essence du folklore espagnol avec son design vibrant et color\u00e9. Fabriqu\u00e9e en r\u00e9sine, cette figurine de 13 cm de hauteur se distingue par son style artistique, o\u00f9 des formes g\u00e9om\u00e9triques s&rsquo;entrelacent dans une riche palette comprenant des nuances de bleu, rouge, vert et jaune. Chaque d\u00e9tail a \u00e9t\u00e9 soigneusement peint \u00e0 la main, ce qui conf\u00e8re \u00e0 ce petit cochon un caract\u00e8re unique et exclusif, parfait pour les collectionneurs et les amateurs d&rsquo;art.<\/p>\n<p>Le cochon, symbole de prosp\u00e9rit\u00e9 et de joie dans diverses cultures, est pr\u00e9sent\u00e9 ici comme un souvenir culturel qui attire l&rsquo;attention dans n&rsquo;importe quel espace, que ce soit \u00e0 la maison ou dans le cadre d&rsquo;une d\u00e9coration festive. Son design joyeux et sa signification culturelle font de ce produit un excellent cadeau pour ceux qui souhaitent emporter un morceau d&rsquo;Espagne. Cette figurine ne repr\u00e9sente pas seulement un souvenir typique, mais c\u00e9l\u00e8bre \u00e9galement le riche h\u00e9ritage artistique espagnol, devenant une pi\u00e8ce de conversation.<\/p>\n<p>Chez Ol\u00e9 Mosaic, nous sommes sp\u00e9cialistes de la distribution de souvenirs en gros, et ce petit cochon peint \u00e0 la main est une option id\u00e9ale pour les boutiques de cadeaux touristiques \u00e0 la recherche de produits authentiques et de qualit\u00e9. En choisissant ce cochon pour votre offre, vous proposerez \u00e0 vos clients un souvenir qui repr\u00e9sente la joie et la chaleur de la culture espagnole, faisant de chaque achat une exp\u00e9rience m\u00e9morable.<\/p>\n","protected":false},"excerpt":{"rendered":"<p>Figurine de petit cochon fabriqu\u00e9e en r\u00e9sine, de 13 cm et au design artisanal, peint \u00e0 la main, avec un design vibrant et color\u00e9. Ce sympathique petit cochon, avec un style artistique incorporant des formes g\u00e9om\u00e9triques dans des tons bleus, rouges, verts et jaunes, \u00e9voque le folklore espagnol. Il attirera tous les regards dans n&rsquo;importe quel coin et deviendra un souvenir original repr\u00e9sentant la joie et la culture de l&rsquo;Espagne.<\/p>\n","protected":false},"featured_media":8762,"template":"","meta":{"_acf_changed":false},"product_brand":[],"product_cat":[540],"product_tag":[530],"class_list":{"0":"post-29703","1":"product","2":"type-product","3":"status-publish","4":"has-post-thumbnail","6":"product_cat-chiffres","7":"product_tag-animaux","8":"pa_motivo-petits-cochons","10":"first","11":"instock","12":"shipping-taxable","13":"product-type-simple"},"acf":[],"_links":{"self":[{"href":"https:\/\/olemosaic.com\/fr\/wp-json\/wp\/v2\/product\/29703","targetHints":{"allow":["GET"]}}],"collection":[{"href":"https:\/\/olemosaic.com\/fr\/wp-json\/wp\/v2\/product"}],"about":[{"href":"https:\/\/olemosaic.com\/fr\/wp-json\/wp\/v2\/types\/product"}],"wp:featuredmedia":[{"embeddable":true,"href":"https:\/\/olemosaic.com\/fr\/wp-json\/wp\/v2\/media\/8762"}],"wp:attachment":[{"href":"https:\/\/olemosaic.com\/fr\/wp-json\/wp\/v2\/media?parent=29703"}],"wp:term":[{"taxonomy":"product_brand","embeddable":true,"href":"https:\/\/olemosaic.com\/fr\/wp-json\/wp\/v2\/product_brand?post=29703"},{"taxonomy":"product_cat","embeddable":true,"href":"https:\/\/olemosaic.com\/fr\/wp-json\/wp\/v2\/product_cat?post=29703"},{"taxonomy":"product_tag","embeddable":true,"href":"https:\/\/olemosaic.com\/fr\/wp-json\/wp\/v2\/product_tag?post=29703"}],"curies":[{"name":"wp","href":"https:\/\/api.w.org\/{rel}","templated":true}]}}