{"id":29702,"date":"2025-02-20T23:31:19","date_gmt":"2025-02-20T22:31:19","guid":{"rendered":"http:\/\/olemosaic.com\/producto\/cenicero-de-ceramica-de-8-cm-salamandra-y-flores-mallorca-blanco\/"},"modified":"2025-07-25T18:49:41","modified_gmt":"2025-07-25T16:49:41","slug":"cendrier-ceramique-8-cm-salamandre-fleurs-majorque-blanc","status":"publish","type":"product","link":"https:\/\/olemosaic.com\/fr\/produit\/cendrier-ceramique-8-cm-salamandre-fleurs-majorque-blanc\/","title":{"rendered":"Cendrier en c\u00e9ramique de 8 cm. Salamandre et fleurs. Majorque. Blanc"},"content":{"rendered":"<p>Ce cendrier en c\u00e9ramique, d&rsquo;un diam\u00e8tre de 8 cm, est un charmant souvenir de Majorque qui capture l&rsquo;essence vibrante de la flore bal\u00e9are. De forme ronde et dot\u00e9 d&rsquo;une finition blanche brillante, il sert de magnifique toile pour sa d\u00e9coration. \u00c0 l&rsquo;int\u00e9rieur, une salamandre color\u00e9e et une vari\u00e9t\u00e9 de fleurs se distinguent, toutes avec un effet peint \u00e0 la main et une palette de couleurs vives incluant le rouge, le jaune, le bleu et le vert, \u00e9voquant l&rsquo;art traditionnel de la mosa\u00efque de la r\u00e9gion. Chaque d\u00e9tail, de l&rsquo;expression enjou\u00e9e de la salamandre \u00e0 la d\u00e9licatesse des fleurs, refl\u00e8te un lien profond avec la riche biodiversit\u00e9 majorquine.<\/p>\n<p>Ce cendrier n&rsquo;est pas seulement un objet fonctionnel, mais aussi une \u0153uvre d&rsquo;art qui ajoute une touche artistique \u00e0 n&rsquo;importe quel espace. La salamandre, symbole de la beaut\u00e9 naturelle et de l&rsquo;\u00e9nergie de Majorque, ainsi que les fleurs typiques de l&rsquo;\u00eele, font de ce souvenir un excellent choix pour ceux qui cherchent \u00e0 emporter un souvenir authentique et distinctif. Chez Ol\u00e9 Mosaic, nous sommes fiers de proposer des produits qui refl\u00e8tent la culture locale, et ce cendrier est un exemple parfait de la fa\u00e7on dont la tradition et l&rsquo;art s&rsquo;entrelacent dans un objet du quotidien. Id\u00e9al pour les boutiques de cadeaux touristiques, ce souvenir en c\u00e9ramique ravira non seulement les visiteurs de Majorque, mais leur rappellera \u00e9galement toujours la magie de leur voyage.<\/p>\n","protected":false},"excerpt":{"rendered":"<p>Cendrier en c\u00e9ramique de 8 cm d\u00e9cor\u00e9 d&rsquo;une salamandre color\u00e9e et de fleurs, inspir\u00e9 par la beaut\u00e9 naturelle de Majorque. Ce cendrier attrayant, de forme ronde avec une finition blanche brillante, pr\u00e9sente un design vibrant avec des d\u00e9tails peints \u00e0 la main en rouge, jaune, bleu et vert, \u00e9voquant l&rsquo;art de la mosa\u00efque traditionnelle. Id\u00e9al pour ajouter une touche artistique \u00e0 n&rsquo;importe quel espace, ce souvenir refl\u00e8te l&rsquo;essence de la flore bal\u00e9are.<\/p>\n","protected":false},"featured_media":8876,"template":"","meta":{"_acf_changed":false},"product_brand":[],"product_cat":[584],"product_tag":[530,585],"class_list":{"0":"post-29702","1":"product","2":"type-product","3":"status-publish","4":"has-post-thumbnail","6":"product_cat-cendriers","7":"product_tag-animaux","8":"product_tag-ceramique","9":"pa_ciudad-mallorca","10":"pa_motivo-salamandres","11":"pa_pais-espana","13":"first","14":"instock","15":"shipping-taxable","16":"product-type-simple"},"acf":[],"_links":{"self":[{"href":"https:\/\/olemosaic.com\/fr\/wp-json\/wp\/v2\/product\/29702","targetHints":{"allow":["GET"]}}],"collection":[{"href":"https:\/\/olemosaic.com\/fr\/wp-json\/wp\/v2\/product"}],"about":[{"href":"https:\/\/olemosaic.com\/fr\/wp-json\/wp\/v2\/types\/product"}],"wp:featuredmedia":[{"embeddable":true,"href":"https:\/\/olemosaic.com\/fr\/wp-json\/wp\/v2\/media\/8876"}],"wp:attachment":[{"href":"https:\/\/olemosaic.com\/fr\/wp-json\/wp\/v2\/media?parent=29702"}],"wp:term":[{"taxonomy":"product_brand","embeddable":true,"href":"https:\/\/olemosaic.com\/fr\/wp-json\/wp\/v2\/product_brand?post=29702"},{"taxonomy":"product_cat","embeddable":true,"href":"https:\/\/olemosaic.com\/fr\/wp-json\/wp\/v2\/product_cat?post=29702"},{"taxonomy":"product_tag","embeddable":true,"href":"https:\/\/olemosaic.com\/fr\/wp-json\/wp\/v2\/product_tag?post=29702"}],"curies":[{"name":"wp","href":"https:\/\/api.w.org\/{rel}","templated":true}]}}