{"id":29695,"date":"2025-02-20T22:31:18","date_gmt":"2025-02-20T22:31:18","guid":{"rendered":"http:\/\/olemosaic.com\/producto\/cenicero-de-ceramica-de-10-cm-punt-de-trobada-beige\/"},"modified":"2025-07-25T19:38:53","modified_gmt":"2025-07-25T17:38:53","slug":"cendrier-en-ceramique-de-10-cm-punt-de-trobada-beige","status":"publish","type":"product","link":"https:\/\/olemosaic.com\/fr\/produit\/cendrier-en-ceramique-de-10-cm-punt-de-trobada-beige\/","title":{"rendered":"Cendrier en c\u00e9ramique de 10 cm. Punt de trobada. Beige"},"content":{"rendered":"<p>Ce cendrier en c\u00e9ramique, de 10 cm de diam\u00e8tre et au design vibrant \u00ab\u00a0Punt de trobada\u00a0\u00bb, est un v\u00e9ritable joyau de l&rsquo;artisanat d\u00e9coratif, parfait pour ajouter une touche artistique \u00e0 n&rsquo;importe quel espace. Sa base beige sert de toile \u00e0 la gamme color\u00e9e de motifs abstraits qui ornent son int\u00e9rieur, combinant des tons bleus, rouges, verts et jaunes. Les \u00e9l\u00e9gants traits noirs qui soulignent ces formes apportent non seulement un contraste impressionnant, mais \u00e9voquent \u00e9galement un style moderne et contemporain, id\u00e9al aussi bien pour les int\u00e9rieurs que pour les espaces ext\u00e9rieurs.<\/p>\n<p>Le bord rouge brillant du cendrier rehausse la d\u00e9coration int\u00e9rieure, en faisant une pi\u00e8ce attrayante qui attirera les regards des visiteurs. Son design en fait non seulement un accessoire utile, mais aussi un \u00e9l\u00e9ment d\u00e9coratif remarquable qui peut compl\u00e9ter n&rsquo;importe quel style de d\u00e9coration, du plus classique au plus avant-gardiste.<\/p>\n<p>Le cendrier \u00ab\u00a0Punt de trobada\u00a0\u00bb est un excellent souvenir culturel qui repr\u00e9sente la riche tradition artistique de l&rsquo;Espagne, ce qui en fait un souvenir id\u00e9al pour les touristes cherchant \u00e0 emporter un morceau du charme local. Chez Ol\u00e9 Mosaic, nous sommes fiers d&rsquo;\u00eatre des distributeurs de souvenirs en c\u00e9ramique authentique, offrant des produits de qualit\u00e9 qui c\u00e9l\u00e8brent la diversit\u00e9 esth\u00e9tique de notre h\u00e9ritage. Ce cendrier est, sans aucun doute, un cadeau parfait pour les boutiques de cadeaux touristiques souhaitant offrir \u00e0 leurs clients un \u00e9chantillon authentique et significatif de la culture espagnole.<\/p>\n","protected":false},"excerpt":{"rendered":"<p>Cendrier en c\u00e9ramique de 10 cm avec un design vibrant \u00ab\u00a0Punt de trobada\u00a0\u00bb. Cet attrayant cendrier pr\u00e9sente une base beige d\u00e9cor\u00e9e de motifs abstraits color\u00e9s dans les tons bleu, rouge, vert et jaune, avec des traits noirs \u00e9l\u00e9gants qui lui donnent une touche moderne. Son bord rouge brillant rehausse le design int\u00e9rieur, en faisant une pi\u00e8ce d\u00e9corative id\u00e9ale pour la maison et parfaite pour apporter une touche artistique aux espaces ext\u00e9rieurs.<\/p>\n","protected":false},"featured_media":10041,"template":"","meta":{"_acf_changed":false},"product_brand":[],"product_cat":[584],"product_tag":[585],"class_list":{"0":"post-29695","1":"product","2":"type-product","3":"status-publish","4":"has-post-thumbnail","6":"product_cat-cendriers","7":"product_tag-ceramique","8":"pa_motivo-punt-de-trobada","10":"first","11":"instock","12":"shipping-taxable","13":"product-type-simple"},"acf":[],"_links":{"self":[{"href":"https:\/\/olemosaic.com\/fr\/wp-json\/wp\/v2\/product\/29695","targetHints":{"allow":["GET"]}}],"collection":[{"href":"https:\/\/olemosaic.com\/fr\/wp-json\/wp\/v2\/product"}],"about":[{"href":"https:\/\/olemosaic.com\/fr\/wp-json\/wp\/v2\/types\/product"}],"wp:featuredmedia":[{"embeddable":true,"href":"https:\/\/olemosaic.com\/fr\/wp-json\/wp\/v2\/media\/10041"}],"wp:attachment":[{"href":"https:\/\/olemosaic.com\/fr\/wp-json\/wp\/v2\/media?parent=29695"}],"wp:term":[{"taxonomy":"product_brand","embeddable":true,"href":"https:\/\/olemosaic.com\/fr\/wp-json\/wp\/v2\/product_brand?post=29695"},{"taxonomy":"product_cat","embeddable":true,"href":"https:\/\/olemosaic.com\/fr\/wp-json\/wp\/v2\/product_cat?post=29695"},{"taxonomy":"product_tag","embeddable":true,"href":"https:\/\/olemosaic.com\/fr\/wp-json\/wp\/v2\/product_tag?post=29695"}],"curies":[{"name":"wp","href":"https:\/\/api.w.org\/{rel}","templated":true}]}}