{"id":29671,"date":"2025-02-20T23:31:18","date_gmt":"2025-02-20T22:31:18","guid":{"rendered":"http:\/\/olemosaic.com\/producto\/cenicero-de-ceramica-de-9-cm-punt-de-trobada-barcelona-blanco\/"},"modified":"2025-07-25T19:11:31","modified_gmt":"2025-07-25T17:11:31","slug":"cendrier-en-ceramique-de-9-cm-punt-de-trobada-barcelone-blanc","status":"publish","type":"product","link":"https:\/\/olemosaic.com\/fr\/produit\/cendrier-en-ceramique-de-9-cm-punt-de-trobada-barcelone-blanc\/","title":{"rendered":"Cendrier en c\u00e9ramique de 9 cm. Punt de trobada. Barcelone. Blanc"},"content":{"rendered":"<p>Ce cendrier en c\u00e9ramique de 9 cm est une expression vibrante de l&rsquo;art et de la culture barcelonais, inspir\u00e9 de l&#8217;embl\u00e9matique \u00ab\u00a0Punt de trobada\u00a0\u00bb. Avec un design rappelant le trencad\u00eds, une technique caract\u00e9ristique du modernisme catalan, le cendrier se distingue par son fond blanc parsem\u00e9 d&rsquo;une vari\u00e9t\u00e9 de couleurs vives, telles que le rouge, le vert et le bleu, qui s&rsquo;intercalent avec des motifs abstraits. La surface montre une composition joyeuse de formes g\u00e9om\u00e9triques et de lignes organiques qui \u00e9voquent l&rsquo;esprit cr\u00e9atif de la ville.<\/p>\n<p>Avec le mot \u00ab\u00a0Barcelona\u00a0\u00bb magnifiquement peint sur la base, ce cendrier ne remplit pas seulement une fonction pratique, mais devient un beau souvenir qui capture l&rsquo;essence unique de la vie urbaine catalane. C&rsquo;est une excellente option pour les touristes \u00e0 la recherche d&rsquo;un souvenir authentique et repr\u00e9sentatif, ainsi que pour les boutiques de cadeaux touristiques souhaitant proposer des articles de qualit\u00e9 li\u00e9s \u00e0 l&rsquo;art et \u00e0 la culture locale.<\/p>\n<p>Chez Ol\u00e9 Mosaic, notre sp\u00e9cialit\u00e9 est la distribution de souvenirs en gros, et ce cendrier est un ajout parfait pour toute boutique souhaitant attirer les amoureux de la culture espagnole. Avec son caract\u00e8re distinctif, ce cendrier de Barcelone est plus qu&rsquo;un objet d\u00e9coratif ; c&rsquo;est un symbole du riche h\u00e9ritage artistique de la ville, id\u00e9al pour ceux qui souhaitent emporter un morceau de Barcelone avec eux.<\/p>\n","protected":false},"excerpt":{"rendered":"<p>Cendrier en c\u00e9ramique de 9 cm avec un design inspir\u00e9 du c\u00e9l\u00e8bre \u00ab\u00a0Punt de trobada\u00a0\u00bb de Barcelone. Ce \u00e9l\u00e9gant cendrier, d\u00e9cor\u00e9 dans des tons blancs et une gamme vibrante de couleurs comme le rouge, le vert et le bleu, pr\u00e9sente des motifs abstraits frappants sur un fond \u00e9voquant le trencad\u00eds, technique caract\u00e9ristique du modernisme catalan. Sur la base, le mot \u00ab\u00a0Barcelona\u00a0\u00bb se distingue, ce qui en fait un souvenir charmant et repr\u00e9sentatif de la ville.<\/p>\n","protected":false},"featured_media":9141,"template":"","meta":{"_acf_changed":false},"product_brand":[],"product_cat":[584],"product_tag":[585],"class_list":{"0":"post-29671","1":"product","2":"type-product","3":"status-publish","4":"has-post-thumbnail","6":"product_cat-cendriers","7":"product_tag-ceramique","8":"pa_ciudad-barcelona","9":"pa_motivo-punt-de-trobada","10":"pa_pais-espana","12":"first","13":"instock","14":"shipping-taxable","15":"product-type-simple"},"acf":[],"_links":{"self":[{"href":"https:\/\/olemosaic.com\/fr\/wp-json\/wp\/v2\/product\/29671","targetHints":{"allow":["GET"]}}],"collection":[{"href":"https:\/\/olemosaic.com\/fr\/wp-json\/wp\/v2\/product"}],"about":[{"href":"https:\/\/olemosaic.com\/fr\/wp-json\/wp\/v2\/types\/product"}],"wp:featuredmedia":[{"embeddable":true,"href":"https:\/\/olemosaic.com\/fr\/wp-json\/wp\/v2\/media\/9141"}],"wp:attachment":[{"href":"https:\/\/olemosaic.com\/fr\/wp-json\/wp\/v2\/media?parent=29671"}],"wp:term":[{"taxonomy":"product_brand","embeddable":true,"href":"https:\/\/olemosaic.com\/fr\/wp-json\/wp\/v2\/product_brand?post=29671"},{"taxonomy":"product_cat","embeddable":true,"href":"https:\/\/olemosaic.com\/fr\/wp-json\/wp\/v2\/product_cat?post=29671"},{"taxonomy":"product_tag","embeddable":true,"href":"https:\/\/olemosaic.com\/fr\/wp-json\/wp\/v2\/product_tag?post=29671"}],"curies":[{"name":"wp","href":"https:\/\/api.w.org\/{rel}","templated":true}]}}