{"id":29670,"date":"2025-02-20T23:31:18","date_gmt":"2025-02-20T22:31:18","guid":{"rendered":"http:\/\/olemosaic.com\/producto\/cenicero-de-ceramica-de-9-cm-salamandra-mallorca-beige\/"},"modified":"2025-07-25T20:32:23","modified_gmt":"2025-07-25T18:32:23","slug":"cendrier-en-ceramique-de-9-cm-salamandre-majorque-beige","status":"publish","type":"product","link":"https:\/\/olemosaic.com\/fr\/produit\/cendrier-en-ceramique-de-9-cm-salamandre-majorque-beige\/","title":{"rendered":"Cendrier en c\u00e9ramique de 9 cm. Salamandre. Majorque. Beige"},"content":{"rendered":"<p>Ce cendrier en c\u00e9ramique de 9 cm est un charmant souvenir de Majorque qui allie fonctionnalit\u00e9 et attrait visuel. Son design pr\u00e9sente une finition dans un ton beige doux, compl\u00e9t\u00e9e par un couvercle sup\u00e9rieur de couleur orange vif qui apporte une touche vibrante et joyeuse. D\u00e9cor\u00e9 de salamandres voyantes en mosa\u00efque et de d\u00e9tails floraux, chaque \u00e9l\u00e9ment est peint \u00e0 la main, ce qui garantit que chaque pi\u00e8ce est unique et sp\u00e9ciale. Les salamandres, embl\u00e9matiques de la faune bal\u00e9are, symbolisent la connexion entre la nature et la culture majorquine, faisant de ce cendrier un souvenir repr\u00e9sentatif de la richesse de l&rsquo;\u00eele.<\/p>\n<p>Les illustrations color\u00e9es qui ornent le cendrier non seulement embellissent l&rsquo;article, mais refl\u00e8tent \u00e9galement l&rsquo;essence du mode de vie m\u00e9diterran\u00e9en. Le nom \u00ab\u00a0MALLORCA\u00a0\u00bb est soigneusement peint, transformant ce cendrier en un excellent objet d\u00e9coratif qui capture l&rsquo;essence de l&rsquo;\u00eele. Chez Ol\u00e9 Mosaic, en tant que distributeurs de souvenirs en gros, nous proposons ce cendrier en c\u00e9ramique comme une option id\u00e9ale pour les boutiques de cadeaux touristiques. Son authenticit\u00e9 et son design attrayant en font le souvenir parfait pour les visiteurs qui cherchent \u00e0 emporter un morceau de Majorque chez eux, soulignant sa pertinence culturelle et son style unique.<\/p>\n","protected":false},"excerpt":{"rendered":"<p>Cendrier en c\u00e9ramique de 9 cm, d\u00e9cor\u00e9 de salamandres voyantes et du nom \u00ab\u00a0MALLORCA\u00a0\u00bb. Ce cendrier attrayant, avec une finition beige et un couvercle orange vif, pr\u00e9sente des salamandres en mosa\u00efques color\u00e9es et des fleurs, lui donnant une touche joyeuse et r\u00e9gionale, refl\u00e9tant l&rsquo;essence de Majorque. Son design artisanal, peint \u00e0 la main, en fait une pi\u00e8ce unique et charmante pour n&rsquo;importe quel environnement.<\/p>\n","protected":false},"featured_media":7735,"template":"","meta":{"_acf_changed":false},"product_brand":[],"product_cat":[584],"product_tag":[530,585],"class_list":{"0":"post-29670","1":"product","2":"type-product","3":"status-publish","4":"has-post-thumbnail","6":"product_cat-cendriers","7":"product_tag-animaux","8":"product_tag-ceramique","9":"pa_ciudad-mallorca","10":"pa_motivo-salamandres","11":"pa_pais-espana","13":"first","14":"instock","15":"shipping-taxable","16":"product-type-simple"},"acf":[],"_links":{"self":[{"href":"https:\/\/olemosaic.com\/fr\/wp-json\/wp\/v2\/product\/29670","targetHints":{"allow":["GET"]}}],"collection":[{"href":"https:\/\/olemosaic.com\/fr\/wp-json\/wp\/v2\/product"}],"about":[{"href":"https:\/\/olemosaic.com\/fr\/wp-json\/wp\/v2\/types\/product"}],"wp:featuredmedia":[{"embeddable":true,"href":"https:\/\/olemosaic.com\/fr\/wp-json\/wp\/v2\/media\/7735"}],"wp:attachment":[{"href":"https:\/\/olemosaic.com\/fr\/wp-json\/wp\/v2\/media?parent=29670"}],"wp:term":[{"taxonomy":"product_brand","embeddable":true,"href":"https:\/\/olemosaic.com\/fr\/wp-json\/wp\/v2\/product_brand?post=29670"},{"taxonomy":"product_cat","embeddable":true,"href":"https:\/\/olemosaic.com\/fr\/wp-json\/wp\/v2\/product_cat?post=29670"},{"taxonomy":"product_tag","embeddable":true,"href":"https:\/\/olemosaic.com\/fr\/wp-json\/wp\/v2\/product_tag?post=29670"}],"curies":[{"name":"wp","href":"https:\/\/api.w.org\/{rel}","templated":true}]}}