{"id":29668,"date":"2025-02-20T22:31:17","date_gmt":"2025-02-20T22:31:17","guid":{"rendered":"http:\/\/olemosaic.com\/producto\/cenicero-de-ceramica-de-8-cm-punt-de-trobada-barcelona-blanco\/"},"modified":"2025-07-25T18:59:53","modified_gmt":"2025-07-25T16:59:53","slug":"cendrier-en-ceramique-de-8-cm-punt-de-trobada-barcelone-blanc","status":"publish","type":"product","link":"https:\/\/olemosaic.com\/fr\/produit\/cendrier-en-ceramique-de-8-cm-punt-de-trobada-barcelone-blanc\/","title":{"rendered":"Cendrier en c\u00e9ramique de 8 cm. Punt de trobada. Barcelone. Blanc"},"content":{"rendered":"<p>Ce cendrier en c\u00e9ramique de 8 cm, inspir\u00e9 de l&rsquo;\u0153uvre \u00ab\u00a0Punt de trobada\u00a0\u00bb de Barcelone, est une pi\u00e8ce qui fusionne fonctionnalit\u00e9 et art, id\u00e9ale pour ceux qui recherchent un souvenir authentique de la cit\u00e9 comtale. Son design vibrant pr\u00e9sente une base blanche orn\u00e9e de mosa\u00efques rouges, bleues, jaunes et vertes, qui \u00e9voquent la riche tradition moderniste barcelonaise. Ces couleurs s&rsquo;entrelacent dans un motif graphique anim\u00e9 qui refl\u00e8te la cr\u00e9ativit\u00e9 caract\u00e9ristique de l&rsquo;\u0153uvre d&rsquo;Antoni Gaud\u00ed, si pr\u00e9sente dans l&rsquo;architecture et l&rsquo;art de la ville.<\/p>\n<p>Le contour du cendrier est \u00e9l\u00e9gamment d\u00e9cor\u00e9 de l&rsquo;inscription \u00ab\u00a0Barcelona\u00a0\u00bb, qui souligne l&rsquo;identit\u00e9 culturelle de la capitale catalane. Ce d\u00e9tail en fait un objet d\u00e9coratif, en plus d&rsquo;un symbole du patrimoine artistique de la r\u00e9gion, parfait pour se souvenir des moments sp\u00e9ciaux v\u00e9cus dans cette ville vibrante. Sa taille compacte le rend id\u00e9al pour n&rsquo;importe quel espace, garantissant qu&rsquo;il peut \u00eatre utilis\u00e9 facilement tout en int\u00e9grant une touche artistique \u00e0 la d\u00e9coration.<\/p>\n<p>Chez Ol\u00e9 Mosaic, nous nous sp\u00e9cialisons dans la distribution en gros de souvenirs authentiques, offrant aux boutiques de cadeaux touristiques des produits qui ne sont pas seulement beaux, mais qui ont aussi un fond culturel significatif. Ce cendrier en c\u00e9ramique est une excellente option pour ceux qui recherchent des souvenirs capturant l&rsquo;essence de Barcelone, garantissant qualit\u00e9 et un design attrayant qui invite \u00e0 profiter de l&rsquo;h\u00e9ritage artisanal espagnol.<\/p>\n","protected":false},"excerpt":{"rendered":"<p>Cendrier en c\u00e9ramique de 8 cm inspir\u00e9 de l&rsquo;\u0153uvre \u00ab\u00a0Punt de trobada\u00a0\u00bb de Barcelone. Ce \u00e9l\u00e9gant cendrier blanc pr\u00e9sente un design vibrant avec des mosa\u00efques rouges, bleues, jaunes et vertes, encadr\u00e9es par un motif de lignes graphiques. Le bord inf\u00e9rieur arbore le mot \u00ab\u00a0Barcelona\u00a0\u00bb, en r\u00e9f\u00e9rence claire au style artistique qui d\u00e9finit la ville. Id\u00e9al pour ceux qui recherchent un souvenir fonctionnel et d\u00e9coratif capturant l&rsquo;essence moderniste barcelonaise.<\/p>\n","protected":false},"featured_media":9155,"template":"","meta":{"_acf_changed":false},"product_brand":[],"product_cat":[584],"product_tag":[585],"class_list":{"0":"post-29668","1":"product","2":"type-product","3":"status-publish","4":"has-post-thumbnail","6":"product_cat-cendriers","7":"product_tag-ceramique","8":"pa_ciudad-barcelona","9":"pa_motivo-punt-de-trobada","10":"pa_pais-espana","12":"first","13":"instock","14":"shipping-taxable","15":"product-type-simple"},"acf":[],"_links":{"self":[{"href":"https:\/\/olemosaic.com\/fr\/wp-json\/wp\/v2\/product\/29668","targetHints":{"allow":["GET"]}}],"collection":[{"href":"https:\/\/olemosaic.com\/fr\/wp-json\/wp\/v2\/product"}],"about":[{"href":"https:\/\/olemosaic.com\/fr\/wp-json\/wp\/v2\/types\/product"}],"wp:featuredmedia":[{"embeddable":true,"href":"https:\/\/olemosaic.com\/fr\/wp-json\/wp\/v2\/media\/9155"}],"wp:attachment":[{"href":"https:\/\/olemosaic.com\/fr\/wp-json\/wp\/v2\/media?parent=29668"}],"wp:term":[{"taxonomy":"product_brand","embeddable":true,"href":"https:\/\/olemosaic.com\/fr\/wp-json\/wp\/v2\/product_brand?post=29668"},{"taxonomy":"product_cat","embeddable":true,"href":"https:\/\/olemosaic.com\/fr\/wp-json\/wp\/v2\/product_cat?post=29668"},{"taxonomy":"product_tag","embeddable":true,"href":"https:\/\/olemosaic.com\/fr\/wp-json\/wp\/v2\/product_tag?post=29668"}],"curies":[{"name":"wp","href":"https:\/\/api.w.org\/{rel}","templated":true}]}}