{"id":29667,"date":"2025-02-20T23:31:17","date_gmt":"2025-02-20T22:31:17","guid":{"rendered":"http:\/\/olemosaic.com\/producto\/cenicero-de-ceramica-de-8-cm-madrid-blanco\/"},"modified":"2025-07-25T18:54:53","modified_gmt":"2025-07-25T16:54:53","slug":"cendrier-en-ceramique-de-8-cm-madrid-blanc","status":"publish","type":"product","link":"https:\/\/olemosaic.com\/fr\/produit\/cendrier-en-ceramique-de-8-cm-madrid-blanc\/","title":{"rendered":"Cendrier en c\u00e9ramique de 8 cm. Madrid. Blanc"},"content":{"rendered":"<p>Ce cendrier en c\u00e9ramique de 8 cm, orn\u00e9 d&rsquo;une repr\u00e9sentation vibrante de Madrid, est une pi\u00e8ce de collection qui se distingue par son \u00e9l\u00e9gance et sa fonctionnalit\u00e9. Sa base blanche met en valeur un design d\u00e9taill\u00e9 peint \u00e0 la main qui capture la c\u00e9l\u00e8bre Puerta del Sol, l&rsquo;une des places les plus embl\u00e9matiques et repr\u00e9sentatives de la capitale espagnole. Sur ce charmant cendrier, la c\u00e9l\u00e8bre horloge et les personnages qui animent la place sont repr\u00e9sent\u00e9s par une mosa\u00efque color\u00e9e de tons \u00e9voquant la vitalit\u00e9 de la ville.<\/p>\n<p>\u00c0 l&rsquo;int\u00e9rieur, le mot \u00ab\u00a0MADRID\u00a0\u00bb est pr\u00e9sent\u00e9 en lettres frappantes, renfor\u00e7ant le lien culturel de l&rsquo;objet avec la ville. Chaque trait et couleur du design est un hommage \u00e0 la culture madril\u00e8ne, id\u00e9al pour ceux qui souhaitent emporter un petit morceau de l&rsquo;essence de la m\u00e9tropole espagnole. Ce cendrier n&rsquo;est pas seulement un accessoire pratique, mais aussi un excellent souvenir qui capture l&rsquo;atmosph\u00e8re vibrante de Madrid, ce qui en fait un cadeau attrayant pour les touristes.<\/p>\n<p>Chez Ol\u00e9 Mosaic, nous nous sp\u00e9cialisons dans la distribution de souvenirs en gros, offrant des produits authentiques qui refl\u00e8tent la riche tradition culturelle de chaque destination, ce cendrier en c\u00e9ramique en \u00e9tant un exemple parfait. Id\u00e9al pour les boutiques de cadeaux touristiques \u00e0 la recherche d&rsquo;articles uniques et repr\u00e9sentatifs, ce cendrier est un ajout pr\u00e9cieux \u00e0 toute collection de souvenirs de Madrid, garantissant qualit\u00e9 et design dans chaque pi\u00e8ce.<\/p>\n","protected":false},"excerpt":{"rendered":"<p>Cendrier en c\u00e9ramique de 8 cm, orn\u00e9 d&rsquo;une repr\u00e9sentation vibrante de Madrid. Ce \u00e9l\u00e9gant cendrier blanc pr\u00e9sente un design artisanal d\u00e9taill\u00e9, peint \u00e0 la main, de l&#8217;embl\u00e9matique Puerta del Sol, o\u00f9 se distinguent ses figures iconiques et l&rsquo;horloge. Avec une mosa\u00efque color\u00e9e en fond et le mot \u00ab MADRID \u00bb en lettres frappantes, cet objet artisanal est non seulement fonctionnel, mais capture \u00e9galement l&rsquo;esprit culturel de la capitale espagnole.<\/p>\n","protected":false},"featured_media":9951,"template":"","meta":{"_acf_changed":false},"product_brand":[],"product_cat":[584],"product_tag":[585],"class_list":{"0":"post-29667","1":"product","2":"type-product","3":"status-publish","4":"has-post-thumbnail","6":"product_cat-cendriers","7":"product_tag-ceramique","8":"pa_ciudad-madrid","9":"pa_pais-espana","11":"first","12":"instock","13":"shipping-taxable","14":"product-type-simple"},"acf":[],"_links":{"self":[{"href":"https:\/\/olemosaic.com\/fr\/wp-json\/wp\/v2\/product\/29667","targetHints":{"allow":["GET"]}}],"collection":[{"href":"https:\/\/olemosaic.com\/fr\/wp-json\/wp\/v2\/product"}],"about":[{"href":"https:\/\/olemosaic.com\/fr\/wp-json\/wp\/v2\/types\/product"}],"wp:featuredmedia":[{"embeddable":true,"href":"https:\/\/olemosaic.com\/fr\/wp-json\/wp\/v2\/media\/9951"}],"wp:attachment":[{"href":"https:\/\/olemosaic.com\/fr\/wp-json\/wp\/v2\/media?parent=29667"}],"wp:term":[{"taxonomy":"product_brand","embeddable":true,"href":"https:\/\/olemosaic.com\/fr\/wp-json\/wp\/v2\/product_brand?post=29667"},{"taxonomy":"product_cat","embeddable":true,"href":"https:\/\/olemosaic.com\/fr\/wp-json\/wp\/v2\/product_cat?post=29667"},{"taxonomy":"product_tag","embeddable":true,"href":"https:\/\/olemosaic.com\/fr\/wp-json\/wp\/v2\/product_tag?post=29667"}],"curies":[{"name":"wp","href":"https:\/\/api.w.org\/{rel}","templated":true}]}}