{"id":29651,"date":"2025-02-20T22:31:17","date_gmt":"2025-02-20T22:31:17","guid":{"rendered":"http:\/\/olemosaic.com\/producto\/cenicero-de-ceramica-de-8-cm-patio-blanco\/"},"modified":"2025-07-25T19:50:14","modified_gmt":"2025-07-25T17:50:14","slug":"cendrier-en-ceramique-de-8-cm-patio-blanc","status":"publish","type":"product","link":"https:\/\/olemosaic.com\/fr\/produit\/cendrier-en-ceramique-de-8-cm-patio-blanc\/","title":{"rendered":"Cendrier en c\u00e9ramique de 8 cm. Patio. Blanc"},"content":{"rendered":"<p>Ce cendrier en c\u00e9ramique de 8 cm est une pi\u00e8ce d\u00e9corative et fonctionnelle qui capture l&rsquo;essence du flamenco espagnol, id\u00e9al pour ajouter une touche andalouse \u00e0 n&rsquo;importe quel foyer. Avec un design vibrant pr\u00e9sentant une danseuse (bailaora) portant une robe rouge spectaculaire \u00e0 pois blancs et un \u00e9l\u00e9gant chapeau cordouan, ce cendrier refl\u00e8te la passion et l&rsquo;art de la culture flamenca. La repr\u00e9sentation est compl\u00e9t\u00e9e par un charmant environnement de fleurs et un balcon typiquement andalou, \u00e9voquant la beaut\u00e9 des patios espagnols.<\/p>\n<p>Le fond blanc du cendrier rehausse les d\u00e9tails color\u00e9s, cr\u00e9ant un contraste visuel attrayant qui fera ressortir cette pi\u00e8ce dans n&rsquo;importe quel espace. La qualit\u00e9 de la c\u00e9ramique garantit la durabilit\u00e9, tandis que son design pittoresque en fait un merveilleux souvenir, offrant un lien imm\u00e9diat avec la tradition culturelle du sud de l&rsquo;Espagne.<\/p>\n<p>Chez Ol\u00e9 Mosaic, nous sommes sp\u00e9cialis\u00e9s dans la distribution de souvenirs en gros, et ce cendrier est une excellente option pour les boutiques de cadeaux touristiques \u00e0 la recherche de produits authentiques et repr\u00e9sentatifs. En tant que grossistes de souvenirs andalous, nous fournissons des articles qui non seulement d\u00e9corent, mais c\u00e9l\u00e8brent \u00e9galement le riche patrimoine de la r\u00e9gion.<\/p>\n","protected":false},"excerpt":{"rendered":"<p>Cendrier en c\u00e9ramique de 8 cm inspir\u00e9 par la culture flamenca espagnole, parfait pour ajouter une touche andalouse \u00e0 n&rsquo;importe quel foyer. Son design pr\u00e9sente une sc\u00e8ne vibrante : une danseuse de flamenco avec une robe rouge \u00e0 pois blancs et un chapeau cordouan, le tout entour\u00e9 d&rsquo;un environnement floral charmant et d&rsquo;un balcon typique. Le fond blanc rehausse les d\u00e9tails color\u00e9s, transformant ce cendrier en une pi\u00e8ce d\u00e9corative id\u00e9ale et fonctionnelle.<\/p>\n","protected":false},"featured_media":8880,"template":"","meta":{"_acf_changed":false},"product_brand":[],"product_cat":[584],"product_tag":[585],"class_list":{"0":"post-29651","1":"product","2":"type-product","3":"status-publish","4":"has-post-thumbnail","6":"product_cat-cendriers","7":"product_tag-ceramique","8":"pa_motivo-cours-interieures","10":"first","11":"instock","12":"shipping-taxable","13":"product-type-simple"},"acf":[],"_links":{"self":[{"href":"https:\/\/olemosaic.com\/fr\/wp-json\/wp\/v2\/product\/29651","targetHints":{"allow":["GET"]}}],"collection":[{"href":"https:\/\/olemosaic.com\/fr\/wp-json\/wp\/v2\/product"}],"about":[{"href":"https:\/\/olemosaic.com\/fr\/wp-json\/wp\/v2\/types\/product"}],"wp:featuredmedia":[{"embeddable":true,"href":"https:\/\/olemosaic.com\/fr\/wp-json\/wp\/v2\/media\/8880"}],"wp:attachment":[{"href":"https:\/\/olemosaic.com\/fr\/wp-json\/wp\/v2\/media?parent=29651"}],"wp:term":[{"taxonomy":"product_brand","embeddable":true,"href":"https:\/\/olemosaic.com\/fr\/wp-json\/wp\/v2\/product_brand?post=29651"},{"taxonomy":"product_cat","embeddable":true,"href":"https:\/\/olemosaic.com\/fr\/wp-json\/wp\/v2\/product_cat?post=29651"},{"taxonomy":"product_tag","embeddable":true,"href":"https:\/\/olemosaic.com\/fr\/wp-json\/wp\/v2\/product_tag?post=29651"}],"curies":[{"name":"wp","href":"https:\/\/api.w.org\/{rel}","templated":true}]}}