{"id":29649,"date":"2025-02-20T23:31:17","date_gmt":"2025-02-20T22:31:17","guid":{"rendered":"http:\/\/olemosaic.com\/producto\/cenicero-de-ceramica-de-8-cm-mosaico-blanco\/"},"modified":"2025-07-25T20:32:02","modified_gmt":"2025-07-25T18:32:02","slug":"cendrier-en-ceramique-de-8-cm-mosaique-blanc","status":"publish","type":"product","link":"https:\/\/olemosaic.com\/fr\/produit\/cendrier-en-ceramique-de-8-cm-mosaique-blanc\/","title":{"rendered":"Cendrier en c\u00e9ramique de 8 cm. Mosa\u00efque. Blanc"},"content":{"rendered":"<p>Ce cendrier en c\u00e9ramique de 8 cm est une repr\u00e9sentation \u00e9vocatrice de l&rsquo;art de l&rsquo;azulejo, embl\u00e9matique de la culture espagnole. Son design vibrant pr\u00e9sente une mosa\u00efque captivante qui combine des motifs g\u00e9om\u00e9triques dans des tons brillants de rouge, bleu et orange, tous soigneusement peints \u00e0 la main, ce qui garantit que chaque pi\u00e8ce est unique et authentique. Le fond blanc rehausse l&rsquo;intensit\u00e9 des couleurs, cr\u00e9ant un contraste qui attire le regard et apporte un air festif \u00e0 n&rsquo;importe quel environnement. Ce cendrier ne remplit pas seulement sa fonction pratique, il agit \u00e9galement comme un \u00e9l\u00e9ment d\u00e9coratif \u00e9l\u00e9gant, id\u00e9al pour sublimer des pi\u00e8ces telles que les salons, les terrasses ou les restaurants.<\/p>\n<p>La c\u00e9ramique espagnole est c\u00e9l\u00e8bre pour sa riche tradition et sa ma\u00eetrise artisanale, et ce cendrier capture parfaitement cet h\u00e9ritage, en faisant un souvenir repr\u00e9sentatif et authentique de la culture espagnole. C&rsquo;est un cadeau id\u00e9al pour les touristes qui souhaitent emporter un petit morceau d&rsquo;Espagne avec eux, un souvenir de leur visite et un lien avec l&rsquo;art local. Chez Ol\u00e9 Mosaic, en tant que grossistes de souvenirs en c\u00e9ramique, nous proposons cette pi\u00e8ce unique qui non seulement embellit, mais c\u00e9l\u00e8bre \u00e9galement la diversit\u00e9 et la splendeur de la culture espagnole. Ce cendrier en mosa\u00efque est, sans aucun doute, un excellent choix pour les boutiques souhaitant proposer des souvenirs authentiques et de qualit\u00e9.<\/p>\n","protected":false},"excerpt":{"rendered":"<p>Cendrier en c\u00e9ramique de 8 cm d\u00e9cor\u00e9 d&rsquo;une mosa\u00efque vibrante qui \u00e9voque l&rsquo;esprit de l&rsquo;art de l&rsquo;azulejo typique de l&rsquo;Espagne. Son design pr\u00e9sente une vari\u00e9t\u00e9 de motifs g\u00e9om\u00e9triques dans des couleurs vives comme le rouge, le bleu et l&rsquo;orange, chacun \u00e9tant de conception artisanale et peint \u00e0 la main pour offrir une touche authentique. Cet \u00e9l\u00e9gant cendrier devient une pi\u00e8ce d\u00e9corative id\u00e9ale pour tout environnement, rehaussant l&rsquo;esth\u00e9tique traditionnelle des mosa\u00efques espagnoles.<\/p>\n","protected":false},"featured_media":8883,"template":"","meta":{"_acf_changed":false},"product_brand":[],"product_cat":[584],"product_tag":[585],"class_list":{"0":"post-29649","1":"product","2":"type-product","3":"status-publish","4":"has-post-thumbnail","6":"product_cat-cendriers","7":"product_tag-ceramique","8":"pa_motivo-mosaique","10":"first","11":"instock","12":"shipping-taxable","13":"product-type-simple"},"acf":[],"_links":{"self":[{"href":"https:\/\/olemosaic.com\/fr\/wp-json\/wp\/v2\/product\/29649","targetHints":{"allow":["GET"]}}],"collection":[{"href":"https:\/\/olemosaic.com\/fr\/wp-json\/wp\/v2\/product"}],"about":[{"href":"https:\/\/olemosaic.com\/fr\/wp-json\/wp\/v2\/types\/product"}],"wp:featuredmedia":[{"embeddable":true,"href":"https:\/\/olemosaic.com\/fr\/wp-json\/wp\/v2\/media\/8883"}],"wp:attachment":[{"href":"https:\/\/olemosaic.com\/fr\/wp-json\/wp\/v2\/media?parent=29649"}],"wp:term":[{"taxonomy":"product_brand","embeddable":true,"href":"https:\/\/olemosaic.com\/fr\/wp-json\/wp\/v2\/product_brand?post=29649"},{"taxonomy":"product_cat","embeddable":true,"href":"https:\/\/olemosaic.com\/fr\/wp-json\/wp\/v2\/product_cat?post=29649"},{"taxonomy":"product_tag","embeddable":true,"href":"https:\/\/olemosaic.com\/fr\/wp-json\/wp\/v2\/product_tag?post=29649"}],"curies":[{"name":"wp","href":"https:\/\/api.w.org\/{rel}","templated":true}]}}