{"id":29647,"date":"2025-02-20T23:31:16","date_gmt":"2025-02-20T22:31:16","guid":{"rendered":"http:\/\/olemosaic.com\/producto\/cenicero-de-ceramica-de-8-cm-toros-blanco\/"},"modified":"2025-07-25T19:27:02","modified_gmt":"2025-07-25T17:27:02","slug":"cendrier-en-ceramique-de-8-cm-taureaux-blanc","status":"publish","type":"product","link":"https:\/\/olemosaic.com\/fr\/produit\/cendrier-en-ceramique-de-8-cm-taureaux-blanc\/","title":{"rendered":"Cendrier en c\u00e9ramique de 8 cm. Taureaux. Blanc"},"content":{"rendered":"<p>Ce cendrier en c\u00e9ramique de 8 cm est une v\u00e9ritable \u0153uvre d&rsquo;art qui rend hommage \u00e0 la riche tradition culturelle espagnole. Avec une mosa\u00efque de couleurs vibrantes, le design pr\u00e9sente un taureau majestueux entour\u00e9 de fleurs \u00e9clatantes, le tout peint \u00e0 la main selon la technique du trencad\u00eds, qui souligne le savoir-faire artisanal. La base blanche du cendrier offre un contraste parfait, faisant ressortir encore davantage les tons intenses de la mosa\u00efque, ce qui cr\u00e9e une pi\u00e8ce unique et captivante.<\/p>\n<p>Le taureau, symbole embl\u00e9matique de l&rsquo;Espagne, \u00e9voque la passion et la fiert\u00e9 du folklore espagnol, repr\u00e9sentant la force et la beaut\u00e9 de cet animal iconique. \u00c0 ses c\u00f4t\u00e9s, une fleur color\u00e9e irradie d&rsquo;\u00e9nergie et de vitalit\u00e9, reliant l&rsquo;\u0153uvre \u00e0 la tradition festive du pays. Ce cendrier n&rsquo;est pas seulement fonctionnel, il agit \u00e9galement comme un souvenir authentique et repr\u00e9sentatif de l&rsquo;h\u00e9ritage culturel et artistique de l&rsquo;Espagne, id\u00e9al pour ceux qui recherchent un souvenir significatif et attrayant.<\/p>\n<p>Chez Ol\u00e9 Mosaic, nous sommes sp\u00e9cialis\u00e9s dans la distribution de souvenirs en gros, et ce cendrier est une excellente option pour les boutiques de cadeaux touristiques souhaitant proposer des produits qui capturent l&rsquo;essence du folklore espagnol. Un incontournable pour ceux qui veulent ramener un morceau de la culture espagnole chez eux, ce cendrier d\u00e9coratif est un cadeau parfait pour les amateurs d&rsquo;art et de tradition.<\/p>\n","protected":false},"excerpt":{"rendered":"<p>Cendrier en c\u00e9ramique de 8 cm, d\u00e9cor\u00e9 d&rsquo;une mosa\u00efque de couleurs vibrantes repr\u00e9sentant un taureau et une fleur \u00e9clatants. Ce cendrier attrayant, de conception artisanale et peint \u00e0 la main, se distingue par son design artistique inspir\u00e9 de la culture espagnole, combinant des \u00e9l\u00e9ments typiques avec la technique du trencad\u00eds. La base blanche souligne les tons intenses et la beaut\u00e9 du motif, en faisant un souvenir id\u00e9al qui capture l&rsquo;esprit du folklore espagnol.<\/p>\n","protected":false},"featured_media":8881,"template":"","meta":{"_acf_changed":false},"product_brand":[],"product_cat":[584],"product_tag":[530,585],"class_list":{"0":"post-29647","1":"product","2":"type-product","3":"status-publish","4":"has-post-thumbnail","6":"product_cat-cendriers","7":"product_tag-animaux","8":"product_tag-ceramique","9":"pa_motivo-taureaux","11":"first","12":"instock","13":"shipping-taxable","14":"product-type-simple"},"acf":[],"_links":{"self":[{"href":"https:\/\/olemosaic.com\/fr\/wp-json\/wp\/v2\/product\/29647","targetHints":{"allow":["GET"]}}],"collection":[{"href":"https:\/\/olemosaic.com\/fr\/wp-json\/wp\/v2\/product"}],"about":[{"href":"https:\/\/olemosaic.com\/fr\/wp-json\/wp\/v2\/types\/product"}],"wp:featuredmedia":[{"embeddable":true,"href":"https:\/\/olemosaic.com\/fr\/wp-json\/wp\/v2\/media\/8881"}],"wp:attachment":[{"href":"https:\/\/olemosaic.com\/fr\/wp-json\/wp\/v2\/media?parent=29647"}],"wp:term":[{"taxonomy":"product_brand","embeddable":true,"href":"https:\/\/olemosaic.com\/fr\/wp-json\/wp\/v2\/product_brand?post=29647"},{"taxonomy":"product_cat","embeddable":true,"href":"https:\/\/olemosaic.com\/fr\/wp-json\/wp\/v2\/product_cat?post=29647"},{"taxonomy":"product_tag","embeddable":true,"href":"https:\/\/olemosaic.com\/fr\/wp-json\/wp\/v2\/product_tag?post=29647"}],"curies":[{"name":"wp","href":"https:\/\/api.w.org\/{rel}","templated":true}]}}