{"id":29646,"date":"2025-02-20T22:31:16","date_gmt":"2025-02-20T22:31:16","guid":{"rendered":"http:\/\/olemosaic.com\/producto\/cenicero-de-ceramica-de-8-cm-salamandra-barcelona-beige\/"},"modified":"2025-07-25T19:15:16","modified_gmt":"2025-07-25T17:15:16","slug":"cendrier-en-ceramique-de-8-cm-salamandre-barcelone-beige","status":"publish","type":"product","link":"https:\/\/olemosaic.com\/fr\/produit\/cendrier-en-ceramique-de-8-cm-salamandre-barcelone-beige\/","title":{"rendered":"Cendrier en c\u00e9ramique de 8 cm. Salamandre. Barcelone. Beige"},"content":{"rendered":"<p>Ce cendrier en c\u00e9ramique de 8 cm est un v\u00e9ritable bijou artisanal qui \u00e9voque la cr\u00e9ativit\u00e9 et la couleur de Barcelone. Inspir\u00e9 par la c\u00e9l\u00e8bre salamandre de Gaud\u00ed, un symbole iconique de la ville, le cendrier pr\u00e9sente un fond blanc brillant orn\u00e9 d&rsquo;un l\u00e9zard vibrant dans les tons verts, bleus et rouges. La salamandre est d\u00e9cor\u00e9e de mosa\u00efques color\u00e9es qui refl\u00e8tent la singularit\u00e9 du modernisme catalan, tandis que de petites fleurs imprim\u00e9es en plusieurs couleurs entourent le design, apportant une touche joyeuse et fra\u00eeche.<\/p>\n<p>Le mot \u00ab Barcelone \u00bb se d\u00e9tache sur la partie sup\u00e9rieure du cendrier, soulignant sa connexion locale et en faisant un souvenir id\u00e9al pour ceux qui souhaitent ramener un morceau de la culture catalane. Le bord du cendrier, fini dans une couleur rouge vif frappante, ajoute un contraste attrayant, faisant de ce souvenir non seulement un objet fonctionnel, mais aussi une pi\u00e8ce d\u00e9corative qui capture l&rsquo;essence artistique de la ville.<\/p>\n<p>Ce cendrier repr\u00e9sente non seulement un accessoire quotidien, mais aussi un lien \u00e9motionnel avec Barcelone, une destination touristique qui inspire des millions de personnes chaque ann\u00e9e. Chez Ol\u00e9 Mosaic, nous nous sp\u00e9cialisons dans la distribution de souvenirs authentiques, et ce cendrier en c\u00e9ramique est une excellente option pour les boutiques de cadeaux touristiques qui recherchent des produits culturels avec des histoires \u00e0 raconter. Id\u00e9al pour ceux qui souhaitent un souvenir \u00e0 la fois utile et un rappel visuel de leur visite dans la charmante ville de Barcelone.<\/p>\n","protected":false},"excerpt":{"rendered":"<p>Cendrier en c\u00e9ramique de 8 cm avec un design color\u00e9 inspir\u00e9 de la c\u00e9l\u00e8bre salamandre de Gaud\u00ed \u00e0 Barcelone. Ce charmant cendrier pr\u00e9sente un fond blanc d\u00e9cor\u00e9 d&rsquo;un l\u00e9zard vibrant dans les tons verts, bleus et rouges, entour\u00e9 de fleurs imprim\u00e9es en plusieurs couleurs. Le mot \u00ab\u00a0Barcelone\u00a0\u00bb se d\u00e9tache sur le dessus, ajoutant une touche locale. Sa finition rouge brillant sur le bord rehausse son attrait, en faisant un souvenir parfait qui \u00e9voque l&rsquo;art et la culture de la ville.<\/p>\n","protected":false},"featured_media":7558,"template":"","meta":{"_acf_changed":false},"product_brand":[],"product_cat":[584],"product_tag":[530,585],"class_list":{"0":"post-29646","1":"product","2":"type-product","3":"status-publish","4":"has-post-thumbnail","6":"product_cat-cendriers","7":"product_tag-animaux","8":"product_tag-ceramique","9":"pa_ciudad-barcelona","10":"pa_motivo-salamandres","11":"pa_pais-espana","13":"first","14":"instock","15":"shipping-taxable","16":"product-type-simple"},"acf":[],"_links":{"self":[{"href":"https:\/\/olemosaic.com\/fr\/wp-json\/wp\/v2\/product\/29646","targetHints":{"allow":["GET"]}}],"collection":[{"href":"https:\/\/olemosaic.com\/fr\/wp-json\/wp\/v2\/product"}],"about":[{"href":"https:\/\/olemosaic.com\/fr\/wp-json\/wp\/v2\/types\/product"}],"wp:featuredmedia":[{"embeddable":true,"href":"https:\/\/olemosaic.com\/fr\/wp-json\/wp\/v2\/media\/7558"}],"wp:attachment":[{"href":"https:\/\/olemosaic.com\/fr\/wp-json\/wp\/v2\/media?parent=29646"}],"wp:term":[{"taxonomy":"product_brand","embeddable":true,"href":"https:\/\/olemosaic.com\/fr\/wp-json\/wp\/v2\/product_brand?post=29646"},{"taxonomy":"product_cat","embeddable":true,"href":"https:\/\/olemosaic.com\/fr\/wp-json\/wp\/v2\/product_cat?post=29646"},{"taxonomy":"product_tag","embeddable":true,"href":"https:\/\/olemosaic.com\/fr\/wp-json\/wp\/v2\/product_tag?post=29646"}],"curies":[{"name":"wp","href":"https:\/\/api.w.org\/{rel}","templated":true}]}}