{"id":29645,"date":"2025-02-20T23:31:16","date_gmt":"2025-02-20T22:31:16","guid":{"rendered":"http:\/\/olemosaic.com\/producto\/cenicero-de-ceramica-de-8-cm-lisboa-blanco\/"},"modified":"2025-07-25T18:33:33","modified_gmt":"2025-07-25T16:33:33","slug":"cendrier-en-ceramique-de-8-cm-lisbonne-blanc","status":"publish","type":"product","link":"https:\/\/olemosaic.com\/fr\/produit\/cendrier-en-ceramique-de-8-cm-lisbonne-blanc\/","title":{"rendered":"Cendrier en c\u00e9ramique de 8 cm. Lisbonne. Blanc"},"content":{"rendered":"<p>Ce cendrier en c\u00e9ramique de 8 cm est un souvenir vibrant de Lisbonne qui capture l&rsquo;essence de la ville \u00e0 travers son \u00e9l\u00e9gant design peint \u00e0 la main. Avec un fond bleu intense \u00e9voquant les azulejos typiques portugais, la pi\u00e8ce pr\u00e9sente l&rsquo;image du c\u00e9l\u00e8bre tramway 28, un symbole iconique des rues pav\u00e9es de Lisbonne. Entour\u00e9 de b\u00e2timents embl\u00e9matiques color\u00e9s, le cendrier montre des d\u00e9tails architecturaux qui refl\u00e8tent la riche histoire et la culture qui caract\u00e9risent la capitale portugaise.<\/p>\n<p>Le tramway, connu pour sa couleur jaune distinctive, occupe une place centrale dans le design, compl\u00e9t\u00e9 par les tons chauds des b\u00e2timents qui \u00e9voquent l&rsquo;\u00e2me de ce lieu si singulier. Ce cendrier ne sert pas seulement d&rsquo;accessoire fonctionnel, il agit \u00e9galement comme un rappel artistique de Lisbonne, id\u00e9al pour ceux qui souhaitent ramener un morceau de leur voyage.<\/p>\n<p>Chez Ol\u00e9 Mosaic, nous sommes fiers de proposer des souvenirs authentiques qui mettent en valeur la richesse culturelle de l&rsquo;Espagne et du Portugal. Ce cendrier est une excellente option pour les boutiques de cadeaux touristiques \u00e0 la recherche de produits distinctifs et de qualit\u00e9. Parfait pour les touristes, ce cendrier de Lisbonne allie utilit\u00e9 et beaut\u00e9, devenant un souvenir m\u00e9morable qui enrichira n&rsquo;importe quel espace.<\/p>\n","protected":false},"excerpt":{"rendered":"<p>Cendrier en c\u00e9ramique de 8 cm, d\u00e9cor\u00e9 d&rsquo;une illustration color\u00e9e de Lisbonne. Sur un fond bleu vibrant, ce cendrier pr\u00e9sente l&rsquo;iconique tramway 28, typique de la ville, entour\u00e9 de b\u00e2timents embl\u00e9matiques et de d\u00e9tails architecturaux. Le design artisanal, peint \u00e0 la main, capture l&rsquo;essence culturelle de Lisbonne, ajoutant une touche artistique \u00e0 sa fonctionnalit\u00e9. Id\u00e9al comme souvenir ou pour apporter un style unique \u00e0 n&rsquo;importe quel espace.<\/p>\n","protected":false},"featured_media":9911,"template":"","meta":{"_acf_changed":false},"product_brand":[],"product_cat":[584],"product_tag":[585],"class_list":{"0":"post-29645","1":"product","2":"type-product","3":"status-publish","4":"has-post-thumbnail","6":"product_cat-cendriers","7":"product_tag-ceramique","8":"pa_ciudad-lisboa","9":"pa_pais-portugal","11":"first","12":"instock","13":"shipping-taxable","14":"product-type-simple"},"acf":[],"_links":{"self":[{"href":"https:\/\/olemosaic.com\/fr\/wp-json\/wp\/v2\/product\/29645","targetHints":{"allow":["GET"]}}],"collection":[{"href":"https:\/\/olemosaic.com\/fr\/wp-json\/wp\/v2\/product"}],"about":[{"href":"https:\/\/olemosaic.com\/fr\/wp-json\/wp\/v2\/types\/product"}],"wp:featuredmedia":[{"embeddable":true,"href":"https:\/\/olemosaic.com\/fr\/wp-json\/wp\/v2\/media\/9911"}],"wp:attachment":[{"href":"https:\/\/olemosaic.com\/fr\/wp-json\/wp\/v2\/media?parent=29645"}],"wp:term":[{"taxonomy":"product_brand","embeddable":true,"href":"https:\/\/olemosaic.com\/fr\/wp-json\/wp\/v2\/product_brand?post=29645"},{"taxonomy":"product_cat","embeddable":true,"href":"https:\/\/olemosaic.com\/fr\/wp-json\/wp\/v2\/product_cat?post=29645"},{"taxonomy":"product_tag","embeddable":true,"href":"https:\/\/olemosaic.com\/fr\/wp-json\/wp\/v2\/product_tag?post=29645"}],"curies":[{"name":"wp","href":"https:\/\/api.w.org\/{rel}","templated":true}]}}